{"id":51445,"date":"2023-05-02T21:17:59","date_gmt":"2023-05-02T21:17:59","guid":{"rendered":"https:\/\/myonlineporn.com\/dmca\/"},"modified":"2023-09-13T10:03:00","modified_gmt":"2023-09-13T10:03:00","slug":"dmca","status":"publish","type":"page","link":"https:\/\/myonlineporn.com\/cs\/dmca\/","title":{"rendered":"DMCA"},"content":{"rendered":"\n<section class=\"generic-content vertical-padding\">\n    <div class=\"container\">\n                    <h1 class=\"generic-content_title heading-secondary\">DMCA &#8211; MYONLINEPORN.COM<\/h1>\n                <div class=\"generic_content_wrapper\">\n            <div class=\"rich-text-content\">\n                <p><span style=\"font-weight: 400;\">Pokyny pro ozn\u00e1men\u00ed poru\u0161en\u00ed autorsk\u00fdch pr\u00e1v<\/span><\/p>\n<p><span style=\"font-weight: 400;\">D\u011bkujeme, \u017ee jste nav\u0161t\u00edvili na\u0161e webov\u00e9 str\u00e1nky (MyOnlinePorn.com). Tyto pokyny pro ozn\u00e1men\u00ed poru\u0161en\u00ed autorsk\u00fdch pr\u00e1v se t\u00fdkaj\u00ed pouze n\u00e1rok\u016f souvisej\u00edc\u00edch s autorsk\u00fdmi pr\u00e1vy. Pokud m\u00e1te jak\u00e9koli p\u0159ipom\u00ednky, dotazy, obavy nebo probl\u00e9my t\u00fdkaj\u00edc\u00ed se zneu\u017e\u00edv\u00e1n\u00ed, obt\u011b\u017eov\u00e1n\u00ed, nevhodn\u00e9ho obsahu nebo ochrany osobn\u00edch \u00fadaj\u016f <\/span>,<a href=\"mailto:maurice@myonlineporn.com\"><span style=\"font-weight: 400;\">kontaktujte n\u00e1s<\/span><\/a><span style=\"font-weight: 400;\">pros\u00edm <\/span><span style=\"font-weight: 400;\">.<\/span><\/p>\n<p>&nbsp;<\/p>\n<p><span style=\"font-weight: 400;\">Pou\u017e\u00edv\u00e1n\u00edm str\u00e1nek MyOnlinePorn.com souhlas\u00edte s t\u00edm, \u017ee jste se poradili s pr\u00e1vn\u00edkem podle vlastn\u00edho v\u00fdb\u011bru a na vlastn\u00ed n\u00e1klady, abyste pln\u011b porozum\u011bli v\u0161em sv\u00fdm z\u00e1konn\u00fdm pr\u00e1v\u016fm a povinnostem v d\u016fsledku pou\u017e\u00edv\u00e1n\u00ed t\u011bchto webov\u00fdch str\u00e1nek a t\u011bchto pokyn\u016f pro oznamov\u00e1n\u00ed poru\u0161en\u00ed autorsk\u00fdch pr\u00e1v.<\/span><\/p>\n<p>&nbsp;<\/p>\n<p><strong>UPOZORN\u011aN\u00cd: PODLE 17 U.S.C. \u00a7 512(f) M\u016e\u017dE B\u00ddT KA\u017dD\u00c1 OSOBA, KTER\u00c1 V\u011aDOM\u011a MATERI\u00c1L NESPR\u00c1VN\u011a UVE\u0158EJN\u00cd, \u017dE JEJ\u00cd MATERI\u00c1L NEBO \u010cINNOST JE PORU\u0160OV\u00c1N\u00cdM AUTORSK\u00ddCH PR\u00c1V, PODM\u00cdN\u011aNA ODPOV\u011aDNOST\u00cd NEBO \u0160KODAMI. NEUV\u00c1D\u011aJTE NEPRAVDIV\u00c1 TVRZEN\u00cd O PORU\u0160EN\u00cd AUTORSK\u00ddCH PR\u00c1V.<\/strong><\/p>\n<p>&nbsp;<\/p>\n<p><span style=\"font-weight: 400;\">Pokud si p\u0159ejete prostudovat \u00fapln\u00e9 zn\u011bn\u00ed z\u00e1kona Digital Millennium Copyright Act (&#8222;DMCA&#8220;), m\u016f\u017eete kliknout <\/span><a href=\"http:\/\/www.law.cornell.edu\/uscode\/text\/17\/512\" target=\"_blank\" rel=\"noopener\"><span style=\"font-weight: 400;\">ZDE<\/span><\/a>,<span style=\"font-weight: 400;\"> nebo pokud si p\u0159ejete prostudovat memorandum shrnuj\u00edc\u00ed jednotliv\u00e9 hlavy DMCA, m\u016f\u017eete kliknout <\/span><a href=\"http:\/\/www.copyright.gov\/legislation\/dmca.pdf\" target=\"_blank\" rel=\"noopener\"><span style=\"font-weight: 400;\">ZDE<\/span><\/a><span style=\"font-weight: 400;\">. Informace obsa\u017een\u00e9 na v\u00fd\u0161e uveden\u00fdch odkazovan\u00fdch webov\u00fdch str\u00e1nk\u00e1ch slou\u017e\u00ed pouze pro va\u0161e pohodl\u00ed a neposkytujeme \u017e\u00e1dn\u00e9 sliby ani prohl\u00e1\u0161en\u00ed t\u00fdkaj\u00edc\u00ed se informac\u00ed v nich obsa\u017een\u00fdch, v\u010detn\u011b jejich p\u0159esnosti.<\/span><\/p>\n<p>&nbsp;<\/p>\n<p><span style=\"font-weight: 400;\">Podle 17 U.S.C. \u00a7512(k)(1) DMCA je MyOnlinePorn.com &#8222;Poskytovatelem slu\u017eeb&#8220; a m\u00e1 n\u00e1rok na ur\u010ditou ochranu, kter\u00e1 se b\u011b\u017en\u011b ozna\u010duje jako ustanoven\u00ed &#8222;bezpe\u010dn\u00e9ho p\u0159\u00edstavu&#8220;.<\/span><\/p>\n<p>&nbsp;<\/p>\n<h2><span style=\"font-weight: 400;\">Tvrzen\u00ed o poru\u0161en\u00ed pr\u00e1v &#8211;<\/span><\/h2>\n<p>&nbsp;<\/p>\n<p><span style=\"font-weight: 400;\">Pokud se domn\u00edv\u00e1te, \u017ee n\u011bkdo zve\u0159ejnil materi\u00e1l, kter\u00fd poru\u0161uje va\u0161e autorsk\u00e1 pr\u00e1va, ozn\u00e1men\u00ed o \u00fadajn\u00e9m poru\u0161en\u00ed autorsk\u00fdch pr\u00e1v n\u00e1m mus\u00edte zaslat e-mailem nebo po\u0161tou a mus\u00ed obsahovat n\u00e1sleduj\u00edc\u00ed informace (n\u00ed\u017ee uveden\u00fd seznam poch\u00e1z\u00ed v podstat\u011b p\u0159\u00edmo ze z\u00e1kona 17 U.S.C. \u00a7512(c)(3); pokud tomuto jazyku nerozum\u00edte, vyhledejte pros\u00edm nez\u00e1vislou pr\u00e1vn\u00ed radu):<\/span><\/p>\n<p>&nbsp;<\/p>\n<p><span style=\"font-weight: 400;\">Fyzick\u00fd nebo elektronick\u00fd podpis osoby opr\u00e1vn\u011bn\u00e9 jednat jm\u00e9nem vlastn\u00edka v\u00fdlu\u010dn\u00e9ho pr\u00e1va, kter\u00e9 je \u00fadajn\u011b poru\u0161eno;<\/span><\/p>\n<p><span style=\"font-weight: 400;\">identifikace d\u00edla chr\u00e1n\u011bn\u00e9ho autorsk\u00fdm pr\u00e1vem, kter\u00e9 bylo \u00fadajn\u011b poru\u0161eno, nebo, pokud se jedno ozn\u00e1men\u00ed t\u00fdk\u00e1 v\u00edce d\u011bl chr\u00e1n\u011bn\u00fdch autorsk\u00fdm pr\u00e1vem na jedn\u00e9 internetov\u00e9 str\u00e1nce, reprezentativn\u00ed seznam t\u011bchto d\u011bl na t\u00e9to str\u00e1nce;<\/span><\/p>\n<p><span style=\"font-weight: 400;\">identifikace materi\u00e1lu, kter\u00fd \u00fadajn\u011b poru\u0161uje autorsk\u00e1 pr\u00e1va nebo je p\u0159edm\u011btem \u010dinnosti poru\u0161uj\u00edc\u00ed autorsk\u00e1 pr\u00e1va a kter\u00fd m\u00e1 b\u00fdt odstran\u011bn nebo k n\u011bmu\u017e m\u00e1 b\u00fdt znemo\u017en\u011bn p\u0159\u00edstup, a informace p\u0159im\u011b\u0159en\u011b dosta\u010duj\u00edc\u00ed k tomu, aby poskytovatel slu\u017eeb mohl tento materi\u00e1l vyhledat;<\/span><\/p>\n<p><span style=\"font-weight: 400;\">informace dostate\u010dn\u00e9 k tomu, aby poskytovatel slu\u017eeb mohl kontaktovat st\u011b\u017euj\u00edc\u00ed si stranu, nap\u0159\u00edklad adresu, telefonn\u00ed \u010d\u00edslo a, pokud je k dispozici, adresu elektronick\u00e9 po\u0161ty, na kter\u00e9 lze st\u011b\u017euj\u00edc\u00ed si stranu kontaktovat;<\/span><\/p>\n<p><span style=\"font-weight: 400;\">prohl\u00e1\u0161en\u00ed, \u017ee st\u011b\u017euj\u00edc\u00ed si strana je v dobr\u00e9 v\u00ed\u0159e p\u0159esv\u011bd\u010dena, \u017ee pou\u017eit\u00ed materi\u00e1lu zp\u016fsobem, na kter\u00fd si st\u011b\u017euje, nen\u00ed povoleno vlastn\u00edkem autorsk\u00fdch pr\u00e1v, jeho z\u00e1stupcem nebo z\u00e1konem;<\/span><\/p>\n<p><span style=\"font-weight: 400;\">prohl\u00e1\u0161en\u00ed, \u017ee informace v ozn\u00e1men\u00ed jsou p\u0159esn\u00e9, a pod trestem k\u0159iv\u00e9 p\u0159\u00edsahy, \u017ee strana pod\u00e1vaj\u00edc\u00ed st\u00ed\u017enost je opr\u00e1vn\u011bna jednat jm\u00e9nem vlastn\u00edka v\u00fdhradn\u00edho pr\u00e1va, kter\u00e9 je \u00fadajn\u011b poru\u0161eno;<\/span><\/p>\n<p>&nbsp;<\/p>\n<p><span style=\"font-weight: 400;\">Sv\u00e9 tvrzen\u00ed o poru\u0161en\u00ed pr\u00e1v za\u0161lete na adresu: maurice@myonlineporn.com.<\/span><\/p>\n<p>&nbsp;<\/p>\n<p><span style=\"font-weight: 400;\">Neodevzd\u00e1n\u00ed ozn\u00e1men\u00ed o poru\u0161en\u00ed autorsk\u00fdch pr\u00e1v, jak je pops\u00e1no v\u00fd\u0161e, nebude m\u00edt za n\u00e1sledek \u017e\u00e1dn\u00e9 pr\u00e1vn\u00ed upozorn\u011bn\u00ed nebo kroky ze strany t\u00fdmu MyOnlinePorn.com.<\/span><\/p>\n<p>&nbsp;<\/p>\n<h2><span style=\"font-weight: 400;\">Protin\u00e1vrh na poru\u0161en\u00ed pr\u00e1v &#8211;<\/span><\/h2>\n<p>&nbsp;<\/p>\n<p><span style=\"font-weight: 400;\">Pokud jste obdr\u017eeli ozn\u00e1men\u00ed o poru\u0161en\u00ed autorsk\u00fdch pr\u00e1v a m\u00e1te pocit, \u017ee materi\u00e1l, kter\u00fd jste um\u00edstili online a kter\u00fd byl odstran\u011bn na z\u00e1klad\u011b st\u00ed\u017enosti na poru\u0161en\u00ed autorsk\u00fdch pr\u00e1v, ve skute\u010dnosti nen\u00ed poru\u0161en\u00edm, m\u016f\u017eete podat protin\u00e1vrh. Podle \u00a7 512 p\u00edsm. g) odst. 3 z\u00e1kona 17 U.S.C. mus\u00ed b\u00fdt protin\u00e1vrh platn\u00fd, mus\u00ed b\u00fdt p\u00edsemn\u00fd a adresovan\u00fd na\u0161emu ur\u010den\u00e9mu z\u00e1stupci (uveden\u00e9mu v\u00fd\u0161e) a mus\u00ed obsahovat n\u00e1sleduj\u00edc\u00ed informace (n\u00ed\u017ee uveden\u00fd seznam poch\u00e1z\u00ed p\u0159\u00edmo ze z\u00e1kona; pokud jazyku nerozum\u00edte, vyhledejte nez\u00e1visl\u00e9ho poradce):<\/span><\/p>\n<p>&nbsp;<\/p>\n<p><span style=\"font-weight: 400;\">MyOnlinePorn.com odstranil nebo k n\u011bmu zak\u00e1zal p\u0159\u00edstup;<\/span><\/p>\n<p><span style=\"font-weight: 400;\">Va\u0161e cel\u00e9 jm\u00e9no, adresa, telefonn\u00ed \u010d\u00edslo a e-mailov\u00e1 adresa.<\/span><\/p>\n<p><span style=\"font-weight: 400;\">Prohl\u00e1\u0161en\u00ed: &#8222;Souhlas\u00edm s jurisdikc\u00ed feder\u00e1ln\u00edho okresn\u00edho soudu pro okres, ve kter\u00e9m se nach\u00e1z\u00ed moje adresa, nebo pokud je moje adresa mimo Spojen\u00e9 st\u00e1ty, soudn\u00edho okresu, ve kter\u00e9m se nach\u00e1z\u00ed webov\u00e1 str\u00e1nka, a p\u0159ij\u00edm\u00e1m doru\u010dov\u00e1n\u00ed soudn\u00edch p\u00edsemnost\u00ed od \u017ealobce.&#8220;;<\/span><\/p>\n<p><span style=\"font-weight: 400;\">Prohl\u00e1\u0161en\u00ed: &#8222;P\u0159\u00edsah\u00e1m pod trestem k\u0159iv\u00e9 p\u0159\u00edsahy, \u017ee jsem v dobr\u00e9 v\u00ed\u0159e p\u0159esv\u011bd\u010den, \u017ee materi\u00e1l byl odstran\u011bn nebo zak\u00e1z\u00e1n v d\u016fsledku omylu nebo nespr\u00e1vn\u00e9 identifikace materi\u00e1lu, kter\u00fd m\u00e1 b\u00fdt odstran\u011bn nebo zak\u00e1z\u00e1n&#8220;; a<\/span><\/p>\n<p><span style=\"font-weight: 400;\">Podpis. Akceptov\u00e1n bude naskenovan\u00fd fyzick\u00fd podpis nebo platn\u00fd elektronick\u00fd podpis.<\/span><\/p>\n<p><span style=\"font-weight: 400;\">N\u00e1\u0161 ur\u010den\u00fd z\u00e1stupce p\u0159edlo\u017e\u00ed va\u0161e protin\u00e1vrh st\u011b\u017euj\u00edc\u00ed si stran\u011b. Po doru\u010den\u00ed va\u0161eho protin\u00e1vrhu m\u016f\u017ee spole\u010dnost MyOnlinePorn.com podle ustanoven\u00ed 17 U.S.C. \u00a7512 odstran\u011bn\u00fd materi\u00e1l obnovit nejpozd\u011bji do 10 a nejpozd\u011bji do 14 pracovn\u00edch dn\u016f, pokud n\u00e1m st\u011b\u017euj\u00edc\u00ed si strana neozn\u00e1m\u00ed, \u017ee podala \u017ealobu na soudn\u00ed p\u0159\u00edkaz, kter\u00fd by v\u00e1m, p\u0159edplatiteli, zak\u00e1zal vykon\u00e1vat \u010dinnost poru\u0161uj\u00edc\u00ed autorsk\u00e1 pr\u00e1va v souvislosti s t\u00edmto materi\u00e1lem v syst\u00e9mu nebo s\u00edti MyOnlinePorn.com.<\/span><\/p>\n<p>&nbsp;<\/p>\n<p><span style=\"font-weight: 400;\">Vezm\u011bte pros\u00edm na v\u011bdom\u00ed, \u017ee kdy\u017e p\u0159ed\u00e1v\u00e1me protiozn\u00e1men\u00ed \u017daluj\u00edc\u00ed stran\u011b, obsahuje va\u0161e osobn\u00ed \u00fadaje. Odesl\u00e1n\u00edm protiozn\u00e1men\u00ed souhlas\u00edte s t\u00edm, \u017ee va\u0161e \u00fadaje budou t\u00edmto zp\u016fsobem zve\u0159ejn\u011bny.<\/span><\/p>\n<p>&nbsp;<\/p>\n<p><span style=\"font-weight: 400;\">Spole\u010dnost MyOnlinePorn.com nen\u00ed povinna reagovat na protin\u00e1vrhy, kter\u00e9 nespl\u0148uj\u00ed v\u00fd\u0161e uveden\u00e9 po\u017eadavky.<\/span><\/p>\n<p>&nbsp;<\/p>\n<h2><span style=\"font-weight: 400;\">Odvol\u00e1n\u00ed tvrzen\u00ed o poru\u0161en\u00ed pr\u00e1v &#8211;<\/span><\/h2>\n<p>&nbsp;<\/p>\n<p><span style=\"font-weight: 400;\">V p\u0159\u00edpad\u011b, \u017ee si po odesl\u00e1n\u00ed Ozn\u00e1men\u00ed o poru\u0161en\u00ed autorsk\u00fdch pr\u00e1v uv\u011bdom\u00edte, \u017ee jste bu\u010f \u0161patn\u011b identifikovali obsah, nesplnili po\u017eadavky DMCA, nebo \u017ee jste prost\u011b zm\u011bnili n\u00e1zor, m\u016f\u017eete sv\u00e9 Ozn\u00e1men\u00ed o poru\u0161en\u00ed autorsk\u00fdch pr\u00e1v vz\u00edt zp\u011bt zasl\u00e1n\u00edm Ozn\u00e1men\u00ed o zp\u011btvzet\u00ed se v\u0161emi n\u00e1sleduj\u00edc\u00edmi \u00fadaji:<\/span><\/p>\n<p>&nbsp;<\/p>\n<p><span style=\"font-weight: 400;\">Prohl\u00e1\u0161en\u00ed, ve kter\u00e9m uvedete, \u017ee berete zp\u011bt sv\u00e9 ozn\u00e1men\u00ed o poru\u0161en\u00ed autorsk\u00fdch pr\u00e1v;<\/span><\/p>\n<p><span style=\"font-weight: 400;\">\u00faplnou a konkr\u00e9tn\u00ed adresu URL dan\u00e9ho materi\u00e1lu;<\/span><\/p>\n<p><span style=\"font-weight: 400;\">elektronick\u00fd podpis a<\/span><\/p>\n<p><span style=\"font-weight: 400;\">kopii p\u016fvodn\u00edho ozn\u00e1men\u00ed o poru\u0161en\u00ed autorsk\u00fdch pr\u00e1v.<\/span><\/p>\n<p><span style=\"font-weight: 400;\">Opakovan\u00e9 poru\u0161en\u00ed &#8211;<\/span><\/p>\n<p>&nbsp;<\/p>\n<p><span style=\"font-weight: 400;\">Spole\u010dnost MyOnlinePorn.com v p\u0159\u00edpad\u011b pot\u0159eby ukon\u010d\u00ed \u00fa\u010det(y) jak\u00e9hokoli opakovan\u00e9ho poru\u0161ovatele autorsk\u00fdch pr\u00e1v a udr\u017euje z\u00e1sady pro opakovan\u00e9 poru\u0161ov\u00e1n\u00ed autorsk\u00fdch pr\u00e1v podle 17 U.S.C. \u00a7 512(i).<\/span><\/p>\n<p>&nbsp;<\/p>\n<p><span style=\"font-weight: 400;\">* * *<\/span><\/p>\n<p>&nbsp;<\/p>\n<p><span style=\"font-weight: 400;\">Tyto pokyny pro oznamov\u00e1n\u00ed poru\u0161ov\u00e1n\u00ed autorsk\u00fdch pr\u00e1v mohou b\u00fdt a budou \u010das od \u010dasu upravov\u00e1ny bez p\u0159edchoz\u00edho upozorn\u011bn\u00ed. Za pravidelnou kontrolu t\u011bchto Pokyn\u016f pro oznamov\u00e1n\u00ed poru\u0161en\u00ed autorsk\u00fdch pr\u00e1v jste odpov\u011bdn\u00ed v\u00fdhradn\u011b vy.<\/span><\/p>\n<p>&nbsp;<\/p>\n            <\/div>\n        <\/div>\n    <\/div>\n<\/section>","protected":false},"excerpt":{"rendered":"","protected":false},"author":2,"featured_media":0,"parent":0,"menu_order":0,"comment_status":"closed","ping_status":"closed","template":"","meta":{"_acf_changed":false,"footnotes":""},"class_list":["post-51445","page","type-page","status-publish","hentry"],"acf":[],"rankMath":{"parentDomain":"myonlineporn.com","noFollowDomains":[],"noFollowExcludeDomains":[],"noFollowExternalLinks":false,"featuredImageNotice":"Doporu\u010den\u00fd obr\u00e1zek by m\u011bl b\u00fdt alespo\u0148 200 x 200 pixel\u016f, aby jej bylo mo\u017en\u00e9 zachytit na Facebooku a na jin\u00fdch soci\u00e1ln\u00edch s\u00edt\u00edch.","pluginReviewed":false,"postSettings":{"linkSuggestions":true,"useFocusKeyword":false},"frontEndScore":false,"postName":"dmca","permalinkFormat":"https:\/\/myonlineporn.com\/cs\/%pagename%\/","showLockModifiedDate":true,"assessor":{"focusKeywordLink":"https:\/\/myonlineporn.com\/wp-admin\/edit.php?focus_keyword=%focus_keyword%&post_type=%post_type%","hasTOCPlugin":false,"primaryTaxonomy":false,"serpData":{"title":"","description":"","focusKeywords":"","pillarContent":false,"canonicalUrl":"","breadcrumbTitle":"","advancedRobots":{"max-snippet":"-1","max-video-preview":"-1","max-image-preview":"large"},"facebookTitle":"","facebookDescription":"","facebookImage":"","facebookImageID":"","facebookHasOverlay":false,"facebookImageOverlay":"","facebookAuthor":"","twitterCardType":"","twitterUseFacebook":true,"twitterTitle":"","twitterDescription":"","twitterImage":"","twitterImageID":"","twitterHasOverlay":false,"twitterImageOverlay":"","twitterPlayerUrl":"","twitterPlayerSize":"","twitterPlayerStream":"","twitterPlayerStreamCtype":"","twitterAppDescription":"","twitterAppIphoneName":"","twitterAppIphoneID":"","twitterAppIphoneUrl":"","twitterAppIpadName":"","twitterAppIpadID":"","twitterAppIpadUrl":"","twitterAppGoogleplayName":"","twitterAppGoogleplayID":"","twitterAppGoogleplayUrl":"","twitterAppCountry":"","robots":{"index":true},"twitterAuthor":"u\u017eivatelsk\u00e9 jm\u00e9no","primaryTerm":0,"authorName":"Maurice","titleTemplate":"%title% %page% %sep% %sitename%","descriptionTemplate":"%excerpt%","showScoreFrontend":true,"lockModifiedDate":false},"powerWords":[],"diacritics":{"A":"[\\u0041\\u24B6\\uFF21\\u00C0\\u00C1\\u00C2\\u1EA6\\u1EA4\\u1EAA\\u1EA8\\u00C3\\u0100\\u0102\\u1EB0\\u1EAE\\u1EB4\\u1EB2\\u0226\\u01E0\\u00C4\\u01DE\\u1EA2\\u00C5\\u01FA\\u01CD\\u0200\\u0202\\u1EA0\\u1EAC\\u1EB6\\u1E00\\u0104\\u023A\\u2C6F]","AA":"[\\uA732]","AE":"[\\u00C6\\u01FC\\u01E2]","AO":"[\\uA734]","AU":"[\\uA736]","AV":"[\\uA738\\uA73A]","AY":"[\\uA73C]","B":"[\\u0042\\u24B7\\uFF22\\u1E02\\u1E04\\u1E06\\u0243\\u0182\\u0181]","C":"[\\u0043\\u24B8\\uFF23\\u0106\\u0108\\u010A\\u010C\\u00C7\\u1E08\\u0187\\u023B\\uA73E]","D":"[\\u0044\\u24B9\\uFF24\\u1E0A\\u010E\\u1E0C\\u1E10\\u1E12\\u1E0E\\u0110\\u018B\\u018A\\u0189\\uA779]","DZ":"[\\u01F1\\u01C4]","Dz":"[\\u01F2\\u01C5]","E":"[\\u0045\\u24BA\\uFF25\\u00C8\\u00C9\\u00CA\\u1EC0\\u1EBE\\u1EC4\\u1EC2\\u1EBC\\u0112\\u1E14\\u1E16\\u0114\\u0116\\u00CB\\u1EBA\\u011A\\u0204\\u0206\\u1EB8\\u1EC6\\u0228\\u1E1C\\u0118\\u1E18\\u1E1A\\u0190\\u018E]","F":"[\\u0046\\u24BB\\uFF26\\u1E1E\\u0191\\uA77B]","G":"[\\u0047\\u24BC\\uFF27\\u01F4\\u011C\\u1E20\\u011E\\u0120\\u01E6\\u0122\\u01E4\\u0193\\uA7A0\\uA77D\\uA77E]","H":"[\\u0048\\u24BD\\uFF28\\u0124\\u1E22\\u1E26\\u021E\\u1E24\\u1E28\\u1E2A\\u0126\\u2C67\\u2C75\\uA78D]","I":"[\\u0049\\u24BE\\uFF29\\u00CC\\u00CD\\u00CE\\u0128\\u012A\\u012C\\u0130\\u00CF\\u1E2E\\u1EC8\\u01CF\\u0208\\u020A\\u1ECA\\u012E\\u1E2C\\u0197]","J":"[\\u004A\\u24BF\\uFF2A\\u0134\\u0248]","K":"[\\u004B\\u24C0\\uFF2B\\u1E30\\u01E8\\u1E32\\u0136\\u1E34\\u0198\\u2C69\\uA740\\uA742\\uA744\\uA7A2]","L":"[\\u004C\\u24C1\\uFF2C\\u013F\\u0139\\u013D\\u1E36\\u1E38\\u013B\\u1E3C\\u1E3A\\u0141\\u023D\\u2C62\\u2C60\\uA748\\uA746\\uA780]","LJ":"[\\u01C7]","Lj":"[\\u01C8]","M":"[\\u004D\\u24C2\\uFF2D\\u1E3E\\u1E40\\u1E42\\u2C6E\\u019C]","N":"[\\u004E\\u24C3\\uFF2E\\u01F8\\u0143\\u00D1\\u1E44\\u0147\\u1E46\\u0145\\u1E4A\\u1E48\\u0220\\u019D\\uA790\\uA7A4]","NJ":"[\\u01CA]","Nj":"[\\u01CB]","O":"[\\u004F\\u24C4\\uFF2F\\u00D2\\u00D3\\u00D4\\u1ED2\\u1ED0\\u1ED6\\u1ED4\\u00D5\\u1E4C\\u022C\\u1E4E\\u014C\\u1E50\\u1E52\\u014E\\u022E\\u0230\\u00D6\\u022A\\u1ECE\\u0150\\u01D1\\u020C\\u020E\\u01A0\\u1EDC\\u1EDA\\u1EE0\\u1EDE\\u1EE2\\u1ECC\\u1ED8\\u01EA\\u01EC\\u00D8\\u01FE\\u0186\\u019F\\uA74A\\uA74C]","OI":"[\\u01A2]","OO":"[\\uA74E]","OU":"[\\u0222]","P":"[\\u0050\\u24C5\\uFF30\\u1E54\\u1E56\\u01A4\\u2C63\\uA750\\uA752\\uA754]","Q":"[\\u0051\\u24C6\\uFF31\\uA756\\uA758\\u024A]","R":"[\\u0052\\u24C7\\uFF32\\u0154\\u1E58\\u0158\\u0210\\u0212\\u1E5A\\u1E5C\\u0156\\u1E5E\\u024C\\u2C64\\uA75A\\uA7A6\\uA782]","S":"[\\u0053\\u24C8\\uFF33\\u1E9E\\u015A\\u1E64\\u015C\\u1E60\\u0160\\u1E66\\u1E62\\u1E68\\u0218\\u015E\\u2C7E\\uA7A8\\uA784]","T":"[\\u0054\\u24C9\\uFF34\\u1E6A\\u0164\\u1E6C\\u021A\\u0162\\u1E70\\u1E6E\\u0166\\u01AC\\u01AE\\u023E\\uA786]","TZ":"[\\uA728]","U":"[\\u0055\\u24CA\\uFF35\\u00D9\\u00DA\\u00DB\\u0168\\u1E78\\u016A\\u1E7A\\u016C\\u00DC\\u01DB\\u01D7\\u01D5\\u01D9\\u1EE6\\u016E\\u0170\\u01D3\\u0214\\u0216\\u01AF\\u1EEA\\u1EE8\\u1EEE\\u1EEC\\u1EF0\\u1EE4\\u1E72\\u0172\\u1E76\\u1E74\\u0244]","V":"[\\u0056\\u24CB\\uFF36\\u1E7C\\u1E7E\\u01B2\\uA75E\\u0245]","VY":"[\\uA760]","W":"[\\u0057\\u24CC\\uFF37\\u1E80\\u1E82\\u0174\\u1E86\\u1E84\\u1E88\\u2C72]","X":"[\\u0058\\u24CD\\uFF38\\u1E8A\\u1E8C]","Y":"[\\u0059\\u24CE\\uFF39\\u1EF2\\u00DD\\u0176\\u1EF8\\u0232\\u1E8E\\u0178\\u1EF6\\u1EF4\\u01B3\\u024E\\u1EFE]","Z":"[\\u005A\\u24CF\\uFF3A\\u0179\\u1E90\\u017B\\u017D\\u1E92\\u1E94\\u01B5\\u0224\\u2C7F\\u2C6B\\uA762]","a":"[\\u0061\\u24D0\\uFF41\\u1E9A\\u00E0\\u00E1\\u00E2\\u1EA7\\u1EA5\\u1EAB\\u1EA9\\u00E3\\u0101\\u0103\\u1EB1\\u1EAF\\u1EB5\\u1EB3\\u0227\\u01E1\\u00E4\\u01DF\\u1EA3\\u00E5\\u01FB\\u01CE\\u0201\\u0203\\u1EA1\\u1EAD\\u1EB7\\u1E01\\u0105\\u2C65\\u0250]","aa":"[\\uA733]","ae":"[\\u00E6\\u01FD\\u01E3]","ao":"[\\uA735]","au":"[\\uA737]","av":"[\\uA739\\uA73B]","ay":"[\\uA73D]","b":"[\\u0062\\u24D1\\uFF42\\u1E03\\u1E05\\u1E07\\u0180\\u0183\\u0253]","c":"[\\u0063\\u24D2\\uFF43\\u0107\\u0109\\u010B\\u010D\\u00E7\\u1E09\\u0188\\u023C\\uA73F\\u2184]","d":"[\\u0064\\u24D3\\uFF44\\u1E0B\\u010F\\u1E0D\\u1E11\\u1E13\\u1E0F\\u0111\\u018C\\u0256\\u0257\\uA77A]","dz":"[\\u01F3\\u01C6]","e":"[\\u0065\\u24D4\\uFF45\\u00E8\\u00E9\\u00EA\\u1EC1\\u1EBF\\u1EC5\\u1EC3\\u1EBD\\u0113\\u1E15\\u1E17\\u0115\\u0117\\u00EB\\u1EBB\\u011B\\u0205\\u0207\\u1EB9\\u1EC7\\u0229\\u1E1D\\u0119\\u1E19\\u1E1B\\u0247\\u025B\\u01DD]","f":"[\\u0066\\u24D5\\uFF46\\u1E1F\\u0192\\uA77C]","g":"[\\u0067\\u24D6\\uFF47\\u01F5\\u011D\\u1E21\\u011F\\u0121\\u01E7\\u0123\\u01E5\\u0260\\uA7A1\\u1D79\\uA77F]","h":"[\\u0068\\u24D7\\uFF48\\u0125\\u1E23\\u1E27\\u021F\\u1E25\\u1E29\\u1E2B\\u1E96\\u0127\\u2C68\\u2C76\\u0265]","hv":"[\\u0195]","i":"[\\u0069\\u24D8\\uFF49\\u00EC\\u00ED\\u00EE\\u0129\\u012B\\u012D\\u00EF\\u1E2F\\u1EC9\\u01D0\\u0209\\u020B\\u1ECB\\u012F\\u1E2D\\u0268\\u0131]","j":"[\\u006A\\u24D9\\uFF4A\\u0135\\u01F0\\u0249]","k":"[\\u006B\\u24DA\\uFF4B\\u1E31\\u01E9\\u1E33\\u0137\\u1E35\\u0199\\u2C6A\\uA741\\uA743\\uA745\\uA7A3]","l":"[\\u006C\\u24DB\\uFF4C\\u0140\\u013A\\u013E\\u1E37\\u1E39\\u013C\\u1E3D\\u1E3B\\u017F\\u0142\\u019A\\u026B\\u2C61\\uA749\\uA781\\uA747]","lj":"[\\u01C9]","m":"[\\u006D\\u24DC\\uFF4D\\u1E3F\\u1E41\\u1E43\\u0271\\u026F]","n":"[\\u006E\\u24DD\\uFF4E\\u01F9\\u0144\\u00F1\\u1E45\\u0148\\u1E47\\u0146\\u1E4B\\u1E49\\u019E\\u0272\\u0149\\uA791\\uA7A5]","nj":"[\\u01CC]","o":"[\\u006F\\u24DE\\uFF4F\\u00F2\\u00F3\\u00F4\\u1ED3\\u1ED1\\u1ED7\\u1ED5\\u00F5\\u1E4D\\u022D\\u1E4F\\u014D\\u1E51\\u1E53\\u014F\\u022F\\u0231\\u00F6\\u022B\\u1ECF\\u0151\\u01D2\\u020D\\u020F\\u01A1\\u1EDD\\u1EDB\\u1EE1\\u1EDF\\u1EE3\\u1ECD\\u1ED9\\u01EB\\u01ED\\u00F8\\u01FF\\u0254\\uA74B\\uA74D\\u0275]","oi":"[\\u01A3]","ou":"[\\u0223]","oo":"[\\uA74F]","p":"[\\u0070\\u24DF\\uFF50\\u1E55\\u1E57\\u01A5\\u1D7D\\uA751\\uA753\\uA755]","q":"[\\u0071\\u24E0\\uFF51\\u024B\\uA757\\uA759]","r":"[\\u0072\\u24E1\\uFF52\\u0155\\u1E59\\u0159\\u0211\\u0213\\u1E5B\\u1E5D\\u0157\\u1E5F\\u024D\\u027D\\uA75B\\uA7A7\\uA783]","s":"[\\u0073\\u24E2\\uFF53\\u015B\\u1E65\\u015D\\u1E61\\u0161\\u1E67\\u1E63\\u1E69\\u0219\\u015F\\u023F\\uA7A9\\uA785\\u1E9B]","ss":"[\\u00DF]","t":"[\\u0074\\u24E3\\uFF54\\u1E6B\\u1E97\\u0165\\u1E6D\\u021B\\u0163\\u1E71\\u1E6F\\u0167\\u01AD\\u0288\\u2C66\\uA787]","tz":"[\\uA729]","u":"[\\u0075\\u24E4\\uFF55\\u00F9\\u00FA\\u00FB\\u0169\\u1E79\\u016B\\u1E7B\\u016D\\u00FC\\u01DC\\u01D8\\u01D6\\u01DA\\u1EE7\\u016F\\u0171\\u01D4\\u0215\\u0217\\u01B0\\u1EEB\\u1EE9\\u1EEF\\u1EED\\u1EF1\\u1EE5\\u1E73\\u0173\\u1E77\\u1E75\\u0289]","v":"[\\u0076\\u24E5\\uFF56\\u1E7D\\u1E7F\\u028B\\uA75F\\u028C]","vy":"[\\uA761]","w":"[\\u0077\\u24E6\\uFF57\\u1E81\\u1E83\\u0175\\u1E87\\u1E85\\u1E98\\u1E89\\u2C73]","x":"[\\u0078\\u24E7\\uFF58\\u1E8B\\u1E8D]","y":"[\\u0079\\u24E8\\uFF59\\u1EF3\\u00FD\\u0177\\u1EF9\\u0233\\u1E8F\\u00FF\\u1EF7\\u1E99\\u1EF5\\u01B4\\u024F\\u1EFF]","z":"[\\u007A\\u24E9\\uFF5A\\u017A\\u1E91\\u017C\\u017E\\u1E93\\u1E95\\u01B6\\u0225\\u0240\\u2C6C\\uA763]"},"researchesTests":["contentHasTOC","contentHasShortParagraphs","contentHasAssets","keywordInTitle","keywordInMetaDescription","keywordInPermalink","keywordIn10Percent","keywordInContent","keywordInSubheadings","keywordInImageAlt","keywordDensity","keywordNotUsed","lengthContent","lengthPermalink","linksHasInternal","linksHasExternals","linksNotAllExternals","titleStartWithKeyword","titleSentiment","titleHasPowerWords","titleHasNumber","hasContentAI"],"hasRedirection":true,"hasBreadcrumb":true},"homeUrl":"https:\/\/myonlineporn.com\/cs\/","objectID":51445,"objectType":"post","locale":"cs","localeFull":"cs_CZ","overlayImages":{"play":{"name":"Ikona p\u0159ehr\u00e1v\u00e1n\u00ed","url":"https:\/\/myonlineporn.com\/wp-content\/plugins\/seo-by-rank-math\/assets\/admin\/img\/icon-play.png","path":"\/home\/u317619901\/domains\/myonlineporn.com\/public_html\/wp-content\/plugins\/seo-by-rank-math\/assets\/admin\/img\/icon-play.png","position":"middle_center"},"gif":{"name":"GIF ikona","url":"https:\/\/myonlineporn.com\/wp-content\/plugins\/seo-by-rank-math\/assets\/admin\/img\/icon-gif.png","path":"\/home\/u317619901\/domains\/myonlineporn.com\/public_html\/wp-content\/plugins\/seo-by-rank-math\/assets\/admin\/img\/icon-gif.png","position":"middle_center"}},"defautOgImage":"https:\/\/myonlineporn.com\/wp-content\/plugins\/seo-by-rank-math\/assets\/admin\/img\/social-placeholder.jpg","customPermalinks":true,"isUserRegistered":false,"autoSuggestKeywords":false,"connectSiteUrl":"https:\/\/rankmath.com\/auth?site=https%3A%2F%2Fmyonlineporn.com%2Fcs%2F&r=https%3A%2F%2Fmyonlineporn.com%2Fcs%2Fwp-json%2Fwp%2Fv2%2Fpages%2F51445%3Fnonce%3D495869ba2f","maxTags":5,"trendsIcon":"<svg viewBox=\"0 0 610 610\"><path d=\"M18.85,446,174.32,290.48l58.08,58.08L76.93,504a14.54,14.54,0,0,1-20.55,0L18.83,466.48a14.54,14.54,0,0,1,0-20.55Z\" style=\"fill:#4285f4\"\/><path d=\"M242.65,242.66,377.59,377.6l-47.75,47.75a14.54,14.54,0,0,1-20.55,0L174.37,290.43l47.75-47.75A14.52,14.52,0,0,1,242.65,242.66Z\" style=\"fill:#ea4335\"\/><polygon points=\"319.53 319.53 479.26 159.8 537.34 217.88 377.61 377.62 319.53 319.53\" style=\"fill:#fabb05\"\/><path d=\"M594.26,262.73V118.61h0a16.94,16.94,0,0,0-16.94-16.94H433.2a16.94,16.94,0,0,0-12,28.92L565.34,274.71h0a16.94,16.94,0,0,0,28.92-12Z\" style=\"fill:#34a853\"\/><rect width=\"610\" height=\"610\" style=\"fill:none\"\/><\/svg>","showScore":true,"siteFavIcon":"https:\/\/myonlineporn.com\/wp-content\/uploads\/2024\/03\/footer_logo.png","canUser":{"general":false,"advanced":false,"snippet":false,"social":false,"analysis":false,"analytics":false,"content_ai":false},"showKeywordIntent":true,"isPro":false,"is_front_page":false,"trendsUpgradeLink":"https:\/\/rankmath.com\/pricing\/?utm_source=Plugin&utm_medium=CE%20General%20Tab%20Trends&utm_campaign=WP","trendsUpgradeLabel":"Upgradovat","trendsPreviewImage":"https:\/\/myonlineporn.com\/wp-content\/plugins\/seo-by-rank-math\/assets\/admin\/img\/trends-preview.jpg","currentEditor":false,"homepageData":{"assessor":{"powerWords":[],"diacritics":true,"researchesTests":["contentHasTOC","contentHasShortParagraphs","contentHasAssets","keywordInTitle","keywordInMetaDescription","keywordInPermalink","keywordIn10Percent","keywordInContent","keywordInSubheadings","keywordInImageAlt","keywordDensity","keywordNotUsed","lengthContent","lengthPermalink","linksHasInternal","linksHasExternals","linksNotAllExternals","titleStartWithKeyword","titleSentiment","titleHasPowerWords","titleHasNumber","hasContentAI"],"hasBreadcrumb":true,"serpData":{"title":false,"description":"","titleTemplate":"%sitename% %page% %sep% %sitedesc%","descriptionTemplate":"","focusKeywords":"","breadcrumbTitle":"Home","robots":{"index":true},"advancedRobots":{"max-snippet":"-1","max-video-preview":"-1","max-image-preview":"large"},"facebookTitle":"","facebookDescription":"","facebookImage":"","facebookImageID":""}}},"tocTitle":"Table of Contents","tocExcludeHeadings":[],"listStyle":"div"},"_links":{"self":[{"href":"https:\/\/myonlineporn.com\/cs\/wp-json\/wp\/v2\/pages\/51445","targetHints":{"allow":["GET"]}}],"collection":[{"href":"https:\/\/myonlineporn.com\/cs\/wp-json\/wp\/v2\/pages"}],"about":[{"href":"https:\/\/myonlineporn.com\/cs\/wp-json\/wp\/v2\/types\/page"}],"author":[{"embeddable":true,"href":"https:\/\/myonlineporn.com\/cs\/wp-json\/wp\/v2\/users\/2"}],"replies":[{"embeddable":true,"href":"https:\/\/myonlineporn.com\/cs\/wp-json\/wp\/v2\/comments?post=51445"}],"version-history":[{"count":0,"href":"https:\/\/myonlineporn.com\/cs\/wp-json\/wp\/v2\/pages\/51445\/revisions"}],"wp:attachment":[{"href":"https:\/\/myonlineporn.com\/cs\/wp-json\/wp\/v2\/media?parent=51445"}],"curies":[{"name":"wp","href":"https:\/\/api.w.org\/{rel}","templated":true}]}}