{"id":51457,"date":"2022-09-08T19:56:01","date_gmt":"2022-09-08T19:56:01","guid":{"rendered":"https:\/\/myonlineporn.com\/privacy-policy\/"},"modified":"2023-09-13T14:57:16","modified_gmt":"2023-09-13T14:57:16","slug":"privacy-policy","status":"publish","type":"page","link":"https:\/\/myonlineporn.com\/cs\/privacy-policy\/","title":{"rendered":"Privacy Policy"},"content":{"rendered":"\n<section class=\"generic-content vertical-padding\">\n    <div class=\"container\">\n                    <h1 class=\"generic-content_title heading-secondary\">Z\u00c1SADY OCHRANY OSOBN\u00cdCH \u00daDAJ\u016e &#8211; MYONLINEPORN.COM<\/h1>\n                <div class=\"generic_content_wrapper\">\n            <div class=\"rich-text-content\">\n                <p><span style=\"font-weight: 400;\">Tyto z\u00e1sady ochrany osobn\u00edch \u00fadaj\u016f stanov\u00ed z\u00e1sady a postupy t\u00fdkaj\u00edc\u00ed se informac\u00ed nebo \u00fadaj\u016f, kter\u00e9 jsou z\u00edsk\u00e1v\u00e1ny nebo shroma\u017e\u010fov\u00e1ny o \u010dlenech, n\u00e1v\u0161t\u011bvn\u00edc\u00edch a u\u017eivatel\u00edch MyOnlinePorn.com (d\u00e1le jen &#8222;str\u00e1nky&#8220;) nebo o slu\u017eb\u00e1ch poskytovan\u00fdch MyOnlinePorn.com.<\/span><\/p>\n<p>&nbsp;<\/p>\n<p><strong>PE\u010cLIV\u011a SI P\u0158E\u010cT\u011aTE TYTO Z\u00c1SADY OCHRANY OSOBN\u00cdCH \u00daDAJ\u016e, PROTO\u017dE POU\u017d\u00cdV\u00c1N\u00cdM STR\u00c1NEK MYONLINEPORN.COM A JEJICH SLU\u017dEB V\u00ddSLOVN\u011a VYJAD\u0158UJETE SV\u016eJ SOUHLAS S T\u011aMITO Z\u00c1SADAMI A SOUHLAS S PODM\u00cdNKAMI T\u00c9TO DOHODY, V\u010cETN\u011a POU\u017d\u00cdV\u00c1N\u00cd JAK\u00ddCHKOLI OSOBN\u00cdCH \u00daDAJ\u016e, KTER\u00c9 POSKYTNETE NEBO KTER\u00c9 JSOU O V\u00c1S SHROMA\u017d\u010eOV\u00c1NY, JAK JE PODROBN\u011a UVEDENO V T\u011aCHTO Z\u00c1SAD\u00c1CH OCHRANY OSOBN\u00cdCH \u00daDAJ\u016e.<\/strong><\/p>\n<p>&nbsp;<\/p>\n<p><strong>POKUD V\u00ddSLOVN\u011a NESOUHLAS\u00cdTE SE V\u0160EMI PODM\u00cdNKAMI T\u011aCHTO Z\u00c1SAD OCHRANY OSOBN\u00cdCH \u00daDAJ\u016e, NEM\u011aLI BYSTE STR\u00c1NKY MYONLINEPORN.COM ANI JEJICH SLU\u017dBY POU\u017d\u00cdVAT.<\/strong><\/p>\n<p>&nbsp;<\/p>\n<h2><span style=\"font-weight: 400;\">1. JAK SHROMA\u017d\u010eUJEME INFORMACE O \u010cLENECH, N\u00c1V\u0160T\u011aVN\u00cdC\u00cdCH NEBO U\u017dIVATEL\u00cdCH<\/span><\/h2>\n<p>&nbsp;<\/p>\n<p><span style=\"font-weight: 400;\">Pokud nav\u0161t\u00edv\u00edte str\u00e1nky MyOnlinePorn.com, m\u016f\u017eeme shroma\u017e\u010fovat a ukl\u00e1dat v na\u0161ich datab\u00e1z\u00edch jeden nebo v\u00edce n\u00e1sleduj\u00edc\u00edch typ\u016f informac\u00ed (\u00ecData\u00ee): va\u0161i adresu internetov\u00e9ho protokolu (IP); n\u00e1zev dom\u00e9ny, ze kter\u00e9 p\u0159istupujete na internet; IP adresu webov\u00e9 str\u00e1nky, ze kter\u00e9 jste se p\u0159ipojili na tyto str\u00e1nky nebo na na\u0161i s\u00ed\u0165 str\u00e1nek; \u00fadaje o prohl\u00ed\u017ee\u010di; \u00fadaje o e-mailov\u00e9 adrese; datum a \u010das p\u0159\u00edstupu na na\u0161e str\u00e1nky a jejich funkce.<\/span><\/p>\n<p>&nbsp;<\/p>\n<p><span style=\"font-weight: 400;\">Kdy\u017e n\u00e1v\u0161t\u011bvn\u00edk, \u010dlen, p\u0159edplatitel nebo jin\u00fd u\u017eivatel Str\u00e1nek po\u017eaduje webov\u00e9 str\u00e1nky ze serveru MyOnlinePorn.com, klik\u00e1 na bannery nebo jin\u00e9 odkazy nebo jinak pou\u017e\u00edv\u00e1 \u010di prohl\u00ed\u017e\u00ed slu\u017eby, produkty nebo jin\u00e9 funkce MyOnlinePorn.com, m\u016f\u017eeme my nebo na\u0161i z\u00e1stupci automaticky shroma\u017e\u010fovat n\u011bkter\u00e9 informace (&#8222;\u00dadaje&#8220;) o n\u00e1v\u0161t\u011bvn\u00edkovi, \u010dlenovi, p\u0159edplatiteli nebo u\u017eivateli. Tyto informace mohou zahrnovat IP adresu, ze kter\u00e9 se na MyOnlinePorn.com p\u0159istupuje, str\u00e1nky nebo odkazy, kter\u00e9 byly po\u017eadov\u00e1ny, zvl\u00e1\u0161tn\u00ed preference nebo po\u017eadavky u\u017eivatele a informace o cookies z\u00edskan\u00e9 z po\u010d\u00edta\u010de n\u00e1v\u0161t\u011bvn\u00edka, \u010dlena, p\u0159edplatitele nebo u\u017eivatele.<\/span><\/p>\n<p>&nbsp;<\/p>\n<p><span style=\"font-weight: 400;\">N\u011bkdy v\u00e1s m\u016f\u017eeme po\u017e\u00e1dat o poskytnut\u00ed osobn\u00edch \u00fadaj\u016f. To, zda tyto osobn\u00ed \u00fadaje poskytnete, je zcela dobrovoln\u00e9. Tyto nepovinn\u00e9 informace mohou zahrnovat va\u0161e jm\u00e9no, u\u017eivatelsk\u00e9 jm\u00e9no, e-mailovou adresu, fyzickou adresu (nebo jej\u00ed \u010d\u00e1st, nap\u0159\u00edklad po\u0161tovn\u00ed sm\u011brovac\u00ed \u010d\u00edslo), telefonn\u00ed \u010d\u00edslo, pohlav\u00ed, rodinn\u00fd stav, povol\u00e1n\u00ed, vzd\u011bl\u00e1n\u00ed a jak\u00e9koli zvl\u00e1\u0161tn\u00ed z\u00e1jmy nebo vazby. Dal\u0161\u00ed nepovinn\u00e9 informace, jako je \u010d\u00edslo kreditn\u00ed karty, datum vypr\u0161en\u00ed platnosti, bezpe\u010dnostn\u00ed k\u00f3d a faktura\u010dn\u00ed adresa, mohou b\u00fdt po\u017eadov\u00e1ny pro \u00fa\u010dast ve speci\u00e1ln\u00edch propaga\u010dn\u00edch akc\u00edch nebo nab\u00eddk\u00e1ch nebo pro faktura\u010dn\u00ed a p\u0159epravn\u00ed informace.<\/span><\/p>\n<p>&nbsp;<\/p>\n<p><span style=\"font-weight: 400;\">Pokud p\u0159edplatitel, \u010dlen nebo u\u017eivatel MyOnlinePorn.com za\u0161le jak\u00fdmkoli zp\u016fsobem MyOnlinePorn.com, t\u00fdmu nebo zam\u011bstnanc\u016fm, agent\u016fm nebo z\u00e1stupc\u016fm MyOnlinePorn.com jakoukoli osobn\u00ed komunikaci nebo korespondenci, m\u016f\u017eeme shroma\u017e\u010fovat a pou\u017e\u00edvat ve\u0161ker\u00e9 takov\u00e9 informace a ve\u0161ker\u00e9 dal\u0161\u00ed \u00dadaje t\u00fdkaj\u00edc\u00ed se t\u00e9to komunikace.<\/span><\/p>\n<p>&nbsp;<\/p>\n<h2><span style=\"font-weight: 400;\">2. COOKIES<\/span><\/h2>\n<p>&nbsp;<\/p>\n<p><span style=\"font-weight: 400;\">Internetov\u00e9 soubory cookie se pou\u017e\u00edvaj\u00ed k ov\u011b\u0159ov\u00e1n\u00ed, sledov\u00e1n\u00ed a uchov\u00e1v\u00e1n\u00ed specifick\u00fdch informac\u00ed o u\u017eivatel\u00edch, jako jsou preference str\u00e1nek nebo obsah n\u00e1kupn\u00edho ko\u0161\u00edku. V\u011bt\u0161ina internetov\u00fdch prohl\u00ed\u017ee\u010d\u016f umo\u017e\u0148uje povolit nebo zak\u00e1zat soubory cookie. Soubory cookie m\u016f\u017eete zak\u00e1zat, co\u017e v\u0161ak m\u016f\u017ee zp\u016fsobit nepou\u017eitelnost n\u011bkter\u00fdch \u010d\u00e1st\u00ed t\u011bchto str\u00e1nek. Soubory cookie jsou jednoduch\u00e9 \u010d\u00e1sti dat, kter\u00e9 samy o sob\u011b nejsou schopny prov\u00e1d\u011bt \u017e\u00e1dn\u00e9 operace. Nejsou ani spywarem, ani virem, p\u0159esto\u017ee soubory cookie z n\u011bkter\u00fdch str\u00e1nek detekuj\u00ed mnoh\u00e9 antispywarov\u00e9 produkty.<\/span><\/p>\n<p>&nbsp;<\/p>\n<p><span style=\"font-weight: 400;\">MyOnlinePorn.com pou\u017e\u00edv\u00e1 cookies, aby zefektivnil a zp\u0159\u00edjemnil prohl\u00ed\u017een\u00ed str\u00e1nek na\u0161im \u010dlen\u016fm, p\u0159edplatitel\u016fm a u\u017eivatel\u016fm. N\u00e1\u0161 syst\u00e9m pou\u017e\u00edv\u00e1 soubory cookie k zapamatov\u00e1n\u00ed va\u0161ich webov\u00fdch preferenc\u00ed a k tomu, aby n\u00e1m pom\u00e1hal sledovat a zam\u011b\u0159ovat z\u00e1jmy, preference a p\u0159\u00e1n\u00ed u\u017eivatel\u016f na\u0161ich str\u00e1nek a p\u0159edkl\u00e1dat jim co nejvhodn\u011bj\u0161\u00ed zpr\u00e1vy, nab\u00eddky a dal\u0161\u00ed sd\u011blen\u00ed a obecn\u011b zlep\u0161ovat jejich zku\u0161enosti s na\u0161imi str\u00e1nkami.<\/span><\/p>\n<p>&nbsp;<\/p>\n<p><span style=\"font-weight: 400;\">Ve\u0161ker\u00e9 informace o n\u00e1v\u0161t\u011bvn\u00edc\u00edch str\u00e1nek, \u010dlenech, p\u0159edplatitel\u00edch nebo u\u017eivatel\u00edch shrom\u00e1\u017ed\u011bn\u00e9 t\u00fdmem, spole\u010dnost\u00ed MyOnlinePorn.com nebo jak\u00fdmikoliv z\u00e1stupci \u010di p\u0159idru\u017een\u00fdmi spole\u010dnostmi spole\u010dnosti MyOnlinePorn.com prost\u0159ednictv\u00edm soubor\u016f cookie nebo jin\u00fdch podobn\u00fdch prost\u0159edk\u016f mohou b\u00fdt zahrnuty do na\u0161\u00ed datab\u00e1ze a pou\u017eity zp\u016fsobem, kter\u00fd je v souladu s t\u011bmito Z\u00e1sadami ochrany osobn\u00edch \u00fadaj\u016f.<\/span><\/p>\n<p>&nbsp;<\/p>\n<p><span style=\"font-weight: 400;\">Chceme v\u00e1s informovat, \u017ee t\u0159et\u00ed strany, jako jsou pobo\u010dky a inzerenti, pou\u017e\u00edvaj\u00ed na MyOnlinePorn.com nebo ve spojen\u00ed s n\u00edm soubory cookie. K t\u011bmto soubor\u016fm cookie \u010dasto nem\u00e1me p\u0159\u00edstup ani nad nimi nem\u00e1me kontrolu. Poskytovatel\u016fm slu\u017eeb t\u0159et\u00edch stran m\u016f\u017eeme tak\u00e9 umo\u017enit, aby u\u017eivatel\u016fm str\u00e1nek poskytovali speci\u00e1ln\u00ed nab\u00eddky nebo slu\u017eby a kontrolovali pou\u017e\u00edv\u00e1n\u00ed jejich soubor\u016f cookie ve va\u0161em po\u010d\u00edta\u010di. Vyz\u00fdv\u00e1me v\u00e1s, abyste se sezn\u00e1mili se z\u00e1sadami ochrany osobn\u00edch \u00fadaj\u016f jak\u00e9koli t\u0159et\u00ed strany, se kterou se na MyOnlinePorn.com setk\u00e1te.<\/span><\/p>\n<p>&nbsp;<\/p>\n<h3><span style=\"font-weight: 400;\">3. JAK POU\u017d\u00cdV\u00c1ME A SD\u00cdL\u00cdME \u00daDAJE A OSOBN\u00cd INFORMACE<\/span><\/h3>\n<p>&nbsp;<\/p>\n<p><span style=\"font-weight: 400;\">Informace popsan\u00e9 v odd\u00edlech jedna (1) a dva (2) pou\u017e\u00edv\u00e1me k r\u016fzn\u00fdm funkc\u00edm. Krom\u011b pou\u017e\u00edv\u00e1n\u00ed soubor\u016f cookie, \u00fadaj\u016f a nepovinn\u00fdch informac\u00ed v\u00fd\u0161e popsan\u00fdmi zp\u016fsoby pou\u017e\u00edv\u00e1me tyto informace k m\u011b\u0159en\u00ed po\u010dtu n\u00e1v\u0161t\u011bvn\u00edk\u016f str\u00e1nek, k m\u011b\u0159en\u00ed zp\u016fsobu generov\u00e1n\u00ed provozu a jeho zdroj\u016f; ke sledov\u00e1n\u00ed \u00fasp\u011b\u0161nosti na\u0161eho partnersk\u00e9ho programu a jeho jednotliv\u00fdch partner\u016f (s nimi\u017e mohou b\u00fdt tyto informace sd\u00edleny); ke sledov\u00e1n\u00ed p\u0159\u00edjmu a \u00fasp\u011b\u0161nosti z\u00e1kaznick\u00fdch newsletter\u016f, propaga\u010dn\u00edch program\u016f, speci\u00e1ln\u00edch nab\u00eddek a reklam; a k vytv\u00e1\u0159en\u00ed a poskytov\u00e1n\u00ed p\u0159esn\u00fdch statistik o v\u00fdkonnosti MyOnlinePorn.com na\u0161im marketingov\u00fdm partner\u016fm, partner\u016fm, nabyvatel\u016fm licenc\u00ed a pr\u00e1vn\u00edm n\u00e1stupc\u016fm. Soubory cookie, \u00fadaje a nepovinn\u00e9 informace pou\u017e\u00edv\u00e1me tak\u00e9 ke sledov\u00e1n\u00ed preferenc\u00ed z\u00e1kazn\u00edk\u016f a k p\u0159izp\u016fsoben\u00ed na\u0161ich produkt\u016f a slu\u017eeb t\u011bmto preferenc\u00edm.<\/span><\/p>\n<p>&nbsp;<\/p>\n<h2><span style=\"font-weight: 400;\">4. AKTUALIZACE A REVIZE T\u011aCHTO Z\u00c1SAD<\/span><\/h2>\n<p>&nbsp;<\/p>\n<p><span style=\"font-weight: 400;\">MyOnlinePorn.com si vyhrazuje pr\u00e1vo dle vlastn\u00edho uv\u00e1\u017een\u00ed tyto z\u00e1sady ochrany osobn\u00edch \u00fadaj\u016f kdykoli a jak\u00fdmkoli zp\u016fsobem revidovat, dopl\u0148ovat, upravovat nebo odvol\u00e1vat. Zm\u011bny t\u011bchto Z\u00e1sad ochrany osobn\u00edch \u00fadaj\u016f nab\u00fdvaj\u00ed \u00fa\u010dinnosti okam\u017eikem zve\u0159ejn\u011bn\u00ed jak\u00e9koli revize na str\u00e1nk\u00e1ch MyOnlinePorn.com.<\/span><\/p>\n<p>&nbsp;<\/p>\n<h2><span style=\"font-weight: 400;\">5. DATUM \u00da\u010cINNOSTI T\u011aCHTO Z\u00c1SAD<\/span><\/h2>\n<p>&nbsp;<\/p>\n<p><span style=\"font-weight: 400;\">Tyto Z\u00e1sady ochrany osobn\u00edch \u00fadaj\u016f nab\u00fdvaj\u00ed \u00fa\u010dinnosti 1. ledna 2023.<\/span><\/p>\n<p>&nbsp;<\/p>\n            <\/div>\n        <\/div>\n    <\/div>\n<\/section>","protected":false},"excerpt":{"rendered":"","protected":false},"author":2,"featured_media":0,"parent":0,"menu_order":0,"comment_status":"closed","ping_status":"open","template":"","meta":{"_acf_changed":false,"footnotes":""},"class_list":["post-51457","page","type-page","status-publish","hentry"],"acf":[],"rankMath":{"parentDomain":"myonlineporn.com","noFollowDomains":[],"noFollowExcludeDomains":[],"noFollowExternalLinks":false,"featuredImageNotice":"Doporu\u010den\u00fd obr\u00e1zek by m\u011bl b\u00fdt alespo\u0148 200 x 200 pixel\u016f, aby jej bylo mo\u017en\u00e9 zachytit na Facebooku a na jin\u00fdch soci\u00e1ln\u00edch s\u00edt\u00edch.","pluginReviewed":false,"postSettings":{"linkSuggestions":true,"useFocusKeyword":false},"frontEndScore":false,"postName":"privacy-policy","permalinkFormat":"https:\/\/myonlineporn.com\/cs\/%pagename%\/","showLockModifiedDate":true,"assessor":{"focusKeywordLink":"https:\/\/myonlineporn.com\/wp-admin\/edit.php?focus_keyword=%focus_keyword%&post_type=%post_type%","hasTOCPlugin":false,"primaryTaxonomy":false,"serpData":{"title":"","description":"","focusKeywords":"","pillarContent":false,"canonicalUrl":"","breadcrumbTitle":"","advancedRobots":{"max-snippet":"-1","max-video-preview":"-1","max-image-preview":"large"},"facebookTitle":"","facebookDescription":"","facebookImage":"","facebookImageID":"","facebookHasOverlay":false,"facebookImageOverlay":"","facebookAuthor":"","twitterCardType":"","twitterUseFacebook":true,"twitterTitle":"","twitterDescription":"","twitterImage":"","twitterImageID":"","twitterHasOverlay":false,"twitterImageOverlay":"","twitterPlayerUrl":"","twitterPlayerSize":"","twitterPlayerStream":"","twitterPlayerStreamCtype":"","twitterAppDescription":"","twitterAppIphoneName":"","twitterAppIphoneID":"","twitterAppIphoneUrl":"","twitterAppIpadName":"","twitterAppIpadID":"","twitterAppIpadUrl":"","twitterAppGoogleplayName":"","twitterAppGoogleplayID":"","twitterAppGoogleplayUrl":"","twitterAppCountry":"","robots":{"index":true},"twitterAuthor":"u\u017eivatelsk\u00e9 jm\u00e9no","primaryTerm":0,"authorName":"Maurice","titleTemplate":"%title% %page% %sep% %sitename%","descriptionTemplate":"%excerpt%","showScoreFrontend":true,"lockModifiedDate":false},"powerWords":[],"diacritics":{"A":"[\\u0041\\u24B6\\uFF21\\u00C0\\u00C1\\u00C2\\u1EA6\\u1EA4\\u1EAA\\u1EA8\\u00C3\\u0100\\u0102\\u1EB0\\u1EAE\\u1EB4\\u1EB2\\u0226\\u01E0\\u00C4\\u01DE\\u1EA2\\u00C5\\u01FA\\u01CD\\u0200\\u0202\\u1EA0\\u1EAC\\u1EB6\\u1E00\\u0104\\u023A\\u2C6F]","AA":"[\\uA732]","AE":"[\\u00C6\\u01FC\\u01E2]","AO":"[\\uA734]","AU":"[\\uA736]","AV":"[\\uA738\\uA73A]","AY":"[\\uA73C]","B":"[\\u0042\\u24B7\\uFF22\\u1E02\\u1E04\\u1E06\\u0243\\u0182\\u0181]","C":"[\\u0043\\u24B8\\uFF23\\u0106\\u0108\\u010A\\u010C\\u00C7\\u1E08\\u0187\\u023B\\uA73E]","D":"[\\u0044\\u24B9\\uFF24\\u1E0A\\u010E\\u1E0C\\u1E10\\u1E12\\u1E0E\\u0110\\u018B\\u018A\\u0189\\uA779]","DZ":"[\\u01F1\\u01C4]","Dz":"[\\u01F2\\u01C5]","E":"[\\u0045\\u24BA\\uFF25\\u00C8\\u00C9\\u00CA\\u1EC0\\u1EBE\\u1EC4\\u1EC2\\u1EBC\\u0112\\u1E14\\u1E16\\u0114\\u0116\\u00CB\\u1EBA\\u011A\\u0204\\u0206\\u1EB8\\u1EC6\\u0228\\u1E1C\\u0118\\u1E18\\u1E1A\\u0190\\u018E]","F":"[\\u0046\\u24BB\\uFF26\\u1E1E\\u0191\\uA77B]","G":"[\\u0047\\u24BC\\uFF27\\u01F4\\u011C\\u1E20\\u011E\\u0120\\u01E6\\u0122\\u01E4\\u0193\\uA7A0\\uA77D\\uA77E]","H":"[\\u0048\\u24BD\\uFF28\\u0124\\u1E22\\u1E26\\u021E\\u1E24\\u1E28\\u1E2A\\u0126\\u2C67\\u2C75\\uA78D]","I":"[\\u0049\\u24BE\\uFF29\\u00CC\\u00CD\\u00CE\\u0128\\u012A\\u012C\\u0130\\u00CF\\u1E2E\\u1EC8\\u01CF\\u0208\\u020A\\u1ECA\\u012E\\u1E2C\\u0197]","J":"[\\u004A\\u24BF\\uFF2A\\u0134\\u0248]","K":"[\\u004B\\u24C0\\uFF2B\\u1E30\\u01E8\\u1E32\\u0136\\u1E34\\u0198\\u2C69\\uA740\\uA742\\uA744\\uA7A2]","L":"[\\u004C\\u24C1\\uFF2C\\u013F\\u0139\\u013D\\u1E36\\u1E38\\u013B\\u1E3C\\u1E3A\\u0141\\u023D\\u2C62\\u2C60\\uA748\\uA746\\uA780]","LJ":"[\\u01C7]","Lj":"[\\u01C8]","M":"[\\u004D\\u24C2\\uFF2D\\u1E3E\\u1E40\\u1E42\\u2C6E\\u019C]","N":"[\\u004E\\u24C3\\uFF2E\\u01F8\\u0143\\u00D1\\u1E44\\u0147\\u1E46\\u0145\\u1E4A\\u1E48\\u0220\\u019D\\uA790\\uA7A4]","NJ":"[\\u01CA]","Nj":"[\\u01CB]","O":"[\\u004F\\u24C4\\uFF2F\\u00D2\\u00D3\\u00D4\\u1ED2\\u1ED0\\u1ED6\\u1ED4\\u00D5\\u1E4C\\u022C\\u1E4E\\u014C\\u1E50\\u1E52\\u014E\\u022E\\u0230\\u00D6\\u022A\\u1ECE\\u0150\\u01D1\\u020C\\u020E\\u01A0\\u1EDC\\u1EDA\\u1EE0\\u1EDE\\u1EE2\\u1ECC\\u1ED8\\u01EA\\u01EC\\u00D8\\u01FE\\u0186\\u019F\\uA74A\\uA74C]","OI":"[\\u01A2]","OO":"[\\uA74E]","OU":"[\\u0222]","P":"[\\u0050\\u24C5\\uFF30\\u1E54\\u1E56\\u01A4\\u2C63\\uA750\\uA752\\uA754]","Q":"[\\u0051\\u24C6\\uFF31\\uA756\\uA758\\u024A]","R":"[\\u0052\\u24C7\\uFF32\\u0154\\u1E58\\u0158\\u0210\\u0212\\u1E5A\\u1E5C\\u0156\\u1E5E\\u024C\\u2C64\\uA75A\\uA7A6\\uA782]","S":"[\\u0053\\u24C8\\uFF33\\u1E9E\\u015A\\u1E64\\u015C\\u1E60\\u0160\\u1E66\\u1E62\\u1E68\\u0218\\u015E\\u2C7E\\uA7A8\\uA784]","T":"[\\u0054\\u24C9\\uFF34\\u1E6A\\u0164\\u1E6C\\u021A\\u0162\\u1E70\\u1E6E\\u0166\\u01AC\\u01AE\\u023E\\uA786]","TZ":"[\\uA728]","U":"[\\u0055\\u24CA\\uFF35\\u00D9\\u00DA\\u00DB\\u0168\\u1E78\\u016A\\u1E7A\\u016C\\u00DC\\u01DB\\u01D7\\u01D5\\u01D9\\u1EE6\\u016E\\u0170\\u01D3\\u0214\\u0216\\u01AF\\u1EEA\\u1EE8\\u1EEE\\u1EEC\\u1EF0\\u1EE4\\u1E72\\u0172\\u1E76\\u1E74\\u0244]","V":"[\\u0056\\u24CB\\uFF36\\u1E7C\\u1E7E\\u01B2\\uA75E\\u0245]","VY":"[\\uA760]","W":"[\\u0057\\u24CC\\uFF37\\u1E80\\u1E82\\u0174\\u1E86\\u1E84\\u1E88\\u2C72]","X":"[\\u0058\\u24CD\\uFF38\\u1E8A\\u1E8C]","Y":"[\\u0059\\u24CE\\uFF39\\u1EF2\\u00DD\\u0176\\u1EF8\\u0232\\u1E8E\\u0178\\u1EF6\\u1EF4\\u01B3\\u024E\\u1EFE]","Z":"[\\u005A\\u24CF\\uFF3A\\u0179\\u1E90\\u017B\\u017D\\u1E92\\u1E94\\u01B5\\u0224\\u2C7F\\u2C6B\\uA762]","a":"[\\u0061\\u24D0\\uFF41\\u1E9A\\u00E0\\u00E1\\u00E2\\u1EA7\\u1EA5\\u1EAB\\u1EA9\\u00E3\\u0101\\u0103\\u1EB1\\u1EAF\\u1EB5\\u1EB3\\u0227\\u01E1\\u00E4\\u01DF\\u1EA3\\u00E5\\u01FB\\u01CE\\u0201\\u0203\\u1EA1\\u1EAD\\u1EB7\\u1E01\\u0105\\u2C65\\u0250]","aa":"[\\uA733]","ae":"[\\u00E6\\u01FD\\u01E3]","ao":"[\\uA735]","au":"[\\uA737]","av":"[\\uA739\\uA73B]","ay":"[\\uA73D]","b":"[\\u0062\\u24D1\\uFF42\\u1E03\\u1E05\\u1E07\\u0180\\u0183\\u0253]","c":"[\\u0063\\u24D2\\uFF43\\u0107\\u0109\\u010B\\u010D\\u00E7\\u1E09\\u0188\\u023C\\uA73F\\u2184]","d":"[\\u0064\\u24D3\\uFF44\\u1E0B\\u010F\\u1E0D\\u1E11\\u1E13\\u1E0F\\u0111\\u018C\\u0256\\u0257\\uA77A]","dz":"[\\u01F3\\u01C6]","e":"[\\u0065\\u24D4\\uFF45\\u00E8\\u00E9\\u00EA\\u1EC1\\u1EBF\\u1EC5\\u1EC3\\u1EBD\\u0113\\u1E15\\u1E17\\u0115\\u0117\\u00EB\\u1EBB\\u011B\\u0205\\u0207\\u1EB9\\u1EC7\\u0229\\u1E1D\\u0119\\u1E19\\u1E1B\\u0247\\u025B\\u01DD]","f":"[\\u0066\\u24D5\\uFF46\\u1E1F\\u0192\\uA77C]","g":"[\\u0067\\u24D6\\uFF47\\u01F5\\u011D\\u1E21\\u011F\\u0121\\u01E7\\u0123\\u01E5\\u0260\\uA7A1\\u1D79\\uA77F]","h":"[\\u0068\\u24D7\\uFF48\\u0125\\u1E23\\u1E27\\u021F\\u1E25\\u1E29\\u1E2B\\u1E96\\u0127\\u2C68\\u2C76\\u0265]","hv":"[\\u0195]","i":"[\\u0069\\u24D8\\uFF49\\u00EC\\u00ED\\u00EE\\u0129\\u012B\\u012D\\u00EF\\u1E2F\\u1EC9\\u01D0\\u0209\\u020B\\u1ECB\\u012F\\u1E2D\\u0268\\u0131]","j":"[\\u006A\\u24D9\\uFF4A\\u0135\\u01F0\\u0249]","k":"[\\u006B\\u24DA\\uFF4B\\u1E31\\u01E9\\u1E33\\u0137\\u1E35\\u0199\\u2C6A\\uA741\\uA743\\uA745\\uA7A3]","l":"[\\u006C\\u24DB\\uFF4C\\u0140\\u013A\\u013E\\u1E37\\u1E39\\u013C\\u1E3D\\u1E3B\\u017F\\u0142\\u019A\\u026B\\u2C61\\uA749\\uA781\\uA747]","lj":"[\\u01C9]","m":"[\\u006D\\u24DC\\uFF4D\\u1E3F\\u1E41\\u1E43\\u0271\\u026F]","n":"[\\u006E\\u24DD\\uFF4E\\u01F9\\u0144\\u00F1\\u1E45\\u0148\\u1E47\\u0146\\u1E4B\\u1E49\\u019E\\u0272\\u0149\\uA791\\uA7A5]","nj":"[\\u01CC]","o":"[\\u006F\\u24DE\\uFF4F\\u00F2\\u00F3\\u00F4\\u1ED3\\u1ED1\\u1ED7\\u1ED5\\u00F5\\u1E4D\\u022D\\u1E4F\\u014D\\u1E51\\u1E53\\u014F\\u022F\\u0231\\u00F6\\u022B\\u1ECF\\u0151\\u01D2\\u020D\\u020F\\u01A1\\u1EDD\\u1EDB\\u1EE1\\u1EDF\\u1EE3\\u1ECD\\u1ED9\\u01EB\\u01ED\\u00F8\\u01FF\\u0254\\uA74B\\uA74D\\u0275]","oi":"[\\u01A3]","ou":"[\\u0223]","oo":"[\\uA74F]","p":"[\\u0070\\u24DF\\uFF50\\u1E55\\u1E57\\u01A5\\u1D7D\\uA751\\uA753\\uA755]","q":"[\\u0071\\u24E0\\uFF51\\u024B\\uA757\\uA759]","r":"[\\u0072\\u24E1\\uFF52\\u0155\\u1E59\\u0159\\u0211\\u0213\\u1E5B\\u1E5D\\u0157\\u1E5F\\u024D\\u027D\\uA75B\\uA7A7\\uA783]","s":"[\\u0073\\u24E2\\uFF53\\u015B\\u1E65\\u015D\\u1E61\\u0161\\u1E67\\u1E63\\u1E69\\u0219\\u015F\\u023F\\uA7A9\\uA785\\u1E9B]","ss":"[\\u00DF]","t":"[\\u0074\\u24E3\\uFF54\\u1E6B\\u1E97\\u0165\\u1E6D\\u021B\\u0163\\u1E71\\u1E6F\\u0167\\u01AD\\u0288\\u2C66\\uA787]","tz":"[\\uA729]","u":"[\\u0075\\u24E4\\uFF55\\u00F9\\u00FA\\u00FB\\u0169\\u1E79\\u016B\\u1E7B\\u016D\\u00FC\\u01DC\\u01D8\\u01D6\\u01DA\\u1EE7\\u016F\\u0171\\u01D4\\u0215\\u0217\\u01B0\\u1EEB\\u1EE9\\u1EEF\\u1EED\\u1EF1\\u1EE5\\u1E73\\u0173\\u1E77\\u1E75\\u0289]","v":"[\\u0076\\u24E5\\uFF56\\u1E7D\\u1E7F\\u028B\\uA75F\\u028C]","vy":"[\\uA761]","w":"[\\u0077\\u24E6\\uFF57\\u1E81\\u1E83\\u0175\\u1E87\\u1E85\\u1E98\\u1E89\\u2C73]","x":"[\\u0078\\u24E7\\uFF58\\u1E8B\\u1E8D]","y":"[\\u0079\\u24E8\\uFF59\\u1EF3\\u00FD\\u0177\\u1EF9\\u0233\\u1E8F\\u00FF\\u1EF7\\u1E99\\u1EF5\\u01B4\\u024F\\u1EFF]","z":"[\\u007A\\u24E9\\uFF5A\\u017A\\u1E91\\u017C\\u017E\\u1E93\\u1E95\\u01B6\\u0225\\u0240\\u2C6C\\uA763]"},"researchesTests":["contentHasTOC","contentHasShortParagraphs","contentHasAssets","keywordInTitle","keywordInMetaDescription","keywordInPermalink","keywordIn10Percent","keywordInContent","keywordInSubheadings","keywordInImageAlt","keywordDensity","keywordNotUsed","lengthContent","lengthPermalink","linksHasInternal","linksHasExternals","linksNotAllExternals","titleStartWithKeyword","titleSentiment","titleHasPowerWords","titleHasNumber","hasContentAI"],"hasRedirection":true,"hasBreadcrumb":true},"homeUrl":"https:\/\/myonlineporn.com\/cs\/","objectID":51457,"objectType":"post","locale":"cs","localeFull":"cs_CZ","overlayImages":{"play":{"name":"Ikona p\u0159ehr\u00e1v\u00e1n\u00ed","url":"https:\/\/myonlineporn.com\/wp-content\/plugins\/seo-by-rank-math\/assets\/admin\/img\/icon-play.png","path":"\/home\/u317619901\/domains\/myonlineporn.com\/public_html\/wp-content\/plugins\/seo-by-rank-math\/assets\/admin\/img\/icon-play.png","position":"middle_center"},"gif":{"name":"GIF ikona","url":"https:\/\/myonlineporn.com\/wp-content\/plugins\/seo-by-rank-math\/assets\/admin\/img\/icon-gif.png","path":"\/home\/u317619901\/domains\/myonlineporn.com\/public_html\/wp-content\/plugins\/seo-by-rank-math\/assets\/admin\/img\/icon-gif.png","position":"middle_center"}},"defautOgImage":"https:\/\/myonlineporn.com\/wp-content\/plugins\/seo-by-rank-math\/assets\/admin\/img\/social-placeholder.jpg","customPermalinks":true,"isUserRegistered":false,"autoSuggestKeywords":false,"connectSiteUrl":"https:\/\/rankmath.com\/auth?site=https%3A%2F%2Fmyonlineporn.com%2Fcs%2F&r=https%3A%2F%2Fmyonlineporn.com%2Fcs%2Fwp-json%2Fwp%2Fv2%2Fpages%2F51457%3Fnonce%3D9188a9f669","maxTags":5,"trendsIcon":"<svg viewBox=\"0 0 610 610\"><path d=\"M18.85,446,174.32,290.48l58.08,58.08L76.93,504a14.54,14.54,0,0,1-20.55,0L18.83,466.48a14.54,14.54,0,0,1,0-20.55Z\" style=\"fill:#4285f4\"\/><path d=\"M242.65,242.66,377.59,377.6l-47.75,47.75a14.54,14.54,0,0,1-20.55,0L174.37,290.43l47.75-47.75A14.52,14.52,0,0,1,242.65,242.66Z\" style=\"fill:#ea4335\"\/><polygon points=\"319.53 319.53 479.26 159.8 537.34 217.88 377.61 377.62 319.53 319.53\" style=\"fill:#fabb05\"\/><path d=\"M594.26,262.73V118.61h0a16.94,16.94,0,0,0-16.94-16.94H433.2a16.94,16.94,0,0,0-12,28.92L565.34,274.71h0a16.94,16.94,0,0,0,28.92-12Z\" style=\"fill:#34a853\"\/><rect width=\"610\" height=\"610\" style=\"fill:none\"\/><\/svg>","showScore":true,"siteFavIcon":"https:\/\/myonlineporn.com\/wp-content\/uploads\/2024\/03\/footer_logo.png","canUser":{"general":false,"advanced":false,"snippet":false,"social":false,"analysis":false,"analytics":false,"content_ai":false},"showKeywordIntent":true,"isPro":false,"is_front_page":false,"trendsUpgradeLink":"https:\/\/rankmath.com\/pricing\/?utm_source=Plugin&utm_medium=CE%20General%20Tab%20Trends&utm_campaign=WP","trendsUpgradeLabel":"Upgradovat","trendsPreviewImage":"https:\/\/myonlineporn.com\/wp-content\/plugins\/seo-by-rank-math\/assets\/admin\/img\/trends-preview.jpg","currentEditor":false,"homepageData":{"assessor":{"powerWords":[],"diacritics":true,"researchesTests":["contentHasTOC","contentHasShortParagraphs","contentHasAssets","keywordInTitle","keywordInMetaDescription","keywordInPermalink","keywordIn10Percent","keywordInContent","keywordInSubheadings","keywordInImageAlt","keywordDensity","keywordNotUsed","lengthContent","lengthPermalink","linksHasInternal","linksHasExternals","linksNotAllExternals","titleStartWithKeyword","titleSentiment","titleHasPowerWords","titleHasNumber","hasContentAI"],"hasBreadcrumb":true,"serpData":{"title":false,"description":"","titleTemplate":"%sitename% %page% %sep% %sitedesc%","descriptionTemplate":"","focusKeywords":"","breadcrumbTitle":"Home","robots":{"index":true},"advancedRobots":{"max-snippet":"-1","max-video-preview":"-1","max-image-preview":"large"},"facebookTitle":"","facebookDescription":"","facebookImage":"","facebookImageID":""}}},"tocTitle":"Table of Contents","tocExcludeHeadings":[],"listStyle":"div"},"_links":{"self":[{"href":"https:\/\/myonlineporn.com\/cs\/wp-json\/wp\/v2\/pages\/51457","targetHints":{"allow":["GET"]}}],"collection":[{"href":"https:\/\/myonlineporn.com\/cs\/wp-json\/wp\/v2\/pages"}],"about":[{"href":"https:\/\/myonlineporn.com\/cs\/wp-json\/wp\/v2\/types\/page"}],"author":[{"embeddable":true,"href":"https:\/\/myonlineporn.com\/cs\/wp-json\/wp\/v2\/users\/2"}],"replies":[{"embeddable":true,"href":"https:\/\/myonlineporn.com\/cs\/wp-json\/wp\/v2\/comments?post=51457"}],"version-history":[{"count":0,"href":"https:\/\/myonlineporn.com\/cs\/wp-json\/wp\/v2\/pages\/51457\/revisions"}],"wp:attachment":[{"href":"https:\/\/myonlineporn.com\/cs\/wp-json\/wp\/v2\/media?parent=51457"}],"curies":[{"name":"wp","href":"https:\/\/api.w.org\/{rel}","templated":true}]}}