{"id":4746,"date":"2022-10-19T13:44:36","date_gmt":"2022-10-19T13:44:36","guid":{"rendered":"https:\/\/myonlineporn.com\/about\/"},"modified":"2023-09-04T20:50:30","modified_gmt":"2023-09-04T20:50:30","slug":"about","status":"publish","type":"page","link":"https:\/\/myonlineporn.com\/it\/about\/","title":{"rendered":"About"},"content":{"rendered":"\n<header class=\"hero\">\n    <div class=\"container\">\n        <div class=\"hero_wrapper\">\n            <div class=\"hero_content_block\">\n                                    <h1 class=\"hero_title\">Ciao a tutti! Mi chiamo Maurice e sono un mandrillo.<\/h1>\n                            \n                                    <p class=\"hero_tagline\">Ma non sono un mandrillo qualsiasi. Sono un mandrillo con la passione per&#8230; s\u00ec, avete indovinato: il porno!<\/p>\n                        \n                                    <div class=\"hero_content rich-text-content\"><p>Amo assolutamente guardare e recensire tutti i migliori siti porno. In effetti, a casa mia non c&#8217;\u00e8 mai un momento in cui il porno non venga riprodotto su almeno uno schermo da qualche parte&#8230; e io ho un sacco di schermi, pi\u00f9 di quanti una persona sana di mente (o un mandrillo) dovrebbe avere.<\/p>\n<\/div>\n                \n                                    <p class=\"hero_outro\">Comunque, benvenuti sul mio sito di recensioni porno online! Lasciate che vi mostri il sito.<\/p>\n                            <\/div>\n                            <img decoding=\"async\" class=\"hero_image\" src=\"https:\/\/myonlineporn.com\/wp-content\/themes\/MyOnlinePorn\/assets\/dist\/img\/maurice_9f677eea936649863309.webp\" alt=\"\">\n                    <\/div>\n    <\/div>\n<\/header>\n\n\n<section class=\"generic-content vertical-padding no-bottom-padding\">\n    <div class=\"container\">\n                <div class=\"generic_content_wrapper\">\n            <div class=\"rich-text-content\">\n                <h2><strong>La mia storia<\/strong><\/h2>\n<p>Da anni ormai navigo nel complesso e affascinante mondo del porno online. Purtroppo, se da un lato ho avuto la mia parte di esperienze fantastiche, dall&#8217;altro mi sono imbattuta in molti siti porno poco raccomandabili. A un certo punto sono crollato e mi sono posto la domanda pi&ugrave; difficile che abbia mai dovuto fare:<\/p>\n<p><strong>Vale davvero la pena di contrarre un virus per il computer o di compromettere la sicurezza dei dati della mia carta di credito solo per poter vedere delle tette?<\/strong><\/p>\n<p>No, amici. La risposta &egrave; no. Non voglio che nessuno debba vivere le difficolt&agrave; che ho vissuto io nel non riuscire a trovare siti porno online affidabili, sicuri e degni di fiducia.<\/p>\n<p>Quindi, mi sono preso l&#8217;incarico di raccogliere e recensire tutti i migliori siti porno in circolazione, in modo che possiate evitare le insidie pi&ugrave; comuni e godervi subito il meglio!<\/p>\n            <\/div>\n        <\/div>\n    <\/div>\n<\/section>\n\n\n<section class=\"info-boxes vertical-padding no-bottom-padding\">\n    <div class=\"container\">\n        <div class=\"info-boxes_header\">\n            <h2 class=\"info-boxes_title heading-secondary\">Dichiarazione di missione<\/h2>                            <div class=\"info-boxes_subtitle rich-text-content\"><p>La mia missione con questo sito \u00e8 quella di aiutare gli amanti del porno in due modi principali:<\/p>\n<p>&#8211; Aiutare gli amanti del porno a evitare i siti loschi, loschi, sommari e inaffidabili.<\/p>\n<p>&#8211; Aiutare gli amanti del porno a risparmiare denaro avendo accesso a recensioni di siti di alta qualit\u00e0.<\/p>\n<p><\/br><\/p>\n<p>Ecco i pilastri del sito MyOnlinePorn:<\/p>\n<\/div>\n                    <\/div>\n        <div class=\"info-boxes_wrapper\">\n            \n<div class=\"info-box\">\n    <div class=\"info-box_header\">\n                <img  class=\"info-box_icon lazy\" data-src=\"https:\/\/myonlineporn.com\/wp-content\/themes\/MyOnlinePorn\/assets\/dist\/img\/arrow-yellow-thick_e111dc8a9dfa66d83a72.svg\" alt=\"Mission statement item\">\n        <h5 class=\"info-box_title\">Un sito costruito per voi<\/h5>\n    <\/div>\n    <p class=\"info-box_content\">Ho creato www.myonlineporn.com pensando a te, l&#8217;utente. Quindi, ho progettato il sito e i suoi contenuti pensando anche all&#8217;utente. Questo sito \u00e8 costruito solo per voi, in modo che possiate avere la migliore esperienza porno possibile.\r\n<\/p>\n<\/div>\n<div class=\"info-box\">\n    <div class=\"info-box_header\">\n                <img  class=\"info-box_icon lazy\" data-src=\"https:\/\/myonlineporn.com\/wp-content\/themes\/MyOnlinePorn\/assets\/dist\/img\/arrow-yellow-thick_e111dc8a9dfa66d83a72.svg\" alt=\"Mission statement item\">\n        <h5 class=\"info-box_title\">Processo filtrato<\/h5>\n    <\/div>\n    <p class=\"info-box_content\">Per decidere quali siti includere e recensire qui, seguo un intenso processo di selezione. Esamino ogni sito da ogni singolo punto di vista. In breve, non lascio nulla di intentato quando recensisco questi siti in modo che, alla fine, possiate risparmiare tempo e denaro quando cercate il vostro sito preferito da visitare.\r\n<\/p>\n<\/div>\n<div class=\"info-box\">\n    <div class=\"info-box_header\">\n                <img  class=\"info-box_icon lazy\" data-src=\"https:\/\/myonlineporn.com\/wp-content\/themes\/MyOnlinePorn\/assets\/dist\/img\/arrow-yellow-thick_e111dc8a9dfa66d83a72.svg\" alt=\"Mission statement item\">\n        <h5 class=\"info-box_title\"> Funzionalit\u00e0 di ricerca<\/h5>\n    <\/div>\n    <p class=\"info-box_content\">Questo sito \u00e8 ottimizzato in modo che possiate cercare e trovare esattamente ci\u00f2 che state cercando. Recensisco molti siti e non ho intenzione di smettere presto. Trovate tutto ci\u00f2 che vi piace sul sito utilizzando la barra di ricerca.\r\n<\/p>\n<\/div>\n<div class=\"info-box\">\n    <div class=\"info-box_header\">\n                <img  class=\"info-box_icon lazy\" data-src=\"https:\/\/myonlineporn.com\/wp-content\/themes\/MyOnlinePorn\/assets\/dist\/img\/arrow-yellow-thick_e111dc8a9dfa66d83a72.svg\" alt=\"Mission statement item\">\n        <h5 class=\"info-box_title\">Recensioni dei siti<\/h5>\n    <\/div>\n    <p class=\"info-box_content\">Non sprecate il vostro denaro e non compromettere la sicurezza della vostra tecnologia visitando siti porno scadenti. Invece, accedete a recensioni approfondite, oneste, affidabili e informative di tutti i siti porno migliori e pi\u00f9 sicuri.\r\n<\/p>\n<\/div>        <\/div>\n                    <div class=\"info-boxes_bottom rich-content-text\">\n                <p><span style=\"font-weight: 400;\">La vostra esperienza di visione del porno \u00e8 appena migliorata!<\/span><\/p>\n            <\/div>\n            <\/div>\n<\/section>\n\n\n<section class=\"info-boxes-icon vertical-padding\">\n    <div class=\"container\">\n        <div class=\"info-boxes-icon_header\">\n            <h2 class=\"info-boxes-icon_title heading-secondary\">Valori fondamentali<\/h2>                    <\/div>\n        <div class=\"info-boxes-icon_wrapper\">\n            \n<div class=\"info-box-icon\">\n    <img  data-src=\"https:\/\/myonlineporn.com\/wp-content\/uploads\/2022\/10\/passion.svg\" class=\"lazy info-box-icon_icon\" alt=\"\">\n    <h5 class=\"info-box-icon_title\">L&#8217;onest\u00e0<\/h5>\n    <p class=\"info-box-icon_content\">Il mio obiettivo \u00e8 quello di fornirvi informazioni oneste e affidabili su cui lavorare. Non preoccupatevi: le mie preferenze e i miei gusti per i diversi siti porno non influiscono sulle mie recensioni. Cerco invece di fornire il maggior numero possibile di informazioni oggettive in modo chiaro, affidabile e imparziale.\r\n<\/p>\n<\/div>\n<div class=\"info-box-icon\">\n    <img  data-src=\"https:\/\/myonlineporn.com\/wp-content\/uploads\/2022\/10\/transparency.svg\" class=\"lazy info-box-icon_icon\" alt=\"\">\n    <h5 class=\"info-box-icon_title\">Informativo<\/h5>\n    <p class=\"info-box-icon_content\">In fin dei conti, sarete voi a scegliere il sito porno su cui masturbarvi &#8211; non voglio dirvi che tipo di porno guardare. Sono qui per darvi informazioni di qualit\u00e0 in modo che possiate prendere decisioni intelligenti su come mantenere il vostro computer al sicuro e su come non sprecare i vostri soldi su siti scadenti.\r\n<\/p>\n<\/div>\n<div class=\"info-box-icon\">\n    <img  data-src=\"https:\/\/myonlineporn.com\/wp-content\/uploads\/2022\/10\/wisdom.svg\" class=\"lazy info-box-icon_icon\" alt=\"\">\n    <h5 class=\"info-box-icon_title\">Affidabile<\/h5>\n    <p class=\"info-box-icon_content\">Forse non c&#8217;\u00e8 il porno 24 ore su 24, 7 giorni su 7, dove vivete, e va bene cos\u00ec. Ma probabilmente abbiamo almeno una cosa in comune: quando avete voglia di guardare un po&#8217; di sano sesso, non volete avere a che fare con il mal di testa di virus e pop-up e non volete sprecare i vostri soldi su siti scadenti. Siamo sulla stessa barca.\r\n<\/p>\n<\/div>        <\/div>\n    <\/div>\n<\/section>","protected":false},"excerpt":{"rendered":"","protected":false},"author":2,"featured_media":0,"parent":0,"menu_order":0,"comment_status":"closed","ping_status":"closed","template":"","meta":{"_acf_changed":false,"footnotes":""},"class_list":["post-4746","page","type-page","status-publish","hentry"],"acf":[],"rankMath":{"parentDomain":"myonlineporn.com","noFollowDomains":[],"noFollowExcludeDomains":[],"noFollowExternalLinks":false,"featuredImageNotice":"L&#039;immagine in evidenza dovrebbe essere di almeno 200 x 200 pixel per essere ripresa da Facebook e altri siti di social media.","pluginReviewed":false,"postSettings":{"linkSuggestions":true,"useFocusKeyword":false},"frontEndScore":false,"postName":"about","permalinkFormat":"https:\/\/myonlineporn.com\/it\/%pagename%\/","showLockModifiedDate":true,"assessor":{"focusKeywordLink":"https:\/\/myonlineporn.com\/wp-admin\/edit.php?focus_keyword=%focus_keyword%&post_type=%post_type%","hasTOCPlugin":false,"primaryTaxonomy":false,"serpData":{"title":"%customfield(translated_title)% %page% %sep% %sitename%","description":"Amo guardare e recensire i migliori siti porno. Ecco la mia storia, la mia missione e i valori fondamentali che mi guidano.","focusKeywords":"","pillarContent":false,"canonicalUrl":"","breadcrumbTitle":"","advancedRobots":{"max-snippet":"-1","max-video-preview":"-1","max-image-preview":"large"},"facebookTitle":"","facebookDescription":"","facebookImage":"","facebookImageID":"","facebookHasOverlay":false,"facebookImageOverlay":"","facebookAuthor":"","twitterCardType":"","twitterUseFacebook":true,"twitterTitle":"","twitterDescription":"","twitterImage":"","twitterImageID":"","twitterHasOverlay":false,"twitterImageOverlay":"","twitterPlayerUrl":"","twitterPlayerSize":"","twitterPlayerStream":"","twitterPlayerStreamCtype":"","twitterAppDescription":"","twitterAppIphoneName":"","twitterAppIphoneID":"","twitterAppIphoneUrl":"","twitterAppIpadName":"","twitterAppIpadID":"","twitterAppIpadUrl":"","twitterAppGoogleplayName":"","twitterAppGoogleplayID":"","twitterAppGoogleplayUrl":"","twitterAppCountry":"","robots":{"index":true},"twitterAuthor":"nome utente","primaryTerm":0,"authorName":"Maurice","titleTemplate":"%title% %page% %sep% %sitename%","descriptionTemplate":"%excerpt%","showScoreFrontend":true,"lockModifiedDate":false},"powerWords":["incredibile","sorprendente","meraviglioso","unico","bello","felicit\u00e0","brillante","affascinante","carismatico","scioccante","chiaro","completamente","riservato","fiducia","significativo","creativo","definitivamente","delizioso","dimostrare","sbrigati","determinato","degno","dinamico","impressionante","essenziale","ispiratore","innovativo","intenso","efficace","magico","magnifico","storico","importante","incredibile","indispensabile","indimenticabile","irresistibile","leggendario","luminoso","lusso","magico","magnifico","maestoso","memorabile","miracoloso","motivante","necessario","nuovo","ufficiale","perfetto","appassionato","persuasivo","fenomenale","piacere","popolare","potere","prestigioso","prodigioso","profondo","prospero","potente","qualit\u00e0","radiante","veloce","di successo","rivoluzionario","soddisfatto","sicurezza","sensazionale","sereno","lussuoso","splendido","sublime","sorprendente","talentuoso","terrificante","unico","valore","vibrante","vittorioso","vivace","veramente","zelante","autentico","avventuroso","spettacolare","esclusivo","garantito","straordinario","favoloso","affascinante","formidabile","geniale","grandioso","gratuito","abile","illimitato","impeccabile","infallibile","infinitamente","influente","ingegnoso","indimenticabile","insostituibile","leader","maestro","notevole","innovativo","pioniere","potente","riconosciuto","rivoluzionario","sorprendente","superiore","trionfante","ultra","coraggioso","prezioso","avanguardia","vigoroso","visionario","volont\u00e0","vitale","trionfo","glorioso","inarrestabile","ineguagliabile","intelligente","invincibile","libert\u00e0","orgoglio","pace","progresso","rinnovato","saggezza","soddisfazione","sicuro","serenit\u00e0","superamento","talento","trascendente","trasformativo","coraggio","vittoria"],"diacritics":{"A":"[\\u0041\\u24B6\\uFF21\\u00C0\\u00C1\\u00C2\\u1EA6\\u1EA4\\u1EAA\\u1EA8\\u00C3\\u0100\\u0102\\u1EB0\\u1EAE\\u1EB4\\u1EB2\\u0226\\u01E0\\u00C4\\u01DE\\u1EA2\\u00C5\\u01FA\\u01CD\\u0200\\u0202\\u1EA0\\u1EAC\\u1EB6\\u1E00\\u0104\\u023A\\u2C6F]","AA":"[\\uA732]","AE":"[\\u00C6\\u01FC\\u01E2]","AO":"[\\uA734]","AU":"[\\uA736]","AV":"[\\uA738\\uA73A]","AY":"[\\uA73C]","B":"[\\u0042\\u24B7\\uFF22\\u1E02\\u1E04\\u1E06\\u0243\\u0182\\u0181]","C":"[\\u0043\\u24B8\\uFF23\\u0106\\u0108\\u010A\\u010C\\u00C7\\u1E08\\u0187\\u023B\\uA73E]","D":"[\\u0044\\u24B9\\uFF24\\u1E0A\\u010E\\u1E0C\\u1E10\\u1E12\\u1E0E\\u0110\\u018B\\u018A\\u0189\\uA779]","DZ":"[\\u01F1\\u01C4]","Dz":"[\\u01F2\\u01C5]","E":"[\\u0045\\u24BA\\uFF25\\u00C8\\u00C9\\u00CA\\u1EC0\\u1EBE\\u1EC4\\u1EC2\\u1EBC\\u0112\\u1E14\\u1E16\\u0114\\u0116\\u00CB\\u1EBA\\u011A\\u0204\\u0206\\u1EB8\\u1EC6\\u0228\\u1E1C\\u0118\\u1E18\\u1E1A\\u0190\\u018E]","F":"[\\u0046\\u24BB\\uFF26\\u1E1E\\u0191\\uA77B]","G":"[\\u0047\\u24BC\\uFF27\\u01F4\\u011C\\u1E20\\u011E\\u0120\\u01E6\\u0122\\u01E4\\u0193\\uA7A0\\uA77D\\uA77E]","H":"[\\u0048\\u24BD\\uFF28\\u0124\\u1E22\\u1E26\\u021E\\u1E24\\u1E28\\u1E2A\\u0126\\u2C67\\u2C75\\uA78D]","I":"[\\u0049\\u24BE\\uFF29\\u00CC\\u00CD\\u00CE\\u0128\\u012A\\u012C\\u0130\\u00CF\\u1E2E\\u1EC8\\u01CF\\u0208\\u020A\\u1ECA\\u012E\\u1E2C\\u0197]","J":"[\\u004A\\u24BF\\uFF2A\\u0134\\u0248]","K":"[\\u004B\\u24C0\\uFF2B\\u1E30\\u01E8\\u1E32\\u0136\\u1E34\\u0198\\u2C69\\uA740\\uA742\\uA744\\uA7A2]","L":"[\\u004C\\u24C1\\uFF2C\\u013F\\u0139\\u013D\\u1E36\\u1E38\\u013B\\u1E3C\\u1E3A\\u0141\\u023D\\u2C62\\u2C60\\uA748\\uA746\\uA780]","LJ":"[\\u01C7]","Lj":"[\\u01C8]","M":"[\\u004D\\u24C2\\uFF2D\\u1E3E\\u1E40\\u1E42\\u2C6E\\u019C]","N":"[\\u004E\\u24C3\\uFF2E\\u01F8\\u0143\\u00D1\\u1E44\\u0147\\u1E46\\u0145\\u1E4A\\u1E48\\u0220\\u019D\\uA790\\uA7A4]","NJ":"[\\u01CA]","Nj":"[\\u01CB]","O":"[\\u004F\\u24C4\\uFF2F\\u00D2\\u00D3\\u00D4\\u1ED2\\u1ED0\\u1ED6\\u1ED4\\u00D5\\u1E4C\\u022C\\u1E4E\\u014C\\u1E50\\u1E52\\u014E\\u022E\\u0230\\u00D6\\u022A\\u1ECE\\u0150\\u01D1\\u020C\\u020E\\u01A0\\u1EDC\\u1EDA\\u1EE0\\u1EDE\\u1EE2\\u1ECC\\u1ED8\\u01EA\\u01EC\\u00D8\\u01FE\\u0186\\u019F\\uA74A\\uA74C]","OI":"[\\u01A2]","OO":"[\\uA74E]","OU":"[\\u0222]","P":"[\\u0050\\u24C5\\uFF30\\u1E54\\u1E56\\u01A4\\u2C63\\uA750\\uA752\\uA754]","Q":"[\\u0051\\u24C6\\uFF31\\uA756\\uA758\\u024A]","R":"[\\u0052\\u24C7\\uFF32\\u0154\\u1E58\\u0158\\u0210\\u0212\\u1E5A\\u1E5C\\u0156\\u1E5E\\u024C\\u2C64\\uA75A\\uA7A6\\uA782]","S":"[\\u0053\\u24C8\\uFF33\\u1E9E\\u015A\\u1E64\\u015C\\u1E60\\u0160\\u1E66\\u1E62\\u1E68\\u0218\\u015E\\u2C7E\\uA7A8\\uA784]","T":"[\\u0054\\u24C9\\uFF34\\u1E6A\\u0164\\u1E6C\\u021A\\u0162\\u1E70\\u1E6E\\u0166\\u01AC\\u01AE\\u023E\\uA786]","TZ":"[\\uA728]","U":"[\\u0055\\u24CA\\uFF35\\u00D9\\u00DA\\u00DB\\u0168\\u1E78\\u016A\\u1E7A\\u016C\\u00DC\\u01DB\\u01D7\\u01D5\\u01D9\\u1EE6\\u016E\\u0170\\u01D3\\u0214\\u0216\\u01AF\\u1EEA\\u1EE8\\u1EEE\\u1EEC\\u1EF0\\u1EE4\\u1E72\\u0172\\u1E76\\u1E74\\u0244]","V":"[\\u0056\\u24CB\\uFF36\\u1E7C\\u1E7E\\u01B2\\uA75E\\u0245]","VY":"[\\uA760]","W":"[\\u0057\\u24CC\\uFF37\\u1E80\\u1E82\\u0174\\u1E86\\u1E84\\u1E88\\u2C72]","X":"[\\u0058\\u24CD\\uFF38\\u1E8A\\u1E8C]","Y":"[\\u0059\\u24CE\\uFF39\\u1EF2\\u00DD\\u0176\\u1EF8\\u0232\\u1E8E\\u0178\\u1EF6\\u1EF4\\u01B3\\u024E\\u1EFE]","Z":"[\\u005A\\u24CF\\uFF3A\\u0179\\u1E90\\u017B\\u017D\\u1E92\\u1E94\\u01B5\\u0224\\u2C7F\\u2C6B\\uA762]","a":"[\\u0061\\u24D0\\uFF41\\u1E9A\\u00E0\\u00E1\\u00E2\\u1EA7\\u1EA5\\u1EAB\\u1EA9\\u00E3\\u0101\\u0103\\u1EB1\\u1EAF\\u1EB5\\u1EB3\\u0227\\u01E1\\u00E4\\u01DF\\u1EA3\\u00E5\\u01FB\\u01CE\\u0201\\u0203\\u1EA1\\u1EAD\\u1EB7\\u1E01\\u0105\\u2C65\\u0250]","aa":"[\\uA733]","ae":"[\\u00E6\\u01FD\\u01E3]","ao":"[\\uA735]","au":"[\\uA737]","av":"[\\uA739\\uA73B]","ay":"[\\uA73D]","b":"[\\u0062\\u24D1\\uFF42\\u1E03\\u1E05\\u1E07\\u0180\\u0183\\u0253]","c":"[\\u0063\\u24D2\\uFF43\\u0107\\u0109\\u010B\\u010D\\u00E7\\u1E09\\u0188\\u023C\\uA73F\\u2184]","d":"[\\u0064\\u24D3\\uFF44\\u1E0B\\u010F\\u1E0D\\u1E11\\u1E13\\u1E0F\\u0111\\u018C\\u0256\\u0257\\uA77A]","dz":"[\\u01F3\\u01C6]","e":"[\\u0065\\u24D4\\uFF45\\u00E8\\u00E9\\u00EA\\u1EC1\\u1EBF\\u1EC5\\u1EC3\\u1EBD\\u0113\\u1E15\\u1E17\\u0115\\u0117\\u00EB\\u1EBB\\u011B\\u0205\\u0207\\u1EB9\\u1EC7\\u0229\\u1E1D\\u0119\\u1E19\\u1E1B\\u0247\\u025B\\u01DD]","f":"[\\u0066\\u24D5\\uFF46\\u1E1F\\u0192\\uA77C]","g":"[\\u0067\\u24D6\\uFF47\\u01F5\\u011D\\u1E21\\u011F\\u0121\\u01E7\\u0123\\u01E5\\u0260\\uA7A1\\u1D79\\uA77F]","h":"[\\u0068\\u24D7\\uFF48\\u0125\\u1E23\\u1E27\\u021F\\u1E25\\u1E29\\u1E2B\\u1E96\\u0127\\u2C68\\u2C76\\u0265]","hv":"[\\u0195]","i":"[\\u0069\\u24D8\\uFF49\\u00EC\\u00ED\\u00EE\\u0129\\u012B\\u012D\\u00EF\\u1E2F\\u1EC9\\u01D0\\u0209\\u020B\\u1ECB\\u012F\\u1E2D\\u0268\\u0131]","j":"[\\u006A\\u24D9\\uFF4A\\u0135\\u01F0\\u0249]","k":"[\\u006B\\u24DA\\uFF4B\\u1E31\\u01E9\\u1E33\\u0137\\u1E35\\u0199\\u2C6A\\uA741\\uA743\\uA745\\uA7A3]","l":"[\\u006C\\u24DB\\uFF4C\\u0140\\u013A\\u013E\\u1E37\\u1E39\\u013C\\u1E3D\\u1E3B\\u017F\\u0142\\u019A\\u026B\\u2C61\\uA749\\uA781\\uA747]","lj":"[\\u01C9]","m":"[\\u006D\\u24DC\\uFF4D\\u1E3F\\u1E41\\u1E43\\u0271\\u026F]","n":"[\\u006E\\u24DD\\uFF4E\\u01F9\\u0144\\u00F1\\u1E45\\u0148\\u1E47\\u0146\\u1E4B\\u1E49\\u019E\\u0272\\u0149\\uA791\\uA7A5]","nj":"[\\u01CC]","o":"[\\u006F\\u24DE\\uFF4F\\u00F2\\u00F3\\u00F4\\u1ED3\\u1ED1\\u1ED7\\u1ED5\\u00F5\\u1E4D\\u022D\\u1E4F\\u014D\\u1E51\\u1E53\\u014F\\u022F\\u0231\\u00F6\\u022B\\u1ECF\\u0151\\u01D2\\u020D\\u020F\\u01A1\\u1EDD\\u1EDB\\u1EE1\\u1EDF\\u1EE3\\u1ECD\\u1ED9\\u01EB\\u01ED\\u00F8\\u01FF\\u0254\\uA74B\\uA74D\\u0275]","oi":"[\\u01A3]","ou":"[\\u0223]","oo":"[\\uA74F]","p":"[\\u0070\\u24DF\\uFF50\\u1E55\\u1E57\\u01A5\\u1D7D\\uA751\\uA753\\uA755]","q":"[\\u0071\\u24E0\\uFF51\\u024B\\uA757\\uA759]","r":"[\\u0072\\u24E1\\uFF52\\u0155\\u1E59\\u0159\\u0211\\u0213\\u1E5B\\u1E5D\\u0157\\u1E5F\\u024D\\u027D\\uA75B\\uA7A7\\uA783]","s":"[\\u0073\\u24E2\\uFF53\\u015B\\u1E65\\u015D\\u1E61\\u0161\\u1E67\\u1E63\\u1E69\\u0219\\u015F\\u023F\\uA7A9\\uA785\\u1E9B]","ss":"[\\u00DF]","t":"[\\u0074\\u24E3\\uFF54\\u1E6B\\u1E97\\u0165\\u1E6D\\u021B\\u0163\\u1E71\\u1E6F\\u0167\\u01AD\\u0288\\u2C66\\uA787]","tz":"[\\uA729]","u":"[\\u0075\\u24E4\\uFF55\\u00F9\\u00FA\\u00FB\\u0169\\u1E79\\u016B\\u1E7B\\u016D\\u00FC\\u01DC\\u01D8\\u01D6\\u01DA\\u1EE7\\u016F\\u0171\\u01D4\\u0215\\u0217\\u01B0\\u1EEB\\u1EE9\\u1EEF\\u1EED\\u1EF1\\u1EE5\\u1E73\\u0173\\u1E77\\u1E75\\u0289]","v":"[\\u0076\\u24E5\\uFF56\\u1E7D\\u1E7F\\u028B\\uA75F\\u028C]","vy":"[\\uA761]","w":"[\\u0077\\u24E6\\uFF57\\u1E81\\u1E83\\u0175\\u1E87\\u1E85\\u1E98\\u1E89\\u2C73]","x":"[\\u0078\\u24E7\\uFF58\\u1E8B\\u1E8D]","y":"[\\u0079\\u24E8\\uFF59\\u1EF3\\u00FD\\u0177\\u1EF9\\u0233\\u1E8F\\u00FF\\u1EF7\\u1E99\\u1EF5\\u01B4\\u024F\\u1EFF]","z":"[\\u007A\\u24E9\\uFF5A\\u017A\\u1E91\\u017C\\u017E\\u1E93\\u1E95\\u01B6\\u0225\\u0240\\u2C6C\\uA763]"},"researchesTests":["contentHasTOC","contentHasShortParagraphs","contentHasAssets","keywordInTitle","keywordInMetaDescription","keywordInPermalink","keywordIn10Percent","keywordInContent","keywordInSubheadings","keywordInImageAlt","keywordDensity","keywordNotUsed","lengthContent","lengthPermalink","linksHasInternal","linksHasExternals","linksNotAllExternals","titleStartWithKeyword","titleSentiment","titleHasPowerWords","titleHasNumber","hasContentAI"],"hasRedirection":true,"hasBreadcrumb":true},"homeUrl":"https:\/\/myonlineporn.com\/it\/","objectID":4746,"objectType":"post","locale":"it","localeFull":"it_IT","overlayImages":{"play":{"name":"Icona di riproduzione","url":"https:\/\/myonlineporn.com\/wp-content\/plugins\/seo-by-rank-math\/assets\/admin\/img\/icon-play.png","path":"\/home\/u317619901\/domains\/myonlineporn.com\/public_html\/wp-content\/plugins\/seo-by-rank-math\/assets\/admin\/img\/icon-play.png","position":"middle_center"},"gif":{"name":"Icona GIF","url":"https:\/\/myonlineporn.com\/wp-content\/plugins\/seo-by-rank-math\/assets\/admin\/img\/icon-gif.png","path":"\/home\/u317619901\/domains\/myonlineporn.com\/public_html\/wp-content\/plugins\/seo-by-rank-math\/assets\/admin\/img\/icon-gif.png","position":"middle_center"}},"defautOgImage":"https:\/\/myonlineporn.com\/wp-content\/plugins\/seo-by-rank-math\/assets\/admin\/img\/social-placeholder.jpg","customPermalinks":true,"isUserRegistered":false,"autoSuggestKeywords":false,"connectSiteUrl":"https:\/\/rankmath.com\/auth?site=https%3A%2F%2Fmyonlineporn.com%2Fit%2F&r=https%3A%2F%2Fmyonlineporn.com%2Fit%2Fwp-json%2Fwp%2Fv2%2Fpages%2F4746%3Fnonce%3D22b256defb","maxTags":5,"trendsIcon":"<svg viewBox=\"0 0 610 610\"><path d=\"M18.85,446,174.32,290.48l58.08,58.08L76.93,504a14.54,14.54,0,0,1-20.55,0L18.83,466.48a14.54,14.54,0,0,1,0-20.55Z\" style=\"fill:#4285f4\"\/><path d=\"M242.65,242.66,377.59,377.6l-47.75,47.75a14.54,14.54,0,0,1-20.55,0L174.37,290.43l47.75-47.75A14.52,14.52,0,0,1,242.65,242.66Z\" style=\"fill:#ea4335\"\/><polygon points=\"319.53 319.53 479.26 159.8 537.34 217.88 377.61 377.62 319.53 319.53\" style=\"fill:#fabb05\"\/><path d=\"M594.26,262.73V118.61h0a16.94,16.94,0,0,0-16.94-16.94H433.2a16.94,16.94,0,0,0-12,28.92L565.34,274.71h0a16.94,16.94,0,0,0,28.92-12Z\" style=\"fill:#34a853\"\/><rect width=\"610\" height=\"610\" style=\"fill:none\"\/><\/svg>","showScore":true,"siteFavIcon":"https:\/\/myonlineporn.com\/wp-content\/uploads\/2024\/03\/footer_logo.png","canUser":{"general":false,"advanced":false,"snippet":false,"social":false,"analysis":false,"analytics":false,"content_ai":false},"showKeywordIntent":true,"isPro":false,"is_front_page":false,"trendsUpgradeLink":"https:\/\/rankmath.com\/pricing\/?utm_source=Plugin&utm_medium=CE%20General%20Tab%20Trends&utm_campaign=WP","trendsUpgradeLabel":"Aggiorna","trendsPreviewImage":"https:\/\/myonlineporn.com\/wp-content\/plugins\/seo-by-rank-math\/assets\/admin\/img\/trends-preview.jpg","currentEditor":false,"homepageData":{"assessor":{"powerWords":["incredibile","sorprendente","meraviglioso","unico","bello","felicit\u00e0","brillante","affascinante","carismatico","scioccante","chiaro","completamente","riservato","fiducia","significativo","creativo","definitivamente","delizioso","dimostrare","sbrigati","determinato","degno","dinamico","impressionante","essenziale","ispiratore","innovativo","intenso","efficace","magico","magnifico","storico","importante","incredibile","indispensabile","indimenticabile","irresistibile","leggendario","luminoso","lusso","magico","magnifico","maestoso","memorabile","miracoloso","motivante","necessario","nuovo","ufficiale","perfetto","appassionato","persuasivo","fenomenale","piacere","popolare","potere","prestigioso","prodigioso","profondo","prospero","potente","qualit\u00e0","radiante","veloce","di successo","rivoluzionario","soddisfatto","sicurezza","sensazionale","sereno","lussuoso","splendido","sublime","sorprendente","talentuoso","terrificante","unico","valore","vibrante","vittorioso","vivace","veramente","zelante","autentico","avventuroso","spettacolare","esclusivo","garantito","straordinario","favoloso","affascinante","formidabile","geniale","grandioso","gratuito","abile","illimitato","impeccabile","infallibile","infinitamente","influente","ingegnoso","indimenticabile","insostituibile","leader","maestro","notevole","innovativo","pioniere","potente","riconosciuto","rivoluzionario","sorprendente","superiore","trionfante","ultra","coraggioso","prezioso","avanguardia","vigoroso","visionario","volont\u00e0","vitale","trionfo","glorioso","inarrestabile","ineguagliabile","intelligente","invincibile","libert\u00e0","orgoglio","pace","progresso","rinnovato","saggezza","soddisfazione","sicuro","serenit\u00e0","superamento","talento","trascendente","trasformativo","coraggio","vittoria"],"diacritics":true,"researchesTests":["contentHasTOC","contentHasShortParagraphs","contentHasAssets","keywordInTitle","keywordInMetaDescription","keywordInPermalink","keywordIn10Percent","keywordInContent","keywordInSubheadings","keywordInImageAlt","keywordDensity","keywordNotUsed","lengthContent","lengthPermalink","linksHasInternal","linksHasExternals","linksNotAllExternals","titleStartWithKeyword","titleSentiment","titleHasPowerWords","titleHasNumber","hasContentAI"],"hasBreadcrumb":true,"serpData":{"title":false,"description":"","titleTemplate":"%sitename% %page% %sep% %sitedesc%","descriptionTemplate":"","focusKeywords":"","breadcrumbTitle":"Home","robots":{"index":true},"advancedRobots":{"max-snippet":"-1","max-video-preview":"-1","max-image-preview":"large"},"facebookTitle":"","facebookDescription":"","facebookImage":"","facebookImageID":""}}},"tocTitle":"Table of Contents","tocExcludeHeadings":[],"listStyle":"div"},"_links":{"self":[{"href":"https:\/\/myonlineporn.com\/it\/wp-json\/wp\/v2\/pages\/4746","targetHints":{"allow":["GET"]}}],"collection":[{"href":"https:\/\/myonlineporn.com\/it\/wp-json\/wp\/v2\/pages"}],"about":[{"href":"https:\/\/myonlineporn.com\/it\/wp-json\/wp\/v2\/types\/page"}],"author":[{"embeddable":true,"href":"https:\/\/myonlineporn.com\/it\/wp-json\/wp\/v2\/users\/2"}],"replies":[{"embeddable":true,"href":"https:\/\/myonlineporn.com\/it\/wp-json\/wp\/v2\/comments?post=4746"}],"version-history":[{"count":0,"href":"https:\/\/myonlineporn.com\/it\/wp-json\/wp\/v2\/pages\/4746\/revisions"}],"wp:attachment":[{"href":"https:\/\/myonlineporn.com\/it\/wp-json\/wp\/v2\/media?parent=4746"}],"curies":[{"name":"wp","href":"https:\/\/api.w.org\/{rel}","templated":true}]}}