{"id":21426,"date":"2023-05-02T21:12:28","date_gmt":"2023-05-02T21:12:28","guid":{"rendered":"https:\/\/myonlineporn.com\/cookie-policy\/"},"modified":"2023-09-04T21:33:13","modified_gmt":"2023-09-04T21:33:13","slug":"politica-de-cookies","status":"publish","type":"page","link":"https:\/\/myonlineporn.com\/pt-pt\/politica-de-cookies\/","title":{"rendered":"COOKIE POLICY"},"content":{"rendered":"\n<section class=\"generic-content vertical-padding\">\n    <div class=\"container\">\n                    <h1 class=\"generic-content_title heading-secondary\">POL\u00cdTICA DE COOKIES &#8211; myonlineporn.com<\/h1>\n                <div class=\"generic_content_wrapper\">\n            <div class=\"rich-text-content\">\n                <p><span style=\"font-weight: 400;\">A presente Pol\u00edtica de Cookies descreve a forma como o MyOnlinePorn.com (&#8220;n\u00f3s&#8221;, &#8220;nos&#8221; ou &#8220;nosso&#8221;) e os nossos prestadores de servi\u00e7os terceiros utilizam cookies e tecnologias semelhantes para reconhecer, recolher e\/ou rastrear informa\u00e7\u00f5es sobre, e relevantes para, a sua utiliza\u00e7\u00e3o do MyOnlinePorn.com (o &#8220;Site&#8221;).<\/span><\/p>\n<p>&nbsp;<\/p>\n<h2><span style=\"font-weight: 400;\">O QUE S\u00c3O COOKIES<\/span><\/h2>\n<p>&nbsp;<\/p>\n<p><span style=\"font-weight: 400;\">Cookies s\u00e3o ficheiros de texto com uma pequena quantidade de dados, que podem incluir um identificador \u00fanico an\u00f3nimo.<\/span><\/p>\n<p>&nbsp;<\/p>\n<p><span style=\"font-weight: 400;\">Os cookies s\u00e3o enviados para o seu navegador a partir de um site da Web e armazenados na parte do disco r\u00edgido do seu computador \/ tablet \/ dispositivo m\u00f3vel, especificamente designado para cookies.<\/span><\/p>\n<p>&nbsp;<\/p>\n<p><span style=\"font-weight: 400;\">\u00c9 pr\u00e1tica comum usar cookies para melhorar sua experi\u00eancia ao usar um site.<\/span><\/p>\n<p>&nbsp;<\/p>\n<p><span style=\"font-weight: 400;\">Como muitos sites, usamos &#8220;cookies&#8221; para reconhecer, coletar e\/ou rastrear informa\u00e7\u00f5es sobre, e relevantes para, seu uso do MyOnlinePorn.com.<\/span><\/p>\n<p>&nbsp;<\/p>\n<p><span style=\"font-weight: 400;\">Estes cookies s\u00e3o conhecidos como &#8220;cookies prim\u00e1rios&#8221;. Tamb\u00e9m podemos reconhecer, recolher e\/ou rastrear informa\u00e7\u00f5es atrav\u00e9s de cookies definidos por terceiros. Estes cookies s\u00e3o conhecidos como &#8220;cookies de terceiros&#8221;. Os cookies de terceiros s\u00e3o utilizados para executar tarefas relacionadas com publicidade e an\u00e1lises e para permitir funcionalidades interactivas, como a partilha ou os coment\u00e1rios. Alguns terceiros recolhem estat\u00edsticas de forma an\u00f3nima e agregada e podem n\u00e3o exigir o consentimento do utilizador.<\/span><\/p>\n<p>&nbsp;<\/p>\n<p><span style=\"font-weight: 400;\">As informa\u00e7\u00f5es que os nossos cookies prim\u00e1rios ou cookies de terceiros reconhecem, recolhem e\/ou rastreiam podem incluir informa\u00e7\u00f5es sobre os seus dispositivos, ac\u00e7\u00f5es de navega\u00e7\u00e3o e padr\u00f5es, tais como, entre outros, o tipo de computador que utiliza, o seu fornecedor de servi\u00e7os de Internet, o seu tipo de browser, a sua localiza\u00e7\u00e3o, o seu endere\u00e7o IP, a data e hora da sua visita, as p\u00e1ginas visualizadas, o seu padr\u00e3o de tr\u00e1fego atrav\u00e9s do MyOnlinePorn.com.<\/span><\/p>\n<p>&nbsp;<\/p>\n<p><span style=\"font-weight: 400;\">Na sua primeira visita ao MyOnlinePorn.com (e periodicamente depois disso), solicitaremos seu consentimento para o uso de cookies, exceto os estritamente necess\u00e1rios.<\/span><\/p>\n<p>&nbsp;<\/p>\n<h2><span style=\"font-weight: 400;\">QUAIS OS COOKIES QUE USAMOS <\/span><\/h2>\n<p><span style=\"font-weight: 400;\">N\u00f3s usamos as seguintes categorias de cookies no Site: MyOnlinePorn.com<\/span><\/p>\n<p>&nbsp;<\/p>\n<h3><span style=\"font-weight: 400;\">Cookies estritamente necess\u00e1rios<\/span><\/h3>\n<p><span style=\"font-weight: 400;\">Estes cookies s\u00e3o essenciais para lhe permitir navegar no MyOnlinePorn.com e utilizar as suas funcionalidades. Utilizamos cookies para guardar as suas sess\u00f5es, os seus detalhes de in\u00edcio de sess\u00e3o e outras informa\u00e7\u00f5es necess\u00e1rias para realizar os seus pedidos, e para realizar outras actividades estritamente necess\u00e1rias para o funcionamento deste Site, por exemplo, em rela\u00e7\u00e3o \u00e0 distribui\u00e7\u00e3o do tr\u00e1fego. Utilizamos cookies para guardar as prefer\u00eancias de navega\u00e7\u00e3o e optimizar a sua experi\u00eancia de navega\u00e7\u00e3o.<\/span><\/p>\n<p>&nbsp;<\/p>\n<h3><span style=\"font-weight: 400;\">COOKIES ANAL\u00cdTICOS<\/span><\/h3>\n<p><span style=\"font-weight: 400;\">Estes cookies recolhem informa\u00e7\u00f5es sobre a sua utiliza\u00e7\u00e3o do MyOnlinePorn.com, tais como, por exemplo, ac\u00e7\u00f5es e padr\u00f5es de navega\u00e7\u00e3o, a data e hora da sua visita, as p\u00e1ginas visualizadas, o seu padr\u00e3o de tr\u00e1fego atrav\u00e9s do MyOnlinePorn.com.<\/span><\/p>\n<p>&nbsp;<\/p>\n<p><span style=\"font-weight: 400;\">Atrav\u00e9s da recolha destas informa\u00e7\u00f5es, somos capazes de monitorizar e analisar o tr\u00e1fego da Web para o MyOnlinePorn.com. Os comportamentos dos utilizadores podem ser reconhecidos, recolhidos e\/ou rastreados.<\/span><\/p>\n<p>&nbsp;<\/p>\n<p><span style=\"font-weight: 400;\">Usamos o Google Analytics para monitorizar e analisar o tr\u00e1fego da Web para o MyOnlinePorn.com. O Google utiliza os dados reconhecidos, coletados e\/ou rastreados no MyOnlinePorn.com para preparar relat\u00f3rios sobre as atividades de tr\u00e1fego.<\/span><\/p>\n<p>&nbsp;<\/p>\n<p><span style=\"font-weight: 400;\">Esta integra\u00e7\u00e3o do Google Analytics torna o seu endere\u00e7o IP an\u00f3nimo.<\/span><\/p>\n<p>&nbsp;<\/p>\n<p><span style=\"font-weight: 400;\">O Google pode usar as informa\u00e7\u00f5es reconhecidas, coletadas e \/ ou rastreadas para personalizar os an\u00fancios de sua rede de publicidade e pode compartilhar as informa\u00e7\u00f5es reconhecidas, coletadas e \/ ou rastreadas com outros servi\u00e7os. <\/span><\/p>\n<p>&nbsp;<\/p>\n<h3><span style=\"font-weight: 400;\">Cookies de seguran\u00e7a<\/span><\/h3>\n<p><span style=\"font-weight: 400;\">Estes cookies s\u00e3o essenciais para as nossas funcionalidades de seguran\u00e7a. Estes cookies permitem-nos detectar actividades maliciosas ou actividades que violem os nossos termos de utiliza\u00e7\u00e3o.<\/p>\n<p>&nbsp;<\/p>\n<h3><span style=\"font-weight: 400;\">Cookies de personaliza\u00e7\u00e3o<\/span><\/h3>\n<p><span style=\"font-weight: 400;\">Estes cookies permitem ao MyOnlinePorn.com guardar informa\u00e7\u00f5es e detalhes, como o seu nome de utilizador, para optimizar a sua experi\u00eancia no MyOnlinePorn.com e fornecer funcionalidades pessoais. <\/span><\/p>\n<p>&nbsp;<\/p>\n<h2><span style=\"font-weight: 400;\">Cookies de redes sociais e p\u00edxeis<\/span><\/h2>\n<p><span style=\"font-weight: 400;\">Estes cookies permitem-lhe partilhar a sua actividade no MyOnlinePorn.com em redes sociais como o Facebook, LinkedIn e Twitter, ou outras plataformas externas directamente a partir doMyOnlinePorn.com.<\/span><\/p>\n<p>&nbsp;<\/p>\n<p><span style=\"font-weight: 400;\">Os cookies podem ainda ser reconhecidos, recolhidos e\/ou rastreados nas p\u00e1ginas onde est\u00e3o instalados bot\u00f5es, widgets ou outras aplica\u00e7\u00f5es, mesmo que n\u00e3o os utilize activamente.<\/span><\/p>\n<p>&nbsp;<\/p>\n<p><span style=\"font-weight: 400;\">A interac\u00e7\u00e3o e as informa\u00e7\u00f5es reconhecidas, recolhidas e\/ou rastreadas atrav\u00e9s do MyOnlinePorn.com est\u00e3o sempre sujeitas \u00e0s suas defini\u00e7\u00f5es de privacidade para cada rede social e plataforma externa.<\/span><\/p>\n<p>&nbsp;<\/p>\n<p><span style=\"font-weight: 400;\">Aconselha-se que consulte a pol\u00edtica de privacidade da rede social ou plataforma externa relevante e que termine sess\u00e3o na respectiva rede ou plataforma para se certificar de que as informa\u00e7\u00f5es recolhidas no MyOnlinePorn.com n\u00e3o s\u00e3o rastreadas at\u00e9 ao seu perfil.<\/span><\/p>\n<p>&nbsp;<\/p>\n<h3><span style=\"font-weight: 400;\">Bot\u00e3o Curtir do Facebook e widgets sociais do Facebook<\/span><\/h3>\n<p><span style=\"font-weight: 400;\">O bot\u00e3o Curtir do Facebook e os widgets sociais do Facebook s\u00e3o aplicativos que permitem a intera\u00e7\u00e3o com a rede social Facebook.<\/span><\/p>\n<p>&nbsp;<\/p>\n<h3><span style=\"font-weight: 400;\">Bot\u00e3o Tweet do Twitter e widgets sociais do Twitter<\/span><\/h3>\n<p><span style=\"font-weight: 400;\">O bot\u00e3o Tweet do Twitter e os widgets sociais do Twitter s\u00e3o aplicativos que permitem a intera\u00e7\u00e3o com a rede social Twitter.<\/span><\/p>\n<p>&nbsp;<\/p>\n<h3><span style=\"font-weight: 400;\">Widget de v\u00eddeo do YouTube<\/span><\/h3>\n<p><span style=\"font-weight: 400;\">O YouTube \u00e9 um site de partilha de v\u00eddeos que permite ao MyOnlinePorn.com incorporar conte\u00fado de v\u00eddeo nas suas p\u00e1ginas e publica\u00e7\u00f5es.<\/span><\/p>\n<p>&nbsp;<\/p>\n<h3><span style=\"font-weight: 400;\">Pix\u00e9is de redes sociais<\/span><\/h3>\n<p>&nbsp;<\/p>\n<p><span style=\"font-weight: 400;\">Reservamo-nos o direito de utilizar pix\u00e9is de redes sociais. Estes pixels permitem que as redes sociais, como o Facebook, rastreiem os visitantes de s\u00edtios Web externos para adaptar as suas actividades publicit\u00e1rias aos utilizadores que navegam na sua rede social. Para obter informa\u00e7\u00f5es sobre estes p\u00edxeis, recomendamos que consulte a pol\u00edtica de privacidade da rede social em causa.<\/span><\/p>\n<p>&nbsp;<\/p>\n<h3><span style=\"font-weight: 400;\">Pixel do Facebook<\/span><\/h3>\n<p><span style=\"font-weight: 400;\">O pixel do Facebook liga a actividade realizada no MyOnlinePorn.com \u00e0 rede de publicidade do Facebook, incluindo an\u00fancios do Instagram e do Audience.<\/span><\/p>\n<p>&nbsp;<\/p>\n<p><span style=\"font-weight: 400;\">Cookies de segmenta\u00e7\u00e3o ou publicidade<\/span><\/p>\n<p><span style=\"font-weight: 400;\">Estes cookies registam as suas ac\u00e7\u00f5es e padr\u00f5es de navega\u00e7\u00e3o no MyOnlinePorn.com, tais como, entre outros, as p\u00e1ginas que visitou e as liga\u00e7\u00f5es que seguiu. As informa\u00e7\u00f5es reconhecidas, recolhidas e\/ou rastreadas por estes cookies s\u00e3o utilizadas para tornar o MyOnlinePorn.com e a publicidade apresentada atrav\u00e9s de hiperliga\u00e7\u00f5es ou banners no MyOnlinePorn.com mais relevantes para os seus interesses. Para o mesmo fim, estas informa\u00e7\u00f5es tamb\u00e9m podem ser partilhadas com terceiros, como o Google AdSense.<\/span><\/p>\n<p>&nbsp;<\/p>\n<h2><span style=\"font-weight: 400;\">COMO CONTROLAR OS COOKIES<\/span><\/h2>\n<p><span style=\"font-weight: 400;\">De acordo com a nossa Pol\u00edtica de Privacidade e esta Pol\u00edtica de Cookies, o utilizador tem o direito de aceitar ou rejeitar cookies.<\/span><\/p>\n<p>&nbsp;<\/p>\n<p><span style=\"font-weight: 400;\">Os cookies estritamente necess\u00e1rios n\u00e3o podem ser rejeitados, uma vez que s\u00e3o essenciais para lhe permitir navegar no MyOnlinePorn.com e utilizar as suas funcionalidades.<\/span><\/p>\n<p>&nbsp;<\/p>\n<p><span style=\"font-weight: 400;\">Se rejeitar os cookies, poder\u00e1 continuar a utilizar o MyOnlinePorn.com, embora certas caracter\u00edsticas e funcionalidades possam n\u00e3o estar dispon\u00edveis para si e\/ou certas \u00e1reas possam ser restringidas.<\/span><\/p>\n<p>&nbsp;<\/p>\n<p><span style=\"font-weight: 400;\">Al\u00e9m do que \u00e9 indicado nesta Pol\u00edtica de Cookies, pode gerir as prefer\u00eancias de cookies directamente a partir do seu pr\u00f3prio navegador e impedir &#8211; por exemplo &#8211; que terceiros instalem cookies.<\/span><\/p>\n<p>&nbsp;<\/p>\n<p><span style=\"font-weight: 400;\">Por meio das prefer\u00eancias do navegador, tamb\u00e9m \u00e9 poss\u00edvel excluir os cookies instalados no passado, incluindo os cookies que podem ter salvo o consentimento inicial para a instala\u00e7\u00e3o de cookies pelo MyOnlinePorn.com.<\/span><\/p>\n<p>&nbsp;<\/p>\n<p><span style=\"font-weight: 400;\">Pode encontrar informa\u00e7\u00f5es sobre como gerir os cookies nos browsers mais utilizados (por exemplo, Google Chrome, Mozilla Firefox, Apple Safari e Microsoft Internet Explorer) no site do browser de elei\u00e7\u00e3o.<\/span><\/p>\n<p>&nbsp;<\/p>\n<p><span style=\"font-weight: 400;\">No que diz respeito aos cookies instalados por terceiros, os utilizadores podem gerir as suas prefer\u00eancias e retirar o seu consentimento clicando na hiperliga\u00e7\u00e3o de exclus\u00e3o relacionada (se fornecida), utilizando os meios previstos na pol\u00edtica de privacidade do terceiro ou contactando o terceiro.<\/span><\/p>\n<p>&nbsp;<\/p>\n<h2><span style=\"font-weight: 400;\">CONTACTE-NOS<\/span><\/h2>\n<p><span style=\"font-weight: 400;\">Se tiver alguma quest\u00e3o sobre esta Pol\u00edtica de Cookies, contacte-nos atrav\u00e9s de maurice@myonlineporn.com.<\/span><\/p>\n<p>&nbsp;<\/p>\n            <\/div>\n        <\/div>\n    <\/div>\n<\/section>","protected":false},"excerpt":{"rendered":"","protected":false},"author":2,"featured_media":0,"parent":0,"menu_order":0,"comment_status":"closed","ping_status":"closed","template":"","meta":{"_acf_changed":false,"footnotes":""},"class_list":["post-21426","page","type-page","status-publish","hentry"],"acf":[],"rankMath":{"parentDomain":"myonlineporn.com","noFollowDomains":[],"noFollowExcludeDomains":[],"noFollowExternalLinks":false,"featuredImageNotice":"The featured image should be at least 200 by 200 pixels to be picked up by Facebook and other social media sites.","pluginReviewed":false,"postSettings":{"linkSuggestions":true,"useFocusKeyword":false},"frontEndScore":false,"postName":"politica-de-cookies","permalinkFormat":"https:\/\/myonlineporn.com\/pt-pt\/%pagename%\/","showLockModifiedDate":true,"assessor":{"focusKeywordLink":"https:\/\/myonlineporn.com\/wp-admin\/edit.php?focus_keyword=%focus_keyword%&post_type=%post_type%","hasTOCPlugin":false,"primaryTaxonomy":false,"serpData":{"title":"%customfield(translated_title)% %page% %sep% %sitename%","description":"","focusKeywords":"","pillarContent":false,"canonicalUrl":"","breadcrumbTitle":"","advancedRobots":{"max-snippet":"-1","max-video-preview":"-1","max-image-preview":"large"},"facebookTitle":"","facebookDescription":"","facebookImage":"","facebookImageID":"","facebookHasOverlay":false,"facebookImageOverlay":"","facebookAuthor":"","twitterCardType":"","twitterUseFacebook":true,"twitterTitle":"","twitterDescription":"","twitterImage":"","twitterImageID":"","twitterHasOverlay":false,"twitterImageOverlay":"","twitterPlayerUrl":"","twitterPlayerSize":"","twitterPlayerStream":"","twitterPlayerStreamCtype":"","twitterAppDescription":"","twitterAppIphoneName":"","twitterAppIphoneID":"","twitterAppIphoneUrl":"","twitterAppIpadName":"","twitterAppIpadID":"","twitterAppIpadUrl":"","twitterAppGoogleplayName":"","twitterAppGoogleplayID":"","twitterAppGoogleplayUrl":"","twitterAppCountry":"","robots":{"index":true},"twitterAuthor":"username","primaryTerm":0,"authorName":"Maurice","titleTemplate":"%title% %page% %sep% %sitename%","descriptionTemplate":"%excerpt%","showScoreFrontend":true,"lockModifiedDate":false},"powerWords":[],"diacritics":{"A":"[\\u0041\\u24B6\\uFF21\\u00C0\\u00C1\\u00C2\\u1EA6\\u1EA4\\u1EAA\\u1EA8\\u00C3\\u0100\\u0102\\u1EB0\\u1EAE\\u1EB4\\u1EB2\\u0226\\u01E0\\u00C4\\u01DE\\u1EA2\\u00C5\\u01FA\\u01CD\\u0200\\u0202\\u1EA0\\u1EAC\\u1EB6\\u1E00\\u0104\\u023A\\u2C6F]","AA":"[\\uA732]","AE":"[\\u00C6\\u01FC\\u01E2]","AO":"[\\uA734]","AU":"[\\uA736]","AV":"[\\uA738\\uA73A]","AY":"[\\uA73C]","B":"[\\u0042\\u24B7\\uFF22\\u1E02\\u1E04\\u1E06\\u0243\\u0182\\u0181]","C":"[\\u0043\\u24B8\\uFF23\\u0106\\u0108\\u010A\\u010C\\u00C7\\u1E08\\u0187\\u023B\\uA73E]","D":"[\\u0044\\u24B9\\uFF24\\u1E0A\\u010E\\u1E0C\\u1E10\\u1E12\\u1E0E\\u0110\\u018B\\u018A\\u0189\\uA779]","DZ":"[\\u01F1\\u01C4]","Dz":"[\\u01F2\\u01C5]","E":"[\\u0045\\u24BA\\uFF25\\u00C8\\u00C9\\u00CA\\u1EC0\\u1EBE\\u1EC4\\u1EC2\\u1EBC\\u0112\\u1E14\\u1E16\\u0114\\u0116\\u00CB\\u1EBA\\u011A\\u0204\\u0206\\u1EB8\\u1EC6\\u0228\\u1E1C\\u0118\\u1E18\\u1E1A\\u0190\\u018E]","F":"[\\u0046\\u24BB\\uFF26\\u1E1E\\u0191\\uA77B]","G":"[\\u0047\\u24BC\\uFF27\\u01F4\\u011C\\u1E20\\u011E\\u0120\\u01E6\\u0122\\u01E4\\u0193\\uA7A0\\uA77D\\uA77E]","H":"[\\u0048\\u24BD\\uFF28\\u0124\\u1E22\\u1E26\\u021E\\u1E24\\u1E28\\u1E2A\\u0126\\u2C67\\u2C75\\uA78D]","I":"[\\u0049\\u24BE\\uFF29\\u00CC\\u00CD\\u00CE\\u0128\\u012A\\u012C\\u0130\\u00CF\\u1E2E\\u1EC8\\u01CF\\u0208\\u020A\\u1ECA\\u012E\\u1E2C\\u0197]","J":"[\\u004A\\u24BF\\uFF2A\\u0134\\u0248]","K":"[\\u004B\\u24C0\\uFF2B\\u1E30\\u01E8\\u1E32\\u0136\\u1E34\\u0198\\u2C69\\uA740\\uA742\\uA744\\uA7A2]","L":"[\\u004C\\u24C1\\uFF2C\\u013F\\u0139\\u013D\\u1E36\\u1E38\\u013B\\u1E3C\\u1E3A\\u0141\\u023D\\u2C62\\u2C60\\uA748\\uA746\\uA780]","LJ":"[\\u01C7]","Lj":"[\\u01C8]","M":"[\\u004D\\u24C2\\uFF2D\\u1E3E\\u1E40\\u1E42\\u2C6E\\u019C]","N":"[\\u004E\\u24C3\\uFF2E\\u01F8\\u0143\\u00D1\\u1E44\\u0147\\u1E46\\u0145\\u1E4A\\u1E48\\u0220\\u019D\\uA790\\uA7A4]","NJ":"[\\u01CA]","Nj":"[\\u01CB]","O":"[\\u004F\\u24C4\\uFF2F\\u00D2\\u00D3\\u00D4\\u1ED2\\u1ED0\\u1ED6\\u1ED4\\u00D5\\u1E4C\\u022C\\u1E4E\\u014C\\u1E50\\u1E52\\u014E\\u022E\\u0230\\u00D6\\u022A\\u1ECE\\u0150\\u01D1\\u020C\\u020E\\u01A0\\u1EDC\\u1EDA\\u1EE0\\u1EDE\\u1EE2\\u1ECC\\u1ED8\\u01EA\\u01EC\\u00D8\\u01FE\\u0186\\u019F\\uA74A\\uA74C]","OI":"[\\u01A2]","OO":"[\\uA74E]","OU":"[\\u0222]","P":"[\\u0050\\u24C5\\uFF30\\u1E54\\u1E56\\u01A4\\u2C63\\uA750\\uA752\\uA754]","Q":"[\\u0051\\u24C6\\uFF31\\uA756\\uA758\\u024A]","R":"[\\u0052\\u24C7\\uFF32\\u0154\\u1E58\\u0158\\u0210\\u0212\\u1E5A\\u1E5C\\u0156\\u1E5E\\u024C\\u2C64\\uA75A\\uA7A6\\uA782]","S":"[\\u0053\\u24C8\\uFF33\\u1E9E\\u015A\\u1E64\\u015C\\u1E60\\u0160\\u1E66\\u1E62\\u1E68\\u0218\\u015E\\u2C7E\\uA7A8\\uA784]","T":"[\\u0054\\u24C9\\uFF34\\u1E6A\\u0164\\u1E6C\\u021A\\u0162\\u1E70\\u1E6E\\u0166\\u01AC\\u01AE\\u023E\\uA786]","TZ":"[\\uA728]","U":"[\\u0055\\u24CA\\uFF35\\u00D9\\u00DA\\u00DB\\u0168\\u1E78\\u016A\\u1E7A\\u016C\\u00DC\\u01DB\\u01D7\\u01D5\\u01D9\\u1EE6\\u016E\\u0170\\u01D3\\u0214\\u0216\\u01AF\\u1EEA\\u1EE8\\u1EEE\\u1EEC\\u1EF0\\u1EE4\\u1E72\\u0172\\u1E76\\u1E74\\u0244]","V":"[\\u0056\\u24CB\\uFF36\\u1E7C\\u1E7E\\u01B2\\uA75E\\u0245]","VY":"[\\uA760]","W":"[\\u0057\\u24CC\\uFF37\\u1E80\\u1E82\\u0174\\u1E86\\u1E84\\u1E88\\u2C72]","X":"[\\u0058\\u24CD\\uFF38\\u1E8A\\u1E8C]","Y":"[\\u0059\\u24CE\\uFF39\\u1EF2\\u00DD\\u0176\\u1EF8\\u0232\\u1E8E\\u0178\\u1EF6\\u1EF4\\u01B3\\u024E\\u1EFE]","Z":"[\\u005A\\u24CF\\uFF3A\\u0179\\u1E90\\u017B\\u017D\\u1E92\\u1E94\\u01B5\\u0224\\u2C7F\\u2C6B\\uA762]","a":"[\\u0061\\u24D0\\uFF41\\u1E9A\\u00E0\\u00E1\\u00E2\\u1EA7\\u1EA5\\u1EAB\\u1EA9\\u00E3\\u0101\\u0103\\u1EB1\\u1EAF\\u1EB5\\u1EB3\\u0227\\u01E1\\u00E4\\u01DF\\u1EA3\\u00E5\\u01FB\\u01CE\\u0201\\u0203\\u1EA1\\u1EAD\\u1EB7\\u1E01\\u0105\\u2C65\\u0250]","aa":"[\\uA733]","ae":"[\\u00E6\\u01FD\\u01E3]","ao":"[\\uA735]","au":"[\\uA737]","av":"[\\uA739\\uA73B]","ay":"[\\uA73D]","b":"[\\u0062\\u24D1\\uFF42\\u1E03\\u1E05\\u1E07\\u0180\\u0183\\u0253]","c":"[\\u0063\\u24D2\\uFF43\\u0107\\u0109\\u010B\\u010D\\u00E7\\u1E09\\u0188\\u023C\\uA73F\\u2184]","d":"[\\u0064\\u24D3\\uFF44\\u1E0B\\u010F\\u1E0D\\u1E11\\u1E13\\u1E0F\\u0111\\u018C\\u0256\\u0257\\uA77A]","dz":"[\\u01F3\\u01C6]","e":"[\\u0065\\u24D4\\uFF45\\u00E8\\u00E9\\u00EA\\u1EC1\\u1EBF\\u1EC5\\u1EC3\\u1EBD\\u0113\\u1E15\\u1E17\\u0115\\u0117\\u00EB\\u1EBB\\u011B\\u0205\\u0207\\u1EB9\\u1EC7\\u0229\\u1E1D\\u0119\\u1E19\\u1E1B\\u0247\\u025B\\u01DD]","f":"[\\u0066\\u24D5\\uFF46\\u1E1F\\u0192\\uA77C]","g":"[\\u0067\\u24D6\\uFF47\\u01F5\\u011D\\u1E21\\u011F\\u0121\\u01E7\\u0123\\u01E5\\u0260\\uA7A1\\u1D79\\uA77F]","h":"[\\u0068\\u24D7\\uFF48\\u0125\\u1E23\\u1E27\\u021F\\u1E25\\u1E29\\u1E2B\\u1E96\\u0127\\u2C68\\u2C76\\u0265]","hv":"[\\u0195]","i":"[\\u0069\\u24D8\\uFF49\\u00EC\\u00ED\\u00EE\\u0129\\u012B\\u012D\\u00EF\\u1E2F\\u1EC9\\u01D0\\u0209\\u020B\\u1ECB\\u012F\\u1E2D\\u0268\\u0131]","j":"[\\u006A\\u24D9\\uFF4A\\u0135\\u01F0\\u0249]","k":"[\\u006B\\u24DA\\uFF4B\\u1E31\\u01E9\\u1E33\\u0137\\u1E35\\u0199\\u2C6A\\uA741\\uA743\\uA745\\uA7A3]","l":"[\\u006C\\u24DB\\uFF4C\\u0140\\u013A\\u013E\\u1E37\\u1E39\\u013C\\u1E3D\\u1E3B\\u017F\\u0142\\u019A\\u026B\\u2C61\\uA749\\uA781\\uA747]","lj":"[\\u01C9]","m":"[\\u006D\\u24DC\\uFF4D\\u1E3F\\u1E41\\u1E43\\u0271\\u026F]","n":"[\\u006E\\u24DD\\uFF4E\\u01F9\\u0144\\u00F1\\u1E45\\u0148\\u1E47\\u0146\\u1E4B\\u1E49\\u019E\\u0272\\u0149\\uA791\\uA7A5]","nj":"[\\u01CC]","o":"[\\u006F\\u24DE\\uFF4F\\u00F2\\u00F3\\u00F4\\u1ED3\\u1ED1\\u1ED7\\u1ED5\\u00F5\\u1E4D\\u022D\\u1E4F\\u014D\\u1E51\\u1E53\\u014F\\u022F\\u0231\\u00F6\\u022B\\u1ECF\\u0151\\u01D2\\u020D\\u020F\\u01A1\\u1EDD\\u1EDB\\u1EE1\\u1EDF\\u1EE3\\u1ECD\\u1ED9\\u01EB\\u01ED\\u00F8\\u01FF\\u0254\\uA74B\\uA74D\\u0275]","oi":"[\\u01A3]","ou":"[\\u0223]","oo":"[\\uA74F]","p":"[\\u0070\\u24DF\\uFF50\\u1E55\\u1E57\\u01A5\\u1D7D\\uA751\\uA753\\uA755]","q":"[\\u0071\\u24E0\\uFF51\\u024B\\uA757\\uA759]","r":"[\\u0072\\u24E1\\uFF52\\u0155\\u1E59\\u0159\\u0211\\u0213\\u1E5B\\u1E5D\\u0157\\u1E5F\\u024D\\u027D\\uA75B\\uA7A7\\uA783]","s":"[\\u0073\\u24E2\\uFF53\\u015B\\u1E65\\u015D\\u1E61\\u0161\\u1E67\\u1E63\\u1E69\\u0219\\u015F\\u023F\\uA7A9\\uA785\\u1E9B]","ss":"[\\u00DF]","t":"[\\u0074\\u24E3\\uFF54\\u1E6B\\u1E97\\u0165\\u1E6D\\u021B\\u0163\\u1E71\\u1E6F\\u0167\\u01AD\\u0288\\u2C66\\uA787]","tz":"[\\uA729]","u":"[\\u0075\\u24E4\\uFF55\\u00F9\\u00FA\\u00FB\\u0169\\u1E79\\u016B\\u1E7B\\u016D\\u00FC\\u01DC\\u01D8\\u01D6\\u01DA\\u1EE7\\u016F\\u0171\\u01D4\\u0215\\u0217\\u01B0\\u1EEB\\u1EE9\\u1EEF\\u1EED\\u1EF1\\u1EE5\\u1E73\\u0173\\u1E77\\u1E75\\u0289]","v":"[\\u0076\\u24E5\\uFF56\\u1E7D\\u1E7F\\u028B\\uA75F\\u028C]","vy":"[\\uA761]","w":"[\\u0077\\u24E6\\uFF57\\u1E81\\u1E83\\u0175\\u1E87\\u1E85\\u1E98\\u1E89\\u2C73]","x":"[\\u0078\\u24E7\\uFF58\\u1E8B\\u1E8D]","y":"[\\u0079\\u24E8\\uFF59\\u1EF3\\u00FD\\u0177\\u1EF9\\u0233\\u1E8F\\u00FF\\u1EF7\\u1E99\\u1EF5\\u01B4\\u024F\\u1EFF]","z":"[\\u007A\\u24E9\\uFF5A\\u017A\\u1E91\\u017C\\u017E\\u1E93\\u1E95\\u01B6\\u0225\\u0240\\u2C6C\\uA763]"},"researchesTests":["contentHasTOC","contentHasShortParagraphs","contentHasAssets","keywordInTitle","keywordInMetaDescription","keywordInPermalink","keywordIn10Percent","keywordInContent","keywordInSubheadings","keywordInImageAlt","keywordDensity","keywordNotUsed","lengthContent","lengthPermalink","linksHasInternal","linksHasExternals","linksNotAllExternals","titleStartWithKeyword","titleSentiment","titleHasPowerWords","titleHasNumber","hasContentAI"],"hasRedirection":true,"hasBreadcrumb":true},"homeUrl":"https:\/\/myonlineporn.com\/pt-pt\/","objectID":21426,"objectType":"post","locale":"pt","localeFull":"pt_PT","overlayImages":{"play":{"name":"Play icon","url":"https:\/\/myonlineporn.com\/wp-content\/plugins\/seo-by-rank-math\/assets\/admin\/img\/icon-play.png","path":"\/home\/u317619901\/domains\/myonlineporn.com\/public_html\/wp-content\/plugins\/seo-by-rank-math\/assets\/admin\/img\/icon-play.png","position":"middle_center"},"gif":{"name":"GIF icon","url":"https:\/\/myonlineporn.com\/wp-content\/plugins\/seo-by-rank-math\/assets\/admin\/img\/icon-gif.png","path":"\/home\/u317619901\/domains\/myonlineporn.com\/public_html\/wp-content\/plugins\/seo-by-rank-math\/assets\/admin\/img\/icon-gif.png","position":"middle_center"}},"defautOgImage":"https:\/\/myonlineporn.com\/wp-content\/plugins\/seo-by-rank-math\/assets\/admin\/img\/social-placeholder.jpg","customPermalinks":true,"isUserRegistered":false,"autoSuggestKeywords":false,"connectSiteUrl":"https:\/\/rankmath.com\/auth?site=https%3A%2F%2Fmyonlineporn.com%2Fpt-pt%2F&r=https%3A%2F%2Fmyonlineporn.com%2Fpt-pt%2Fwp-json%2Fwp%2Fv2%2Fpages%2F21426%3Fnonce%3D9188a9f669","maxTags":5,"trendsIcon":"<svg viewBox=\"0 0 610 610\"><path d=\"M18.85,446,174.32,290.48l58.08,58.08L76.93,504a14.54,14.54,0,0,1-20.55,0L18.83,466.48a14.54,14.54,0,0,1,0-20.55Z\" style=\"fill:#4285f4\"\/><path d=\"M242.65,242.66,377.59,377.6l-47.75,47.75a14.54,14.54,0,0,1-20.55,0L174.37,290.43l47.75-47.75A14.52,14.52,0,0,1,242.65,242.66Z\" style=\"fill:#ea4335\"\/><polygon points=\"319.53 319.53 479.26 159.8 537.34 217.88 377.61 377.62 319.53 319.53\" style=\"fill:#fabb05\"\/><path d=\"M594.26,262.73V118.61h0a16.94,16.94,0,0,0-16.94-16.94H433.2a16.94,16.94,0,0,0-12,28.92L565.34,274.71h0a16.94,16.94,0,0,0,28.92-12Z\" style=\"fill:#34a853\"\/><rect width=\"610\" height=\"610\" style=\"fill:none\"\/><\/svg>","showScore":true,"siteFavIcon":"https:\/\/myonlineporn.com\/wp-content\/uploads\/2024\/03\/footer_logo.png","canUser":{"general":false,"advanced":false,"snippet":false,"social":false,"analysis":false,"analytics":false,"content_ai":false},"showKeywordIntent":true,"isPro":false,"is_front_page":false,"trendsUpgradeLink":"https:\/\/rankmath.com\/pricing\/?utm_source=Plugin&utm_medium=CE%20General%20Tab%20Trends&utm_campaign=WP","trendsUpgradeLabel":"Upgrade","trendsPreviewImage":"https:\/\/myonlineporn.com\/wp-content\/plugins\/seo-by-rank-math\/assets\/admin\/img\/trends-preview.jpg","currentEditor":false,"homepageData":{"assessor":{"powerWords":[],"diacritics":true,"researchesTests":["contentHasTOC","contentHasShortParagraphs","contentHasAssets","keywordInTitle","keywordInMetaDescription","keywordInPermalink","keywordIn10Percent","keywordInContent","keywordInSubheadings","keywordInImageAlt","keywordDensity","keywordNotUsed","lengthContent","lengthPermalink","linksHasInternal","linksHasExternals","linksNotAllExternals","titleStartWithKeyword","titleSentiment","titleHasPowerWords","titleHasNumber","hasContentAI"],"hasBreadcrumb":true,"serpData":{"title":false,"description":"","titleTemplate":"%sitename% %page% %sep% %sitedesc%","descriptionTemplate":"","focusKeywords":"","breadcrumbTitle":"Home","robots":{"index":true},"advancedRobots":{"max-snippet":"-1","max-video-preview":"-1","max-image-preview":"large"},"facebookTitle":"","facebookDescription":"","facebookImage":"","facebookImageID":""}}},"tocTitle":"Table of Contents","tocExcludeHeadings":[],"listStyle":"div"},"_links":{"self":[{"href":"https:\/\/myonlineporn.com\/pt-pt\/wp-json\/wp\/v2\/pages\/21426","targetHints":{"allow":["GET"]}}],"collection":[{"href":"https:\/\/myonlineporn.com\/pt-pt\/wp-json\/wp\/v2\/pages"}],"about":[{"href":"https:\/\/myonlineporn.com\/pt-pt\/wp-json\/wp\/v2\/types\/page"}],"author":[{"embeddable":true,"href":"https:\/\/myonlineporn.com\/pt-pt\/wp-json\/wp\/v2\/users\/2"}],"replies":[{"embeddable":true,"href":"https:\/\/myonlineporn.com\/pt-pt\/wp-json\/wp\/v2\/comments?post=21426"}],"version-history":[{"count":0,"href":"https:\/\/myonlineporn.com\/pt-pt\/wp-json\/wp\/v2\/pages\/21426\/revisions"}],"wp:attachment":[{"href":"https:\/\/myonlineporn.com\/pt-pt\/wp-json\/wp\/v2\/media?parent=21426"}],"curies":[{"name":"wp","href":"https:\/\/api.w.org\/{rel}","templated":true}]}}