{"id":21388,"date":"2023-05-02T21:17:59","date_gmt":"2023-05-02T21:17:59","guid":{"rendered":"https:\/\/myonlineporn.com\/dmca\/"},"modified":"2023-09-04T21:41:10","modified_gmt":"2023-09-04T21:41:10","slug":"dmca","status":"publish","type":"page","link":"https:\/\/myonlineporn.com\/ro\/dmca\/","title":{"rendered":"DMCA"},"content":{"rendered":"\n<section class=\"generic-content vertical-padding\">\n    <div class=\"container\">\n                    <h1 class=\"generic-content_title heading-secondary\">DMCA &#8211; MYONLINEPORN.COM<\/h1>\n                <div class=\"generic_content_wrapper\">\n            <div class=\"rich-text-content\">\n                <p><span style=\"font-weight: 400;\">Instruc\u021biuni de notificare a \u00eenc\u0103lc\u0103rii drepturilor de autor<\/span><\/p>\n<p><span style=\"font-weight: 400;\">V\u0103 mul\u021bumim c\u0103 a\u021bi vizitat site-ul nostru (MyOnlinePorn.com). Aceste Instruc\u021biuni de notificare a \u00eenc\u0103lc\u0103rii drepturilor de autor sunt destinate exclusiv reclama\u021biilor legate de drepturile de autor. <\/span> \u00cen cazul \u00een care<span style=\"font-weight: 400;\">ave\u021bi comentarii, \u00eentreb\u0103ri, preocup\u0103ri sau probleme legate de abuz, h\u0103r\u021buire, con\u021binut necorespunz\u0103tor sau probleme de confiden\u021bialitate, v\u0103 rug\u0103m <\/span> s\u0103<a href=\"mailto:maurice@myonlineporn.com\"><span style=\"font-weight: 400;\">ne contacta\u021bi<\/span><\/a><span style=\"font-weight: 400;\">.<\/span><\/p>\n<p>&nbsp;<\/p>\n<p><span style=\"font-weight: 400;\">Utiliz\u00e2nd MyOnlinePorn.com, sunte\u021bi de acord c\u0103 v-a\u021bi consultat cu un avocat ales de dumneavoastr\u0103 \u0219i pe cheltuiala dumneavoastr\u0103 pentru a \u00een\u021belege pe deplin toate drepturile \u0219i obliga\u021biile dumneavoastr\u0103 legale ca urmare a utiliz\u0103rii site-ului web \u0219i a acestor Instruc\u021biuni de notificare a \u00eenc\u0103lc\u0103rii drepturilor de autor.<\/span><\/p>\n<p>&nbsp;<\/p>\n<p><strong>AVERTISMENT: \u00cen conformitate cu 17 U.S.C. \u00a7 512(f), orice persoan\u0103 care, \u00een mod con\u0219tient, \u00ceN\u0218TIIN\u021aEAZ\u0102 \u00een mod eronat c\u0103 materialul sau activitatea \u00eencalc\u0103 drepturile de autor poate fi supus\u0103 r\u0103spunderii sau daunelor. NU FACE\u021aI AFIRMA\u021aII FALSE PRIVIND \u00ceNC\u0102LCAREA DREPTURILOR DE AUTOR.<\/strong><\/p>\n<p>&nbsp;<\/p>\n<p>Dac\u0103 dori\u021bi<span style=\"font-weight: 400;\"> s\u0103 consulta\u021bi <\/span><span style=\"font-weight: 400;\">textul integral al Digital Millennium Copyright Act (&#8222;DMCA&#8221;), pute\u021bi <\/span> face<span style=\"font-weight: 400;\"> clic <\/span><a href=\"http:\/\/www.copyright.gov\/legislation\/dmca.pdf\" target=\"_blank\" rel=\"noopener\"><span style=\"font-weight: 400;\">AICI<\/span><\/a><span style=\"font-weight: 400;\"> sau dac\u0103 dori\u021bi s\u0103 consulta\u021bi un memorandum care rezum\u0103 fiecare titlu al DMCA, pute\u021bi face clic <\/span><a href=\"http:\/\/www.copyright.gov\/legislation\/dmca.pdf\" target=\"_blank\" rel=\"noopener\"><span style=\"font-weight: 400;\">AICI<\/span><\/a><span style=\"font-weight: 400;\">. Informa\u021biile con\u021binute \u00een paginile web cu linkuri men\u021bionate mai sus sunt doar pentru confortul dumneavoastr\u0103 \u0219i nu facem nicio promisiune sau declara\u021bie legat\u0103 de informa\u021biile con\u021binute, inclusiv de acurate\u021bea acestora.<\/span><\/p>\n<p>&nbsp;<\/p>\n<p><span style=\"font-weight: 400;\">\u00cen conformitate cu 17 U.S.C. \u00a7512(k)(1) din DMCA, MyOnlinePorn.com este un &#8222;Furnizor de servicii&#8221; \u0219i are dreptul la anumite protec\u021bii denumite \u00een mod obi\u0219nuit prevederile &#8222;Safe Harbor&#8221;.<\/span><\/p>\n<p>&nbsp;<\/p>\n<h2><span style=\"font-weight: 400;\">Reclama\u021bie de \u00eenc\u0103lcare a legii &#8211;<\/span><\/h2>\n<p>&nbsp;<\/p>\n<p><span style=\"font-weight: 400;\">Dac\u0103 crede\u021bi c\u0103 cineva a postat un material care v\u0103 \u00eencalc\u0103 drepturile de autor, o notificare privind o pretins\u0103 \u00eenc\u0103lcare a drepturilor de autor trebuie s\u0103 ne fie transmis\u0103 prin e-mail sau prin po\u0219t\u0103 \u0219i trebuie s\u0103 includ\u0103 urm\u0103toarele informa\u021bii (lista de mai jos provine \u00een mare parte direct din statutul 17 U.S.C. \u00a7512(c)(3); dac\u0103 nu \u00een\u021belege\u021bi limbajul, v\u0103 rug\u0103m s\u0103 solicita\u021bi consiliere juridic\u0103 independent\u0103):<\/span><\/p>\n<p>&nbsp;<\/p>\n<p><span style=\"font-weight: 400;\">O semn\u0103tur\u0103 fizic\u0103 sau electronic\u0103 a unei persoane autorizate s\u0103 ac\u021bioneze \u00een numele titularului unui drept exclusiv care se presupune c\u0103 a fost \u00eenc\u0103lcat;<\/span><\/p>\n<p><span style=\"font-weight: 400;\">Identificarea lucr\u0103rii cu drepturi de autor despre care se pretinde c\u0103 a fost \u00eenc\u0103lcat\u0103 sau, \u00een cazul \u00een care mai multe lucr\u0103ri cu drepturi de autor de pe un singur site online sunt acoperite de o singur\u0103 notificare, o list\u0103 reprezentativ\u0103 a acestor lucr\u0103ri de pe site-ul respectiv;<\/span><\/p>\n<p><span style=\"font-weight: 400;\">Identificarea materialului despre care se pretinde c\u0103 este \u00eenc\u0103lcat sau c\u0103 face obiectul unei activit\u0103\u021bi de \u00eenc\u0103lcare \u0219i care trebuie eliminat sau al c\u0103rui acces trebuie dezactivat, precum \u0219i informa\u021bii suficiente \u00een mod rezonabil pentru a permite furnizorului de servicii s\u0103 localizeze materialul;<\/span><\/p>\n<p><span style=\"font-weight: 400;\">informa\u021bii suficiente \u00een mod rezonabil pentru a permite furnizorului de servicii s\u0103 contacteze partea reclamant\u0103, cum ar fi o adres\u0103, un num\u0103r de telefon \u0219i, dac\u0103 este disponibil\u0103, o adres\u0103 de e-mail la care poate fi contactat\u0103 partea reclamant\u0103;<\/span><\/p>\n<p><span style=\"font-weight: 400;\">o declara\u021bie conform c\u0103reia partea reclamant\u0103 crede cu bun\u0103 credin\u021b\u0103 c\u0103 utilizarea materialului \u00een modul reclamat nu este autorizat\u0103 de proprietarul drepturilor de autor, de agentul s\u0103u sau de lege;<\/span><\/p>\n<p><span style=\"font-weight: 400;\">o declara\u021bie c\u0103 informa\u021biile din notificare sunt corecte \u0219i, sub sanc\u021biunea de sperjur, c\u0103 partea reclamant\u0103 este autorizat\u0103 s\u0103 ac\u021bioneze \u00een numele titularului unui drept exclusiv care se presupune c\u0103 a fost \u00eenc\u0103lcat;<\/span><\/p>\n<p>&nbsp;<\/p>\n<p><span style=\"font-weight: 400;\">V\u0103 rug\u0103m s\u0103 trimite\u021bi reclama\u021bia privind \u00eenc\u0103lcarea dreptului de autor la: maurice@myonlineporn.com<\/span><\/p>\n<p>&nbsp;<\/p>\n<p><span style=\"font-weight: 400;\">Nedepunerea notific\u0103rilor de \u00eenc\u0103lcare a drepturilor de autor a\u0219a cum este descris mai sus nu va avea ca rezultat nicio notificare sau ac\u021biune legal\u0103 din partea echipei MyOnlinePorn.com.<\/span><\/p>\n<p>&nbsp;<\/p>\n<h2><span style=\"font-weight: 400;\">Reclama\u021bie de \u00eenc\u0103lcare a drepturilor de autor Contra-notificare &#8211;<\/span><\/h2>\n<p>&nbsp;<\/p>\n<p><span style=\"font-weight: 400;\">Dac\u0103 a\u021bi primit o Notificare de \u00eenc\u0103lcare a drepturilor de autor \u0219i considera\u021bi c\u0103 materialul pe care l-a\u021bi plasat online \u0219i care a fost eliminat \u00een urma unei pl\u00e2ngeri de \u00eenc\u0103lcare nu reprezint\u0103 de fapt o \u00eenc\u0103lcare, pute\u021bi depune o contra-notificare. 17 U.S.C. \u00a7512 (g)(3) prevede c\u0103, pentru a fi valabil\u0103, contra-notificarea trebuie s\u0103 fie scris\u0103 \u0219i adresat\u0103 agentului nostru desemnat (enumerat mai sus) \u0219i trebuie s\u0103 furnizeze urm\u0103toarele informa\u021bii (lista de mai jos provine direct din statut; dac\u0103 nu \u00een\u021belege\u021bi limbajul, v\u0103 rug\u0103m s\u0103 solicita\u021bi consiliere independent\u0103):<\/span><\/p>\n<p>&nbsp;<\/p>\n<p><span style=\"font-weight: 400;\">Identificarea URL-urilor specifice ale materialelor pe care MyOnlinePorn.com le-a eliminat sau la care MyOnlinePorn.com a dezactivat accesul;<\/span><\/p>\n<p><span style=\"font-weight: 400;\">numele dumneavoastr\u0103 complet, adresa, num\u0103rul de telefon \u0219i adresa de e-mail<\/span><\/p>\n<p><span style=\"font-weight: 400;\">Declara\u021bia: &#8222;Sunt de acord cu jurisdic\u021bia Cur\u021bii Federale Districtuale Federale pentru districtul \u00een care se afl\u0103 adresa mea sau, dac\u0103 adresa mea se afl\u0103 \u00een afara Statelor Unite, districtul judiciar \u00een care se afl\u0103 site-ul web, \u0219i voi accepta notificarea sau comunicarea procesului de la reclamant&#8221;;<\/span><\/p>\n<p><span style=\"font-weight: 400;\">Declara\u021bia: &#8222;Jur, sub pedeapsa de sperjur, c\u0103 am o convingere de bun\u0103 credin\u021b\u0103 c\u0103 materialul a fost eliminat sau dezactivat ca urmare a unei gre\u0219eli sau a unei identific\u0103ri eronate a materialului care trebuie eliminat sau dezactivat&#8221;; \u0219i<\/span><\/p>\n<p><span style=\"font-weight: 400;\">Semn\u0103tura. Se accept\u0103 o semn\u0103tur\u0103 fizic\u0103 scanat\u0103 sau o semn\u0103tur\u0103 electronic\u0103 valid\u0103.<\/span><\/p>\n<p><span style=\"font-weight: 400;\">Agentul nostru desemnat va prezenta contra-notificarea dumneavoastr\u0103 p\u0103r\u021bii reclamante. Odat\u0103 ce contra-notificarea dvs. a fost transmis\u0103, MyOnlinePorn.com, \u00een conformitate cu prevederile din 17 U.S.C. \u00a7512, este autorizat\u0103 s\u0103 restabileasc\u0103 materialul eliminat \u00een cel pu\u021bin 10 \u0219i cel mult 14 zile lucr\u0103toare, cu excep\u021bia cazului \u00een care partea reclamant\u0103 ne notific\u0103 c\u0103 a depus o ac\u021biune \u00een instan\u021b\u0103 pentru a ob\u021bine un ordin judec\u0103toresc care s\u0103 v\u0103 \u00eempiedice pe dvs., abonatul, s\u0103 v\u0103 implica\u021bi \u00een activit\u0103\u021bi de \u00eenc\u0103lcare a drepturilor legate de materialul respectiv \u00een sistemul sau re\u021beaua MyOnlinePorn.com.<\/span><\/p>\n<p>&nbsp;<\/p>\n<p><span style=\"font-weight: 400;\">V\u0103 rug\u0103m s\u0103 re\u021bine\u021bi c\u0103, atunci c\u00e2nd transmitem contra-notificarea p\u0103r\u021bii reclamante, aceasta include informa\u021biile dumneavoastr\u0103 personale. Prin trimiterea unei contra-notific\u0103ri, sunte\u021bi de acord ca informa\u021biile dumneavoastr\u0103 s\u0103 fie dezv\u0103luite \u00een acest mod.<\/span><\/p>\n<p>&nbsp;<\/p>\n<p><span style=\"font-weight: 400;\">MyOnlinePorn.com nu este obligat s\u0103 r\u0103spund\u0103 la contra-notific\u0103rile care nu \u00eendeplinesc cerin\u021bele de mai sus.<\/span><\/p>\n<p>&nbsp;<\/p>\n<h2><span style=\"font-weight: 400;\">Revendicarea de contrafacere Retrageri &#8211;<\/span><\/h2>\n<p>&nbsp;<\/p>\n<p><span style=\"font-weight: 400;\">\u00cen cazul \u00een care, dup\u0103 ce a\u021bi trimis o Notificare privind \u00eenc\u0103lcarea drepturilor de autor, v\u0103 da\u021bi seama c\u0103 a\u021bi identificat gre\u0219it con\u021binutul, nu a\u021bi respectat cerin\u021bele DMCA sau pur \u0219i simplu v-a\u021bi r\u0103zg\u00e2ndit, v\u0103 pute\u021bi retrage Notificarea privind \u00eenc\u0103lcarea drepturilor de autor trimi\u021b\u00e2ndu-ne o Notificare de retractare cu toate cele de mai jos:<\/span><\/p>\n<p>&nbsp;<\/p>\n<p><span style=\"font-weight: 400;\">O declara\u021bie care s\u0103 indice c\u0103 v\u0103 retrage\u021bi Notificarea privind \u00eenc\u0103lcarea drepturilor de autor;<\/span><\/p>\n<p><span style=\"font-weight: 400;\">URL-ul complet \u0219i specific al materialului \u00een cauz\u0103;<\/span><\/p>\n<p><span style=\"font-weight: 400;\">o semn\u0103tur\u0103 electronic\u0103; \u0219i<\/span><\/p>\n<p><span style=\"font-weight: 400;\">O copie a notific\u0103rii originale de \u00eenc\u0103lcare a drepturilor de autor.<\/span><\/p>\n<p><span style=\"font-weight: 400;\">Recidivi\u0219ti &#8211;<\/span><\/p>\n<p>&nbsp;<\/p>\n<p><span style=\"font-weight: 400;\">MyOnlinePorn.com \u00eenchide contul(ele) oric\u0103rui infractor repetat al drepturilor de autor, atunci c\u00e2nd este cazul \u0219i men\u021bine o politic\u0103 privind infractorii repeta\u021bi \u00een conformitate cu 17 U.S.C. \u00a7 512(i).<\/span><\/p>\n<p>&nbsp;<\/p>\n<p><span style=\"font-weight: 400;\">* * *<\/span><\/p>\n<p>&nbsp;<\/p>\n<p><span style=\"font-weight: 400;\">Aceste instruc\u021biuni de notificare a \u00eenc\u0103lc\u0103rii drepturilor de autor pot fi \u0219i vor fi modificate din c\u00e2nd \u00een c\u00e2nd f\u0103r\u0103 notificare prealabil\u0103. Sunte\u021bi singurul responsabil pentru revizuirea periodic\u0103 a acestor Instruc\u021biuni de notificare a drepturilor de autor.<\/span><\/p>\n<p>&nbsp;<\/p>\n            <\/div>\n        <\/div>\n    <\/div>\n<\/section>","protected":false},"excerpt":{"rendered":"","protected":false},"author":2,"featured_media":0,"parent":0,"menu_order":0,"comment_status":"closed","ping_status":"closed","template":"","meta":{"_acf_changed":false,"footnotes":""},"class_list":["post-21388","page","type-page","status-publish","hentry"],"acf":[],"rankMath":{"parentDomain":"myonlineporn.com","noFollowDomains":[],"noFollowExcludeDomains":[],"noFollowExternalLinks":false,"featuredImageNotice":"Imaginea reprezentativ\u0103 ar trebui s\u0103 fie de cel pu\u021bin 200 x 200 pixeli pentru a fi preluat\u0103 de Facebook \u0219i de alte re\u021bele de socializare.","pluginReviewed":false,"postSettings":{"linkSuggestions":true,"useFocusKeyword":false},"frontEndScore":false,"postName":"dmca","permalinkFormat":"https:\/\/myonlineporn.com\/ro\/%pagename%\/","showLockModifiedDate":true,"assessor":{"focusKeywordLink":"https:\/\/myonlineporn.com\/wp-admin\/edit.php?focus_keyword=%focus_keyword%&post_type=%post_type%","hasTOCPlugin":false,"primaryTaxonomy":false,"serpData":{"title":"%customfield(translated_title)% %page% %sep% %sitename%","description":"","focusKeywords":"","pillarContent":false,"canonicalUrl":"","breadcrumbTitle":"","advancedRobots":{"max-snippet":"-1","max-video-preview":"-1","max-image-preview":"large"},"facebookTitle":"","facebookDescription":"","facebookImage":"","facebookImageID":"","facebookHasOverlay":false,"facebookImageOverlay":"","facebookAuthor":"","twitterCardType":"","twitterUseFacebook":true,"twitterTitle":"","twitterDescription":"","twitterImage":"","twitterImageID":"","twitterHasOverlay":false,"twitterImageOverlay":"","twitterPlayerUrl":"","twitterPlayerSize":"","twitterPlayerStream":"","twitterPlayerStreamCtype":"","twitterAppDescription":"","twitterAppIphoneName":"","twitterAppIphoneID":"","twitterAppIphoneUrl":"","twitterAppIpadName":"","twitterAppIpadID":"","twitterAppIpadUrl":"","twitterAppGoogleplayName":"","twitterAppGoogleplayID":"","twitterAppGoogleplayUrl":"","twitterAppCountry":"","robots":{"index":true},"twitterAuthor":"nume utilizator","primaryTerm":0,"authorName":"Maurice","titleTemplate":"%title% %page% %sep% %sitename%","descriptionTemplate":"%excerpt%","showScoreFrontend":true,"lockModifiedDate":false},"powerWords":[],"diacritics":{"A":"[\\u0041\\u24B6\\uFF21\\u00C0\\u00C1\\u00C2\\u1EA6\\u1EA4\\u1EAA\\u1EA8\\u00C3\\u0100\\u0102\\u1EB0\\u1EAE\\u1EB4\\u1EB2\\u0226\\u01E0\\u00C4\\u01DE\\u1EA2\\u00C5\\u01FA\\u01CD\\u0200\\u0202\\u1EA0\\u1EAC\\u1EB6\\u1E00\\u0104\\u023A\\u2C6F]","AA":"[\\uA732]","AE":"[\\u00C6\\u01FC\\u01E2]","AO":"[\\uA734]","AU":"[\\uA736]","AV":"[\\uA738\\uA73A]","AY":"[\\uA73C]","B":"[\\u0042\\u24B7\\uFF22\\u1E02\\u1E04\\u1E06\\u0243\\u0182\\u0181]","C":"[\\u0043\\u24B8\\uFF23\\u0106\\u0108\\u010A\\u010C\\u00C7\\u1E08\\u0187\\u023B\\uA73E]","D":"[\\u0044\\u24B9\\uFF24\\u1E0A\\u010E\\u1E0C\\u1E10\\u1E12\\u1E0E\\u0110\\u018B\\u018A\\u0189\\uA779]","DZ":"[\\u01F1\\u01C4]","Dz":"[\\u01F2\\u01C5]","E":"[\\u0045\\u24BA\\uFF25\\u00C8\\u00C9\\u00CA\\u1EC0\\u1EBE\\u1EC4\\u1EC2\\u1EBC\\u0112\\u1E14\\u1E16\\u0114\\u0116\\u00CB\\u1EBA\\u011A\\u0204\\u0206\\u1EB8\\u1EC6\\u0228\\u1E1C\\u0118\\u1E18\\u1E1A\\u0190\\u018E]","F":"[\\u0046\\u24BB\\uFF26\\u1E1E\\u0191\\uA77B]","G":"[\\u0047\\u24BC\\uFF27\\u01F4\\u011C\\u1E20\\u011E\\u0120\\u01E6\\u0122\\u01E4\\u0193\\uA7A0\\uA77D\\uA77E]","H":"[\\u0048\\u24BD\\uFF28\\u0124\\u1E22\\u1E26\\u021E\\u1E24\\u1E28\\u1E2A\\u0126\\u2C67\\u2C75\\uA78D]","I":"[\\u0049\\u24BE\\uFF29\\u00CC\\u00CD\\u00CE\\u0128\\u012A\\u012C\\u0130\\u00CF\\u1E2E\\u1EC8\\u01CF\\u0208\\u020A\\u1ECA\\u012E\\u1E2C\\u0197]","J":"[\\u004A\\u24BF\\uFF2A\\u0134\\u0248]","K":"[\\u004B\\u24C0\\uFF2B\\u1E30\\u01E8\\u1E32\\u0136\\u1E34\\u0198\\u2C69\\uA740\\uA742\\uA744\\uA7A2]","L":"[\\u004C\\u24C1\\uFF2C\\u013F\\u0139\\u013D\\u1E36\\u1E38\\u013B\\u1E3C\\u1E3A\\u0141\\u023D\\u2C62\\u2C60\\uA748\\uA746\\uA780]","LJ":"[\\u01C7]","Lj":"[\\u01C8]","M":"[\\u004D\\u24C2\\uFF2D\\u1E3E\\u1E40\\u1E42\\u2C6E\\u019C]","N":"[\\u004E\\u24C3\\uFF2E\\u01F8\\u0143\\u00D1\\u1E44\\u0147\\u1E46\\u0145\\u1E4A\\u1E48\\u0220\\u019D\\uA790\\uA7A4]","NJ":"[\\u01CA]","Nj":"[\\u01CB]","O":"[\\u004F\\u24C4\\uFF2F\\u00D2\\u00D3\\u00D4\\u1ED2\\u1ED0\\u1ED6\\u1ED4\\u00D5\\u1E4C\\u022C\\u1E4E\\u014C\\u1E50\\u1E52\\u014E\\u022E\\u0230\\u00D6\\u022A\\u1ECE\\u0150\\u01D1\\u020C\\u020E\\u01A0\\u1EDC\\u1EDA\\u1EE0\\u1EDE\\u1EE2\\u1ECC\\u1ED8\\u01EA\\u01EC\\u00D8\\u01FE\\u0186\\u019F\\uA74A\\uA74C]","OI":"[\\u01A2]","OO":"[\\uA74E]","OU":"[\\u0222]","P":"[\\u0050\\u24C5\\uFF30\\u1E54\\u1E56\\u01A4\\u2C63\\uA750\\uA752\\uA754]","Q":"[\\u0051\\u24C6\\uFF31\\uA756\\uA758\\u024A]","R":"[\\u0052\\u24C7\\uFF32\\u0154\\u1E58\\u0158\\u0210\\u0212\\u1E5A\\u1E5C\\u0156\\u1E5E\\u024C\\u2C64\\uA75A\\uA7A6\\uA782]","S":"[\\u0053\\u24C8\\uFF33\\u1E9E\\u015A\\u1E64\\u015C\\u1E60\\u0160\\u1E66\\u1E62\\u1E68\\u0218\\u015E\\u2C7E\\uA7A8\\uA784]","T":"[\\u0054\\u24C9\\uFF34\\u1E6A\\u0164\\u1E6C\\u021A\\u0162\\u1E70\\u1E6E\\u0166\\u01AC\\u01AE\\u023E\\uA786]","TZ":"[\\uA728]","U":"[\\u0055\\u24CA\\uFF35\\u00D9\\u00DA\\u00DB\\u0168\\u1E78\\u016A\\u1E7A\\u016C\\u00DC\\u01DB\\u01D7\\u01D5\\u01D9\\u1EE6\\u016E\\u0170\\u01D3\\u0214\\u0216\\u01AF\\u1EEA\\u1EE8\\u1EEE\\u1EEC\\u1EF0\\u1EE4\\u1E72\\u0172\\u1E76\\u1E74\\u0244]","V":"[\\u0056\\u24CB\\uFF36\\u1E7C\\u1E7E\\u01B2\\uA75E\\u0245]","VY":"[\\uA760]","W":"[\\u0057\\u24CC\\uFF37\\u1E80\\u1E82\\u0174\\u1E86\\u1E84\\u1E88\\u2C72]","X":"[\\u0058\\u24CD\\uFF38\\u1E8A\\u1E8C]","Y":"[\\u0059\\u24CE\\uFF39\\u1EF2\\u00DD\\u0176\\u1EF8\\u0232\\u1E8E\\u0178\\u1EF6\\u1EF4\\u01B3\\u024E\\u1EFE]","Z":"[\\u005A\\u24CF\\uFF3A\\u0179\\u1E90\\u017B\\u017D\\u1E92\\u1E94\\u01B5\\u0224\\u2C7F\\u2C6B\\uA762]","a":"[\\u0061\\u24D0\\uFF41\\u1E9A\\u00E0\\u00E1\\u00E2\\u1EA7\\u1EA5\\u1EAB\\u1EA9\\u00E3\\u0101\\u0103\\u1EB1\\u1EAF\\u1EB5\\u1EB3\\u0227\\u01E1\\u00E4\\u01DF\\u1EA3\\u00E5\\u01FB\\u01CE\\u0201\\u0203\\u1EA1\\u1EAD\\u1EB7\\u1E01\\u0105\\u2C65\\u0250]","aa":"[\\uA733]","ae":"[\\u00E6\\u01FD\\u01E3]","ao":"[\\uA735]","au":"[\\uA737]","av":"[\\uA739\\uA73B]","ay":"[\\uA73D]","b":"[\\u0062\\u24D1\\uFF42\\u1E03\\u1E05\\u1E07\\u0180\\u0183\\u0253]","c":"[\\u0063\\u24D2\\uFF43\\u0107\\u0109\\u010B\\u010D\\u00E7\\u1E09\\u0188\\u023C\\uA73F\\u2184]","d":"[\\u0064\\u24D3\\uFF44\\u1E0B\\u010F\\u1E0D\\u1E11\\u1E13\\u1E0F\\u0111\\u018C\\u0256\\u0257\\uA77A]","dz":"[\\u01F3\\u01C6]","e":"[\\u0065\\u24D4\\uFF45\\u00E8\\u00E9\\u00EA\\u1EC1\\u1EBF\\u1EC5\\u1EC3\\u1EBD\\u0113\\u1E15\\u1E17\\u0115\\u0117\\u00EB\\u1EBB\\u011B\\u0205\\u0207\\u1EB9\\u1EC7\\u0229\\u1E1D\\u0119\\u1E19\\u1E1B\\u0247\\u025B\\u01DD]","f":"[\\u0066\\u24D5\\uFF46\\u1E1F\\u0192\\uA77C]","g":"[\\u0067\\u24D6\\uFF47\\u01F5\\u011D\\u1E21\\u011F\\u0121\\u01E7\\u0123\\u01E5\\u0260\\uA7A1\\u1D79\\uA77F]","h":"[\\u0068\\u24D7\\uFF48\\u0125\\u1E23\\u1E27\\u021F\\u1E25\\u1E29\\u1E2B\\u1E96\\u0127\\u2C68\\u2C76\\u0265]","hv":"[\\u0195]","i":"[\\u0069\\u24D8\\uFF49\\u00EC\\u00ED\\u00EE\\u0129\\u012B\\u012D\\u00EF\\u1E2F\\u1EC9\\u01D0\\u0209\\u020B\\u1ECB\\u012F\\u1E2D\\u0268\\u0131]","j":"[\\u006A\\u24D9\\uFF4A\\u0135\\u01F0\\u0249]","k":"[\\u006B\\u24DA\\uFF4B\\u1E31\\u01E9\\u1E33\\u0137\\u1E35\\u0199\\u2C6A\\uA741\\uA743\\uA745\\uA7A3]","l":"[\\u006C\\u24DB\\uFF4C\\u0140\\u013A\\u013E\\u1E37\\u1E39\\u013C\\u1E3D\\u1E3B\\u017F\\u0142\\u019A\\u026B\\u2C61\\uA749\\uA781\\uA747]","lj":"[\\u01C9]","m":"[\\u006D\\u24DC\\uFF4D\\u1E3F\\u1E41\\u1E43\\u0271\\u026F]","n":"[\\u006E\\u24DD\\uFF4E\\u01F9\\u0144\\u00F1\\u1E45\\u0148\\u1E47\\u0146\\u1E4B\\u1E49\\u019E\\u0272\\u0149\\uA791\\uA7A5]","nj":"[\\u01CC]","o":"[\\u006F\\u24DE\\uFF4F\\u00F2\\u00F3\\u00F4\\u1ED3\\u1ED1\\u1ED7\\u1ED5\\u00F5\\u1E4D\\u022D\\u1E4F\\u014D\\u1E51\\u1E53\\u014F\\u022F\\u0231\\u00F6\\u022B\\u1ECF\\u0151\\u01D2\\u020D\\u020F\\u01A1\\u1EDD\\u1EDB\\u1EE1\\u1EDF\\u1EE3\\u1ECD\\u1ED9\\u01EB\\u01ED\\u00F8\\u01FF\\u0254\\uA74B\\uA74D\\u0275]","oi":"[\\u01A3]","ou":"[\\u0223]","oo":"[\\uA74F]","p":"[\\u0070\\u24DF\\uFF50\\u1E55\\u1E57\\u01A5\\u1D7D\\uA751\\uA753\\uA755]","q":"[\\u0071\\u24E0\\uFF51\\u024B\\uA757\\uA759]","r":"[\\u0072\\u24E1\\uFF52\\u0155\\u1E59\\u0159\\u0211\\u0213\\u1E5B\\u1E5D\\u0157\\u1E5F\\u024D\\u027D\\uA75B\\uA7A7\\uA783]","s":"[\\u0073\\u24E2\\uFF53\\u015B\\u1E65\\u015D\\u1E61\\u0161\\u1E67\\u1E63\\u1E69\\u0219\\u015F\\u023F\\uA7A9\\uA785\\u1E9B]","ss":"[\\u00DF]","t":"[\\u0074\\u24E3\\uFF54\\u1E6B\\u1E97\\u0165\\u1E6D\\u021B\\u0163\\u1E71\\u1E6F\\u0167\\u01AD\\u0288\\u2C66\\uA787]","tz":"[\\uA729]","u":"[\\u0075\\u24E4\\uFF55\\u00F9\\u00FA\\u00FB\\u0169\\u1E79\\u016B\\u1E7B\\u016D\\u00FC\\u01DC\\u01D8\\u01D6\\u01DA\\u1EE7\\u016F\\u0171\\u01D4\\u0215\\u0217\\u01B0\\u1EEB\\u1EE9\\u1EEF\\u1EED\\u1EF1\\u1EE5\\u1E73\\u0173\\u1E77\\u1E75\\u0289]","v":"[\\u0076\\u24E5\\uFF56\\u1E7D\\u1E7F\\u028B\\uA75F\\u028C]","vy":"[\\uA761]","w":"[\\u0077\\u24E6\\uFF57\\u1E81\\u1E83\\u0175\\u1E87\\u1E85\\u1E98\\u1E89\\u2C73]","x":"[\\u0078\\u24E7\\uFF58\\u1E8B\\u1E8D]","y":"[\\u0079\\u24E8\\uFF59\\u1EF3\\u00FD\\u0177\\u1EF9\\u0233\\u1E8F\\u00FF\\u1EF7\\u1E99\\u1EF5\\u01B4\\u024F\\u1EFF]","z":"[\\u007A\\u24E9\\uFF5A\\u017A\\u1E91\\u017C\\u017E\\u1E93\\u1E95\\u01B6\\u0225\\u0240\\u2C6C\\uA763]"},"researchesTests":["contentHasTOC","contentHasShortParagraphs","contentHasAssets","keywordInTitle","keywordInMetaDescription","keywordInPermalink","keywordIn10Percent","keywordInContent","keywordInSubheadings","keywordInImageAlt","keywordDensity","keywordNotUsed","lengthContent","lengthPermalink","linksHasInternal","linksHasExternals","linksNotAllExternals","titleStartWithKeyword","titleSentiment","titleHasPowerWords","titleHasNumber","hasContentAI"],"hasRedirection":true,"hasBreadcrumb":true},"homeUrl":"https:\/\/myonlineporn.com\/ro\/","objectID":21388,"objectType":"post","locale":"ro","localeFull":"ro_RO","overlayImages":{"play":{"name":"Icon redare","url":"https:\/\/myonlineporn.com\/wp-content\/plugins\/seo-by-rank-math\/assets\/admin\/img\/icon-play.png","path":"\/home\/u317619901\/domains\/myonlineporn.com\/public_html\/wp-content\/plugins\/seo-by-rank-math\/assets\/admin\/img\/icon-play.png","position":"middle_center"},"gif":{"name":"Icon GIF","url":"https:\/\/myonlineporn.com\/wp-content\/plugins\/seo-by-rank-math\/assets\/admin\/img\/icon-gif.png","path":"\/home\/u317619901\/domains\/myonlineporn.com\/public_html\/wp-content\/plugins\/seo-by-rank-math\/assets\/admin\/img\/icon-gif.png","position":"middle_center"}},"defautOgImage":"https:\/\/myonlineporn.com\/wp-content\/plugins\/seo-by-rank-math\/assets\/admin\/img\/social-placeholder.jpg","customPermalinks":true,"isUserRegistered":false,"autoSuggestKeywords":false,"connectSiteUrl":"https:\/\/rankmath.com\/auth?site=https%3A%2F%2Fmyonlineporn.com%2Fro%2F&r=https%3A%2F%2Fmyonlineporn.com%2Fro%2Fwp-json%2Fwp%2Fv2%2Fpages%2F21388%3Fnonce%3D24e6c669fc","maxTags":5,"trendsIcon":"<svg viewBox=\"0 0 610 610\"><path d=\"M18.85,446,174.32,290.48l58.08,58.08L76.93,504a14.54,14.54,0,0,1-20.55,0L18.83,466.48a14.54,14.54,0,0,1,0-20.55Z\" style=\"fill:#4285f4\"\/><path d=\"M242.65,242.66,377.59,377.6l-47.75,47.75a14.54,14.54,0,0,1-20.55,0L174.37,290.43l47.75-47.75A14.52,14.52,0,0,1,242.65,242.66Z\" style=\"fill:#ea4335\"\/><polygon points=\"319.53 319.53 479.26 159.8 537.34 217.88 377.61 377.62 319.53 319.53\" style=\"fill:#fabb05\"\/><path d=\"M594.26,262.73V118.61h0a16.94,16.94,0,0,0-16.94-16.94H433.2a16.94,16.94,0,0,0-12,28.92L565.34,274.71h0a16.94,16.94,0,0,0,28.92-12Z\" style=\"fill:#34a853\"\/><rect width=\"610\" height=\"610\" style=\"fill:none\"\/><\/svg>","showScore":true,"siteFavIcon":"https:\/\/myonlineporn.com\/wp-content\/uploads\/2024\/03\/footer_logo.png","canUser":{"general":false,"advanced":false,"snippet":false,"social":false,"analysis":false,"analytics":false,"content_ai":false},"showKeywordIntent":true,"isPro":false,"is_front_page":false,"trendsUpgradeLink":"https:\/\/rankmath.com\/pricing\/?utm_source=Plugin&utm_medium=CE%20General%20Tab%20Trends&utm_campaign=WP","trendsUpgradeLabel":"Actualizeaz\u0103","trendsPreviewImage":"https:\/\/myonlineporn.com\/wp-content\/plugins\/seo-by-rank-math\/assets\/admin\/img\/trends-preview.jpg","currentEditor":false,"homepageData":{"assessor":{"powerWords":[],"diacritics":true,"researchesTests":["contentHasTOC","contentHasShortParagraphs","contentHasAssets","keywordInTitle","keywordInMetaDescription","keywordInPermalink","keywordIn10Percent","keywordInContent","keywordInSubheadings","keywordInImageAlt","keywordDensity","keywordNotUsed","lengthContent","lengthPermalink","linksHasInternal","linksHasExternals","linksNotAllExternals","titleStartWithKeyword","titleSentiment","titleHasPowerWords","titleHasNumber","hasContentAI"],"hasBreadcrumb":true,"serpData":{"title":false,"description":"","titleTemplate":"%sitename% %page% %sep% %sitedesc%","descriptionTemplate":"","focusKeywords":"","breadcrumbTitle":"Home","robots":{"index":true},"advancedRobots":{"max-snippet":"-1","max-video-preview":"-1","max-image-preview":"large"},"facebookTitle":"","facebookDescription":"","facebookImage":"","facebookImageID":""}}},"tocTitle":"Table of Contents","tocExcludeHeadings":[],"listStyle":"div"},"_links":{"self":[{"href":"https:\/\/myonlineporn.com\/ro\/wp-json\/wp\/v2\/pages\/21388","targetHints":{"allow":["GET"]}}],"collection":[{"href":"https:\/\/myonlineporn.com\/ro\/wp-json\/wp\/v2\/pages"}],"about":[{"href":"https:\/\/myonlineporn.com\/ro\/wp-json\/wp\/v2\/types\/page"}],"author":[{"embeddable":true,"href":"https:\/\/myonlineporn.com\/ro\/wp-json\/wp\/v2\/users\/2"}],"replies":[{"embeddable":true,"href":"https:\/\/myonlineporn.com\/ro\/wp-json\/wp\/v2\/comments?post=21388"}],"version-history":[{"count":0,"href":"https:\/\/myonlineporn.com\/ro\/wp-json\/wp\/v2\/pages\/21388\/revisions"}],"wp:attachment":[{"href":"https:\/\/myonlineporn.com\/ro\/wp-json\/wp\/v2\/media?parent=21388"}],"curies":[{"name":"wp","href":"https:\/\/api.w.org\/{rel}","templated":true}]}}