{"id":51450,"date":"2023-05-02T21:17:59","date_gmt":"2023-05-02T21:17:59","guid":{"rendered":"https:\/\/myonlineporn.com\/dmca\/"},"modified":"2023-09-13T10:05:47","modified_gmt":"2023-09-13T10:05:47","slug":"dmca","status":"publish","type":"page","link":"https:\/\/myonlineporn.com\/sk\/dmca\/","title":{"rendered":"DMCA"},"content":{"rendered":"\n<section class=\"generic-content vertical-padding\">\n    <div class=\"container\">\n                    <h1 class=\"generic-content_title heading-secondary\">DMCA &#8211; MYONLINEPORN.COM<\/h1>\n                <div class=\"generic_content_wrapper\">\n            <div class=\"rich-text-content\">\n                <p><span style=\"font-weight: 400;\">Pokyny na ozn\u00e1menie poru\u0161enia autorsk\u00fdch pr\u00e1v<\/span><\/p>\n<p><span style=\"font-weight: 400;\">\u010eakujeme, \u017ee ste nav\u0161t\u00edvili na\u0161u webov\u00fa str\u00e1nku (MyOnlinePorn.com). Tieto pokyny na ozn\u00e1menie poru\u0161enia autorsk\u00fdch pr\u00e1v sa t\u00fdkaj\u00fa len n\u00e1rokov s\u00favisiacich s autorsk\u00fdmi pr\u00e1vami. Ak m\u00e1te ak\u00e9ko\u013evek pripomienky, ot\u00e1zky, obavy alebo probl\u00e9my t\u00fdkaj\u00face sa zneu\u017e\u00edvania, ob\u0165a\u017eovania, nevhodn\u00e9ho obsahu alebo ochrany osobn\u00fdch \u00fadajov <\/span>,<a href=\"mailto:maurice@myonlineporn.com\"><span style=\"font-weight: 400;\">kontaktujte n\u00e1s<\/span><\/a><span style=\"font-weight: 400;\">.<\/span><\/p>\n<p>&nbsp;<\/p>\n<p><span style=\"font-weight: 400;\">Pou\u017e\u00edvan\u00edm MyOnlinePorn.com s\u00fahlas\u00edte s t\u00fdm, \u017ee ste sa poradili s pr\u00e1vnikom pod\u013ea vlastn\u00e9ho v\u00fdberu a na vlastn\u00e9 n\u00e1klady, aby ste plne pochopili v\u0161etky svoje z\u00e1konn\u00e9 pr\u00e1va a povinnosti vypl\u00fdvaj\u00face z pou\u017e\u00edvania webovej lokality a t\u00fdchto Pokynov na oznamovanie poru\u0161enia autorsk\u00fdch pr\u00e1v.<\/span><\/p>\n<p>&nbsp;<\/p>\n<p><strong>UPOZORNENIE: POD\u013dA 17 U.S.C. \u00a7 512(f), KA\u017dD\u00c1 OSOBA, KTOR\u00c1 VEDOMO VEDOMO UPOZORN\u00cd, \u017dE MATERI\u00c1L ALEBO \u010cINNOS\u0164 POKRA\u010cUJE V PORU\u0160OVAN\u00cd AUTORSK\u00ddCH PR\u00c1V, SA MO\u017dE PODMINI\u0164 ZODPOVEDNOS\u0164OU ALEBO \u0160KODOU. NEUV\u00c1DZAJTE NEPRAVDIV\u00c9 TVRDENIA O PORU\u0160EN\u00cd AUTORSK\u00ddCH PR\u00c1V.<\/strong><\/p>\n<p>&nbsp;<\/p>\n<p><span style=\"font-weight: 400;\">Ak si \u017eel\u00e1te pre\u010d\u00edta\u0165 \u00fapln\u00e9 znenie z\u00e1kona Digital Millennium Copyright Act (&#8222;DMCA&#8220;), m\u00f4\u017eete klikn\u00fa\u0165 <\/span><a href=\"http:\/\/www.law.cornell.edu\/uscode\/text\/17\/512\" target=\"_blank\" rel=\"noopener\"><span style=\"font-weight: 400;\">TU,<\/span><\/a><span style=\"font-weight: 400;\"> alebo ak si \u017eel\u00e1te pre\u010d\u00edta\u0165 memorandum, v ktorom s\u00fa zhrnut\u00e9 jednotliv\u00e9 hlavy DMCA, m\u00f4\u017eete klikn\u00fa\u0165 <\/span><a href=\"http:\/\/www.copyright.gov\/legislation\/dmca.pdf\" target=\"_blank\" rel=\"noopener\"><span style=\"font-weight: 400;\">TU<\/span><\/a><span style=\"font-weight: 400;\">. Inform\u00e1cie obsiahnut\u00e9 na vy\u0161\u0161ie uveden\u00fdch prepojen\u00fdch webov\u00fdch str\u00e1nkach sl\u00fa\u017eia len pre va\u0161e pohodlie a neposkytujeme \u017eiadne pr\u00eds\u013euby ani vyhl\u00e1senia t\u00fdkaj\u00face sa inform\u00e1ci\u00ed v nich obsiahnut\u00fdch vr\u00e1tane ich presnosti.<\/span><\/p>\n<p>&nbsp;<\/p>\n<p><span style=\"font-weight: 400;\">Pod\u013ea 17 U.S.C. \u00a7512(k)(1) DMCA je MyOnlinePorn.com &#8222;poskytovate\u013eom slu\u017eieb&#8220; a m\u00e1 n\u00e1rok na ur\u010dit\u00fa ochranu, ktor\u00e1 sa be\u017ene ozna\u010duje ako ustanovenia &#8222;bezpe\u010dn\u00e9ho pr\u00edstavu&#8220;.<\/span><\/p>\n<p>&nbsp;<\/p>\n<h2><span style=\"font-weight: 400;\">N\u00e1rok na poru\u0161enie pr\u00e1v &#8211;<\/span><\/h2>\n<p>&nbsp;<\/p>\n<p><span style=\"font-weight: 400;\">Ak sa domnievate, \u017ee niekto zverejnil materi\u00e1l, ktor\u00fd poru\u0161uje va\u0161e autorsk\u00e9 pr\u00e1va, ozn\u00e1menie o \u00fadajnom poru\u0161en\u00ed autorsk\u00fdch pr\u00e1v n\u00e1m mus\u00edte zasla\u0165 e-mailom alebo po\u0161tou a mus\u00ed obsahova\u0165 nasleduj\u00face inform\u00e1cie (zoznam uveden\u00fd ni\u017e\u0161ie v podstate poch\u00e1dza priamo zo z\u00e1kona 17 U.S.C. \u00a7512(c)(3); ak nerozumiete tomuto jazyku, vyh\u013eadajte nez\u00e1visl\u00fa pr\u00e1vnu radu):<\/span><\/p>\n<p>&nbsp;<\/p>\n<p><span style=\"font-weight: 400;\">Fyzick\u00fd alebo elektronick\u00fd podpis osoby opr\u00e1vnenej kona\u0165 v mene vlastn\u00edka v\u00fdlu\u010dn\u00e9ho pr\u00e1va, ktor\u00e9 je \u00fadajne poru\u0161en\u00e9;<\/span><\/p>\n<p><span style=\"font-weight: 400;\">Identifik\u00e1cia diela chr\u00e1nen\u00e9ho autorsk\u00fdm pr\u00e1vom, ktor\u00e9 bolo \u00fadajne poru\u0161en\u00e9, alebo, ak sa jedno ozn\u00e1menie vz\u0165ahuje na viacero diel chr\u00e1nen\u00fdch autorsk\u00fdm pr\u00e1vom na jednej internetovej str\u00e1nke, reprezentat\u00edvny zoznam tak\u00fdchto diel na tejto str\u00e1nke;<\/span><\/p>\n<p><span style=\"font-weight: 400;\">Identifik\u00e1cia materi\u00e1lu, o ktorom sa tvrd\u00ed, \u017ee poru\u0161uje autorsk\u00e9 pr\u00e1va alebo je predmetom \u010dinnosti poru\u0161uj\u00facej autorsk\u00e9 pr\u00e1va, a ktor\u00fd sa m\u00e1 odstr\u00e1ni\u0165 alebo ku ktor\u00e9mu sa m\u00e1 znemo\u017eni\u0165 pr\u00edstup, a inform\u00e1cie, ktor\u00e9 poskytovate\u013eovi slu\u017eieb primerane umo\u017enia n\u00e1js\u0165 tento materi\u00e1l;<\/span><\/p>\n<p><span style=\"font-weight: 400;\">inform\u00e1cie, ktor\u00e9 poskytovate\u013eovi slu\u017eieb umo\u017enia kontaktova\u0165 s\u0165a\u017euj\u00facu sa stranu, ako napr\u00edklad adresu, telef\u00f3nne \u010d\u00edslo a, ak je k dispoz\u00edcii, adresu elektronickej po\u0161ty, na ktorej mo\u017eno s\u0165a\u017euj\u00facu sa stranu kontaktova\u0165;<\/span><\/p>\n<p><span style=\"font-weight: 400;\">vyhl\u00e1senie, \u017ee s\u0165a\u017euj\u00faca sa strana je v dobrej viere presved\u010den\u00e1, \u017ee pou\u017eitie materi\u00e1lu sp\u00f4sobom, na ktor\u00fd sa s\u0165a\u017euje, nie je povolen\u00e9 vlastn\u00edkom autorsk\u00fdch pr\u00e1v, jeho z\u00e1stupcom alebo z\u00e1konom;<\/span><\/p>\n<p><span style=\"font-weight: 400;\">vyhl\u00e1senie, \u017ee inform\u00e1cie v ozn\u00e1men\u00ed s\u00fa presn\u00e9, a pod trestom krivej pr\u00edsahy, \u017ee s\u0165a\u017euj\u00faca sa strana je opr\u00e1vnen\u00e1 kona\u0165 v mene vlastn\u00edka v\u00fdhradn\u00e9ho pr\u00e1va, ktor\u00e9 je \u00fadajne poru\u0161en\u00e9;<\/span><\/p>\n<p>&nbsp;<\/p>\n<p><span style=\"font-weight: 400;\">Svoje tvrdenie o poru\u0161en\u00ed pr\u00e1v po\u0161lite na adresu: maurice@myonlineporn.com<\/span><\/p>\n<p>&nbsp;<\/p>\n<p><span style=\"font-weight: 400;\">Neodoslanie ozn\u00e1menia o poru\u0161en\u00ed autorsk\u00fdch pr\u00e1v, ako je op\u00edsan\u00e9 vy\u0161\u0161ie, nebude ma\u0165 za n\u00e1sledok \u017eiadne pr\u00e1vne ozn\u00e1menie alebo konanie v mene t\u00edmu MyOnlinePorn.com.<\/span><\/p>\n<p>&nbsp;<\/p>\n<h2><span style=\"font-weight: 400;\">Protiozn\u00e1menie o poru\u0161en\u00ed pr\u00e1v &#8211;<\/span><\/h2>\n<p>&nbsp;<\/p>\n<p><span style=\"font-weight: 400;\">Ak ste dostali ozn\u00e1menie o poru\u0161en\u00ed autorsk\u00fdch pr\u00e1v a m\u00e1te pocit, \u017ee materi\u00e1l, ktor\u00fd ste umiestnili online a ktor\u00fd bol odstr\u00e1nen\u00fd na z\u00e1klade s\u0165a\u017enosti na poru\u0161enie autorsk\u00fdch pr\u00e1v, v skuto\u010dnosti nie je poru\u0161en\u00edm, m\u00f4\u017eete poda\u0165 protiozn\u00e1menie. Pod\u013ea \u00a7 512 p\u00edsm. g) ods. 3 z\u00e1kona 17 U.S.C. mus\u00ed by\u0165 protiozn\u00e1menie platn\u00e9, mus\u00ed by\u0165 p\u00edsomn\u00e9 a adresovan\u00e9 n\u00e1\u0161mu ur\u010den\u00e9mu z\u00e1stupcovi (uveden\u00e9mu vy\u0161\u0161ie) a mus\u00ed obsahova\u0165 nasleduj\u00face inform\u00e1cie (nasleduj\u00faci zoznam poch\u00e1dza priamo zo z\u00e1kona; ak nerozumiete jazyku, vyh\u013eadajte nez\u00e1visl\u00fa radu):<\/span><\/p>\n<p>&nbsp;<\/p>\n<p><span style=\"font-weight: 400;\">MyOnlinePorn.com odstr\u00e1nila alebo ku ktor\u00e9mu MyOnlinePorn.com znemo\u017enila pr\u00edstup: Identifik\u00e1cia konkr\u00e9tnych URL adries materi\u00e1lov, ktor\u00e9 MyOnlinePorn.com odstr\u00e1nila alebo ku ktor\u00fdm MyOnlinePorn.com znemo\u017enila pr\u00edstup;<\/span><\/p>\n<p><span style=\"font-weight: 400;\">Va\u0161e cel\u00e9 meno, adresu, telef\u00f3nne \u010d\u00edslo a e-mailov\u00fa adresu<\/span><\/p>\n<p><span style=\"font-weight: 400;\">Vyhl\u00e1senie: &#8222;S\u00fahlas\u00edm s jurisdikciou feder\u00e1lneho okresn\u00e9ho s\u00fadu v obvode, v ktorom sa nach\u00e1dza moja adresa, alebo ak sa moja adresa nach\u00e1dza mimo Spojen\u00fdch \u0161t\u00e1tov, v s\u00fadnom obvode, v ktorom sa nach\u00e1dza webov\u00e1 str\u00e1nka, a budem prij\u00edma\u0165 doru\u010dovanie s\u00fadnych z\u00e1sielok od \u017ealobcu&#8220;;<\/span><\/p>\n<p><span style=\"font-weight: 400;\">Vyhl\u00e1senie: &#8222;Pod trestom krivej pr\u00edsahy prisah\u00e1m, \u017ee som v dobrej viere presved\u010den\u00fd, \u017ee materi\u00e1l bol odstr\u00e1nen\u00fd alebo zak\u00e1zan\u00fd v d\u00f4sledku omylu alebo nespr\u00e1vnej identifik\u00e1cie materi\u00e1lu, ktor\u00fd m\u00e1 by\u0165 odstr\u00e1nen\u00fd alebo zak\u00e1zan\u00fd&#8220;; a<\/span><\/p>\n<p><span style=\"font-weight: 400;\">Podpis. Akceptovan\u00fd bude naskenovan\u00fd fyzick\u00fd podpis alebo platn\u00fd elektronick\u00fd podpis.<\/span><\/p>\n<p><span style=\"font-weight: 400;\">N\u00e1\u0161 ur\u010den\u00fd z\u00e1stupca predlo\u017e\u00ed va\u0161e protiozn\u00e1menie \u017ealuj\u00facej strane. Po doru\u010den\u00ed v\u00e1\u0161ho protiozn\u00e1menia m\u00f4\u017ee spolo\u010dnos\u0165 MyOnlinePorn.com pod\u013ea ustanoven\u00ed 17 U.S.C. \u00a7512 obnovi\u0165 odstr\u00e1nen\u00fd materi\u00e1l v lehote nie krat\u0161ej ako 10 a nie dlh\u0161ej ako 14 pracovn\u00fdch dn\u00ed, pokia\u013e n\u00e1m \u017ealuj\u00faca strana neozn\u00e1mi, \u017ee podala \u017ealobu, ktorou sa dom\u00e1ha vydania s\u00fadneho pr\u00edkazu, aby v\u00e1m, \u00fa\u010dastn\u00edkovi, zak\u00e1zala vykon\u00e1va\u0165 \u010dinnos\u0165 poru\u0161uj\u00facu autorsk\u00e9 pr\u00e1va v s\u00favislosti s materi\u00e1lom v syst\u00e9me alebo sieti MyOnlinePorn.com.<\/span><\/p>\n<p>&nbsp;<\/p>\n<p><span style=\"font-weight: 400;\">Upozor\u0148ujeme, \u017ee ke\u010f protiozn\u00e1menie post\u00fapime \u017ealuj\u00facej strane, obsahuje va\u0161e osobn\u00e9 \u00fadaje. Odoslan\u00edm protiozn\u00e1menia s\u00fahlas\u00edte s t\u00fdm, aby boli va\u0161e \u00fadaje takto zverejnen\u00e9.<\/span><\/p>\n<p>&nbsp;<\/p>\n<p><span style=\"font-weight: 400;\">MyOnlinePorn.com nie je povinn\u00e1 reagova\u0165 na protiozn\u00e1menia, ktor\u00e9 nesp\u013a\u0148aj\u00fa vy\u0161\u0161ie uveden\u00e9 po\u017eiadavky.<\/span><\/p>\n<p>&nbsp;<\/p>\n<h2><span style=\"font-weight: 400;\">Odvolania v pr\u00edpade poru\u0161enia pr\u00e1v &#8211;<\/span><\/h2>\n<p>&nbsp;<\/p>\n<p><span style=\"font-weight: 400;\">V pr\u00edpade, \u017ee si po odoslan\u00ed Ozn\u00e1menia o poru\u0161en\u00ed autorsk\u00fdch pr\u00e1v uvedom\u00edte, \u017ee ste bu\u010f nespr\u00e1vne identifikovali obsah, nesplnili po\u017eiadavky DMCA, alebo \u017ee ste jednoducho zmenili n\u00e1zor, m\u00f4\u017eete svoje Ozn\u00e1menie o poru\u0161en\u00ed autorsk\u00fdch pr\u00e1v vzia\u0165 sp\u00e4\u0165 zaslan\u00edm Ozn\u00e1menia o stiahnut\u00ed so v\u0161etk\u00fdmi nasleduj\u00facimi \u00fadajmi:<\/span><\/p>\n<p>&nbsp;<\/p>\n<p><span style=\"font-weight: 400;\">Vyhl\u00e1senie, v ktorom uvediete, \u017ee beriete sp\u00e4\u0165 svoje ozn\u00e1menie o poru\u0161en\u00ed autorsk\u00fdch pr\u00e1v;<\/span><\/p>\n<p><span style=\"font-weight: 400;\">\u00fapln\u00fa a konkr\u00e9tnu adresu URL pr\u00edslu\u0161n\u00e9ho materi\u00e1lu;<\/span><\/p>\n<p><span style=\"font-weight: 400;\">elektronick\u00fd podpis a<\/span><\/p>\n<p><span style=\"font-weight: 400;\">k\u00f3piu p\u00f4vodn\u00e9ho ozn\u00e1menia o poru\u0161en\u00ed autorsk\u00fdch pr\u00e1v.<\/span><\/p>\n<p><span style=\"font-weight: 400;\">Opakovan\u00e9 poru\u0161enie &#8211;<\/span><\/p>\n<p>&nbsp;<\/p>\n<p><span style=\"font-weight: 400;\">MyOnlinePorn.com v pr\u00edpade potreby zru\u0161\u00ed \u00fa\u010det(-y) ka\u017ed\u00e9ho opakovan\u00e9ho poru\u0161ovate\u013ea autorsk\u00fdch pr\u00e1v a udr\u017eiava Z\u00e1sady opakovan\u00e9ho poru\u0161ovania autorsk\u00fdch pr\u00e1v pod\u013ea 17 U.S.C. \u00a7 512(i).<\/span><\/p>\n<p>&nbsp;<\/p>\n<p><span style=\"font-weight: 400;\">* * *<\/span><\/p>\n<p>&nbsp;<\/p>\n<p><span style=\"font-weight: 400;\">Tieto pokyny na oznamovanie poru\u0161ovania autorsk\u00fdch pr\u00e1v m\u00f4\u017eu by\u0165 a bud\u00fa priebe\u017ene upravovan\u00e9 bez predch\u00e1dzaj\u00faceho upozornenia. Za pravideln\u00fa kontrolu t\u00fdchto Pokynov na oznamovanie poru\u0161enia autorsk\u00fdch pr\u00e1v ste zodpovedn\u00ed v\u00fdlu\u010dne vy.<\/span><\/p>\n<p>&nbsp;<\/p>\n            <\/div>\n        <\/div>\n    <\/div>\n<\/section>","protected":false},"excerpt":{"rendered":"","protected":false},"author":2,"featured_media":0,"parent":0,"menu_order":0,"comment_status":"closed","ping_status":"closed","template":"","meta":{"_acf_changed":false,"footnotes":""},"class_list":["post-51450","page","type-page","status-publish","hentry"],"acf":[],"rankMath":{"parentDomain":"myonlineporn.com","noFollowDomains":[],"noFollowExcludeDomains":[],"noFollowExternalLinks":false,"featuredImageNotice":"The featured image should be at least 200 by 200 pixels to be picked up by Facebook and other social media sites.","pluginReviewed":false,"postSettings":{"linkSuggestions":true,"useFocusKeyword":false},"frontEndScore":false,"postName":"dmca","permalinkFormat":"https:\/\/myonlineporn.com\/sk\/%pagename%\/","showLockModifiedDate":true,"assessor":{"focusKeywordLink":"https:\/\/myonlineporn.com\/wp-admin\/edit.php?focus_keyword=%focus_keyword%&post_type=%post_type%","hasTOCPlugin":false,"primaryTaxonomy":false,"serpData":{"title":"","description":"","focusKeywords":"","pillarContent":false,"canonicalUrl":"","breadcrumbTitle":"","advancedRobots":{"max-snippet":"-1","max-video-preview":"-1","max-image-preview":"large"},"facebookTitle":"","facebookDescription":"","facebookImage":"","facebookImageID":"","facebookHasOverlay":false,"facebookImageOverlay":"","facebookAuthor":"","twitterCardType":"","twitterUseFacebook":true,"twitterTitle":"","twitterDescription":"","twitterImage":"","twitterImageID":"","twitterHasOverlay":false,"twitterImageOverlay":"","twitterPlayerUrl":"","twitterPlayerSize":"","twitterPlayerStream":"","twitterPlayerStreamCtype":"","twitterAppDescription":"","twitterAppIphoneName":"","twitterAppIphoneID":"","twitterAppIphoneUrl":"","twitterAppIpadName":"","twitterAppIpadID":"","twitterAppIpadUrl":"","twitterAppGoogleplayName":"","twitterAppGoogleplayID":"","twitterAppGoogleplayUrl":"","twitterAppCountry":"","robots":{"index":true},"twitterAuthor":"username","primaryTerm":0,"authorName":"Maurice","titleTemplate":"%title% %page% %sep% %sitename%","descriptionTemplate":"%excerpt%","showScoreFrontend":true,"lockModifiedDate":false},"powerWords":[],"diacritics":{"A":"[\\u0041\\u24B6\\uFF21\\u00C0\\u00C1\\u00C2\\u1EA6\\u1EA4\\u1EAA\\u1EA8\\u00C3\\u0100\\u0102\\u1EB0\\u1EAE\\u1EB4\\u1EB2\\u0226\\u01E0\\u00C4\\u01DE\\u1EA2\\u00C5\\u01FA\\u01CD\\u0200\\u0202\\u1EA0\\u1EAC\\u1EB6\\u1E00\\u0104\\u023A\\u2C6F]","AA":"[\\uA732]","AE":"[\\u00C6\\u01FC\\u01E2]","AO":"[\\uA734]","AU":"[\\uA736]","AV":"[\\uA738\\uA73A]","AY":"[\\uA73C]","B":"[\\u0042\\u24B7\\uFF22\\u1E02\\u1E04\\u1E06\\u0243\\u0182\\u0181]","C":"[\\u0043\\u24B8\\uFF23\\u0106\\u0108\\u010A\\u010C\\u00C7\\u1E08\\u0187\\u023B\\uA73E]","D":"[\\u0044\\u24B9\\uFF24\\u1E0A\\u010E\\u1E0C\\u1E10\\u1E12\\u1E0E\\u0110\\u018B\\u018A\\u0189\\uA779]","DZ":"[\\u01F1\\u01C4]","Dz":"[\\u01F2\\u01C5]","E":"[\\u0045\\u24BA\\uFF25\\u00C8\\u00C9\\u00CA\\u1EC0\\u1EBE\\u1EC4\\u1EC2\\u1EBC\\u0112\\u1E14\\u1E16\\u0114\\u0116\\u00CB\\u1EBA\\u011A\\u0204\\u0206\\u1EB8\\u1EC6\\u0228\\u1E1C\\u0118\\u1E18\\u1E1A\\u0190\\u018E]","F":"[\\u0046\\u24BB\\uFF26\\u1E1E\\u0191\\uA77B]","G":"[\\u0047\\u24BC\\uFF27\\u01F4\\u011C\\u1E20\\u011E\\u0120\\u01E6\\u0122\\u01E4\\u0193\\uA7A0\\uA77D\\uA77E]","H":"[\\u0048\\u24BD\\uFF28\\u0124\\u1E22\\u1E26\\u021E\\u1E24\\u1E28\\u1E2A\\u0126\\u2C67\\u2C75\\uA78D]","I":"[\\u0049\\u24BE\\uFF29\\u00CC\\u00CD\\u00CE\\u0128\\u012A\\u012C\\u0130\\u00CF\\u1E2E\\u1EC8\\u01CF\\u0208\\u020A\\u1ECA\\u012E\\u1E2C\\u0197]","J":"[\\u004A\\u24BF\\uFF2A\\u0134\\u0248]","K":"[\\u004B\\u24C0\\uFF2B\\u1E30\\u01E8\\u1E32\\u0136\\u1E34\\u0198\\u2C69\\uA740\\uA742\\uA744\\uA7A2]","L":"[\\u004C\\u24C1\\uFF2C\\u013F\\u0139\\u013D\\u1E36\\u1E38\\u013B\\u1E3C\\u1E3A\\u0141\\u023D\\u2C62\\u2C60\\uA748\\uA746\\uA780]","LJ":"[\\u01C7]","Lj":"[\\u01C8]","M":"[\\u004D\\u24C2\\uFF2D\\u1E3E\\u1E40\\u1E42\\u2C6E\\u019C]","N":"[\\u004E\\u24C3\\uFF2E\\u01F8\\u0143\\u00D1\\u1E44\\u0147\\u1E46\\u0145\\u1E4A\\u1E48\\u0220\\u019D\\uA790\\uA7A4]","NJ":"[\\u01CA]","Nj":"[\\u01CB]","O":"[\\u004F\\u24C4\\uFF2F\\u00D2\\u00D3\\u00D4\\u1ED2\\u1ED0\\u1ED6\\u1ED4\\u00D5\\u1E4C\\u022C\\u1E4E\\u014C\\u1E50\\u1E52\\u014E\\u022E\\u0230\\u00D6\\u022A\\u1ECE\\u0150\\u01D1\\u020C\\u020E\\u01A0\\u1EDC\\u1EDA\\u1EE0\\u1EDE\\u1EE2\\u1ECC\\u1ED8\\u01EA\\u01EC\\u00D8\\u01FE\\u0186\\u019F\\uA74A\\uA74C]","OI":"[\\u01A2]","OO":"[\\uA74E]","OU":"[\\u0222]","P":"[\\u0050\\u24C5\\uFF30\\u1E54\\u1E56\\u01A4\\u2C63\\uA750\\uA752\\uA754]","Q":"[\\u0051\\u24C6\\uFF31\\uA756\\uA758\\u024A]","R":"[\\u0052\\u24C7\\uFF32\\u0154\\u1E58\\u0158\\u0210\\u0212\\u1E5A\\u1E5C\\u0156\\u1E5E\\u024C\\u2C64\\uA75A\\uA7A6\\uA782]","S":"[\\u0053\\u24C8\\uFF33\\u1E9E\\u015A\\u1E64\\u015C\\u1E60\\u0160\\u1E66\\u1E62\\u1E68\\u0218\\u015E\\u2C7E\\uA7A8\\uA784]","T":"[\\u0054\\u24C9\\uFF34\\u1E6A\\u0164\\u1E6C\\u021A\\u0162\\u1E70\\u1E6E\\u0166\\u01AC\\u01AE\\u023E\\uA786]","TZ":"[\\uA728]","U":"[\\u0055\\u24CA\\uFF35\\u00D9\\u00DA\\u00DB\\u0168\\u1E78\\u016A\\u1E7A\\u016C\\u00DC\\u01DB\\u01D7\\u01D5\\u01D9\\u1EE6\\u016E\\u0170\\u01D3\\u0214\\u0216\\u01AF\\u1EEA\\u1EE8\\u1EEE\\u1EEC\\u1EF0\\u1EE4\\u1E72\\u0172\\u1E76\\u1E74\\u0244]","V":"[\\u0056\\u24CB\\uFF36\\u1E7C\\u1E7E\\u01B2\\uA75E\\u0245]","VY":"[\\uA760]","W":"[\\u0057\\u24CC\\uFF37\\u1E80\\u1E82\\u0174\\u1E86\\u1E84\\u1E88\\u2C72]","X":"[\\u0058\\u24CD\\uFF38\\u1E8A\\u1E8C]","Y":"[\\u0059\\u24CE\\uFF39\\u1EF2\\u00DD\\u0176\\u1EF8\\u0232\\u1E8E\\u0178\\u1EF6\\u1EF4\\u01B3\\u024E\\u1EFE]","Z":"[\\u005A\\u24CF\\uFF3A\\u0179\\u1E90\\u017B\\u017D\\u1E92\\u1E94\\u01B5\\u0224\\u2C7F\\u2C6B\\uA762]","a":"[\\u0061\\u24D0\\uFF41\\u1E9A\\u00E0\\u00E1\\u00E2\\u1EA7\\u1EA5\\u1EAB\\u1EA9\\u00E3\\u0101\\u0103\\u1EB1\\u1EAF\\u1EB5\\u1EB3\\u0227\\u01E1\\u00E4\\u01DF\\u1EA3\\u00E5\\u01FB\\u01CE\\u0201\\u0203\\u1EA1\\u1EAD\\u1EB7\\u1E01\\u0105\\u2C65\\u0250]","aa":"[\\uA733]","ae":"[\\u00E6\\u01FD\\u01E3]","ao":"[\\uA735]","au":"[\\uA737]","av":"[\\uA739\\uA73B]","ay":"[\\uA73D]","b":"[\\u0062\\u24D1\\uFF42\\u1E03\\u1E05\\u1E07\\u0180\\u0183\\u0253]","c":"[\\u0063\\u24D2\\uFF43\\u0107\\u0109\\u010B\\u010D\\u00E7\\u1E09\\u0188\\u023C\\uA73F\\u2184]","d":"[\\u0064\\u24D3\\uFF44\\u1E0B\\u010F\\u1E0D\\u1E11\\u1E13\\u1E0F\\u0111\\u018C\\u0256\\u0257\\uA77A]","dz":"[\\u01F3\\u01C6]","e":"[\\u0065\\u24D4\\uFF45\\u00E8\\u00E9\\u00EA\\u1EC1\\u1EBF\\u1EC5\\u1EC3\\u1EBD\\u0113\\u1E15\\u1E17\\u0115\\u0117\\u00EB\\u1EBB\\u011B\\u0205\\u0207\\u1EB9\\u1EC7\\u0229\\u1E1D\\u0119\\u1E19\\u1E1B\\u0247\\u025B\\u01DD]","f":"[\\u0066\\u24D5\\uFF46\\u1E1F\\u0192\\uA77C]","g":"[\\u0067\\u24D6\\uFF47\\u01F5\\u011D\\u1E21\\u011F\\u0121\\u01E7\\u0123\\u01E5\\u0260\\uA7A1\\u1D79\\uA77F]","h":"[\\u0068\\u24D7\\uFF48\\u0125\\u1E23\\u1E27\\u021F\\u1E25\\u1E29\\u1E2B\\u1E96\\u0127\\u2C68\\u2C76\\u0265]","hv":"[\\u0195]","i":"[\\u0069\\u24D8\\uFF49\\u00EC\\u00ED\\u00EE\\u0129\\u012B\\u012D\\u00EF\\u1E2F\\u1EC9\\u01D0\\u0209\\u020B\\u1ECB\\u012F\\u1E2D\\u0268\\u0131]","j":"[\\u006A\\u24D9\\uFF4A\\u0135\\u01F0\\u0249]","k":"[\\u006B\\u24DA\\uFF4B\\u1E31\\u01E9\\u1E33\\u0137\\u1E35\\u0199\\u2C6A\\uA741\\uA743\\uA745\\uA7A3]","l":"[\\u006C\\u24DB\\uFF4C\\u0140\\u013A\\u013E\\u1E37\\u1E39\\u013C\\u1E3D\\u1E3B\\u017F\\u0142\\u019A\\u026B\\u2C61\\uA749\\uA781\\uA747]","lj":"[\\u01C9]","m":"[\\u006D\\u24DC\\uFF4D\\u1E3F\\u1E41\\u1E43\\u0271\\u026F]","n":"[\\u006E\\u24DD\\uFF4E\\u01F9\\u0144\\u00F1\\u1E45\\u0148\\u1E47\\u0146\\u1E4B\\u1E49\\u019E\\u0272\\u0149\\uA791\\uA7A5]","nj":"[\\u01CC]","o":"[\\u006F\\u24DE\\uFF4F\\u00F2\\u00F3\\u00F4\\u1ED3\\u1ED1\\u1ED7\\u1ED5\\u00F5\\u1E4D\\u022D\\u1E4F\\u014D\\u1E51\\u1E53\\u014F\\u022F\\u0231\\u00F6\\u022B\\u1ECF\\u0151\\u01D2\\u020D\\u020F\\u01A1\\u1EDD\\u1EDB\\u1EE1\\u1EDF\\u1EE3\\u1ECD\\u1ED9\\u01EB\\u01ED\\u00F8\\u01FF\\u0254\\uA74B\\uA74D\\u0275]","oi":"[\\u01A3]","ou":"[\\u0223]","oo":"[\\uA74F]","p":"[\\u0070\\u24DF\\uFF50\\u1E55\\u1E57\\u01A5\\u1D7D\\uA751\\uA753\\uA755]","q":"[\\u0071\\u24E0\\uFF51\\u024B\\uA757\\uA759]","r":"[\\u0072\\u24E1\\uFF52\\u0155\\u1E59\\u0159\\u0211\\u0213\\u1E5B\\u1E5D\\u0157\\u1E5F\\u024D\\u027D\\uA75B\\uA7A7\\uA783]","s":"[\\u0073\\u24E2\\uFF53\\u015B\\u1E65\\u015D\\u1E61\\u0161\\u1E67\\u1E63\\u1E69\\u0219\\u015F\\u023F\\uA7A9\\uA785\\u1E9B]","ss":"[\\u00DF]","t":"[\\u0074\\u24E3\\uFF54\\u1E6B\\u1E97\\u0165\\u1E6D\\u021B\\u0163\\u1E71\\u1E6F\\u0167\\u01AD\\u0288\\u2C66\\uA787]","tz":"[\\uA729]","u":"[\\u0075\\u24E4\\uFF55\\u00F9\\u00FA\\u00FB\\u0169\\u1E79\\u016B\\u1E7B\\u016D\\u00FC\\u01DC\\u01D8\\u01D6\\u01DA\\u1EE7\\u016F\\u0171\\u01D4\\u0215\\u0217\\u01B0\\u1EEB\\u1EE9\\u1EEF\\u1EED\\u1EF1\\u1EE5\\u1E73\\u0173\\u1E77\\u1E75\\u0289]","v":"[\\u0076\\u24E5\\uFF56\\u1E7D\\u1E7F\\u028B\\uA75F\\u028C]","vy":"[\\uA761]","w":"[\\u0077\\u24E6\\uFF57\\u1E81\\u1E83\\u0175\\u1E87\\u1E85\\u1E98\\u1E89\\u2C73]","x":"[\\u0078\\u24E7\\uFF58\\u1E8B\\u1E8D]","y":"[\\u0079\\u24E8\\uFF59\\u1EF3\\u00FD\\u0177\\u1EF9\\u0233\\u1E8F\\u00FF\\u1EF7\\u1E99\\u1EF5\\u01B4\\u024F\\u1EFF]","z":"[\\u007A\\u24E9\\uFF5A\\u017A\\u1E91\\u017C\\u017E\\u1E93\\u1E95\\u01B6\\u0225\\u0240\\u2C6C\\uA763]"},"researchesTests":["contentHasTOC","contentHasShortParagraphs","contentHasAssets","keywordInTitle","keywordInMetaDescription","keywordInPermalink","keywordIn10Percent","keywordInContent","keywordInSubheadings","keywordInImageAlt","keywordDensity","keywordNotUsed","lengthContent","lengthPermalink","linksHasInternal","linksHasExternals","linksNotAllExternals","titleStartWithKeyword","titleSentiment","titleHasPowerWords","titleHasNumber","hasContentAI"],"hasRedirection":true,"hasBreadcrumb":true},"homeUrl":"https:\/\/myonlineporn.com\/sk\/","objectID":51450,"objectType":"post","locale":"sk","localeFull":"sk_SK","overlayImages":{"play":{"name":"Play icon","url":"https:\/\/myonlineporn.com\/wp-content\/plugins\/seo-by-rank-math\/assets\/admin\/img\/icon-play.png","path":"\/home\/u317619901\/domains\/myonlineporn.com\/public_html\/wp-content\/plugins\/seo-by-rank-math\/assets\/admin\/img\/icon-play.png","position":"middle_center"},"gif":{"name":"GIF icon","url":"https:\/\/myonlineporn.com\/wp-content\/plugins\/seo-by-rank-math\/assets\/admin\/img\/icon-gif.png","path":"\/home\/u317619901\/domains\/myonlineporn.com\/public_html\/wp-content\/plugins\/seo-by-rank-math\/assets\/admin\/img\/icon-gif.png","position":"middle_center"}},"defautOgImage":"https:\/\/myonlineporn.com\/wp-content\/plugins\/seo-by-rank-math\/assets\/admin\/img\/social-placeholder.jpg","customPermalinks":true,"isUserRegistered":false,"autoSuggestKeywords":false,"connectSiteUrl":"https:\/\/rankmath.com\/auth?site=https%3A%2F%2Fmyonlineporn.com%2Fsk%2F&r=https%3A%2F%2Fmyonlineporn.com%2Fsk%2Fwp-json%2Fwp%2Fv2%2Fpages%2F51450%3Fnonce%3D0944882429","maxTags":5,"trendsIcon":"<svg viewBox=\"0 0 610 610\"><path d=\"M18.85,446,174.32,290.48l58.08,58.08L76.93,504a14.54,14.54,0,0,1-20.55,0L18.83,466.48a14.54,14.54,0,0,1,0-20.55Z\" style=\"fill:#4285f4\"\/><path d=\"M242.65,242.66,377.59,377.6l-47.75,47.75a14.54,14.54,0,0,1-20.55,0L174.37,290.43l47.75-47.75A14.52,14.52,0,0,1,242.65,242.66Z\" style=\"fill:#ea4335\"\/><polygon points=\"319.53 319.53 479.26 159.8 537.34 217.88 377.61 377.62 319.53 319.53\" style=\"fill:#fabb05\"\/><path d=\"M594.26,262.73V118.61h0a16.94,16.94,0,0,0-16.94-16.94H433.2a16.94,16.94,0,0,0-12,28.92L565.34,274.71h0a16.94,16.94,0,0,0,28.92-12Z\" style=\"fill:#34a853\"\/><rect width=\"610\" height=\"610\" style=\"fill:none\"\/><\/svg>","showScore":true,"siteFavIcon":"https:\/\/myonlineporn.com\/wp-content\/uploads\/2024\/03\/footer_logo.png","canUser":{"general":false,"advanced":false,"snippet":false,"social":false,"analysis":false,"analytics":false,"content_ai":false},"showKeywordIntent":true,"isPro":false,"is_front_page":false,"trendsUpgradeLink":"https:\/\/rankmath.com\/pricing\/?utm_source=Plugin&utm_medium=CE%20General%20Tab%20Trends&utm_campaign=WP","trendsUpgradeLabel":"Upgrade","trendsPreviewImage":"https:\/\/myonlineporn.com\/wp-content\/plugins\/seo-by-rank-math\/assets\/admin\/img\/trends-preview.jpg","currentEditor":false,"homepageData":{"assessor":{"powerWords":[],"diacritics":true,"researchesTests":["contentHasTOC","contentHasShortParagraphs","contentHasAssets","keywordInTitle","keywordInMetaDescription","keywordInPermalink","keywordIn10Percent","keywordInContent","keywordInSubheadings","keywordInImageAlt","keywordDensity","keywordNotUsed","lengthContent","lengthPermalink","linksHasInternal","linksHasExternals","linksNotAllExternals","titleStartWithKeyword","titleSentiment","titleHasPowerWords","titleHasNumber","hasContentAI"],"hasBreadcrumb":true,"serpData":{"title":false,"description":"","titleTemplate":"%sitename% %page% %sep% %sitedesc%","descriptionTemplate":"","focusKeywords":"","breadcrumbTitle":"Home","robots":{"index":true},"advancedRobots":{"max-snippet":"-1","max-video-preview":"-1","max-image-preview":"large"},"facebookTitle":"","facebookDescription":"","facebookImage":"","facebookImageID":""}}},"tocTitle":"Table of Contents","tocExcludeHeadings":[],"listStyle":"div"},"_links":{"self":[{"href":"https:\/\/myonlineporn.com\/sk\/wp-json\/wp\/v2\/pages\/51450","targetHints":{"allow":["GET"]}}],"collection":[{"href":"https:\/\/myonlineporn.com\/sk\/wp-json\/wp\/v2\/pages"}],"about":[{"href":"https:\/\/myonlineporn.com\/sk\/wp-json\/wp\/v2\/types\/page"}],"author":[{"embeddable":true,"href":"https:\/\/myonlineporn.com\/sk\/wp-json\/wp\/v2\/users\/2"}],"replies":[{"embeddable":true,"href":"https:\/\/myonlineporn.com\/sk\/wp-json\/wp\/v2\/comments?post=51450"}],"version-history":[{"count":0,"href":"https:\/\/myonlineporn.com\/sk\/wp-json\/wp\/v2\/pages\/51450\/revisions"}],"wp:attachment":[{"href":"https:\/\/myonlineporn.com\/sk\/wp-json\/wp\/v2\/media?parent=51450"}],"curies":[{"name":"wp","href":"https:\/\/api.w.org\/{rel}","templated":true}]}}