{"id":21391,"date":"2023-05-02T21:17:59","date_gmt":"2023-05-02T21:17:59","guid":{"rendered":"https:\/\/myonlineporn.com\/dmca\/"},"modified":"2023-09-04T21:42:29","modified_gmt":"2023-09-04T21:42:29","slug":"dmca","status":"publish","type":"page","link":"https:\/\/myonlineporn.com\/tr\/dmca\/","title":{"rendered":"DMCA"},"content":{"rendered":"\n<section class=\"generic-content vertical-padding\">\n    <div class=\"container\">\n                    <h1 class=\"generic-content_title heading-secondary\">DMCA &#8211; MYONLINEPORN.COM<\/h1>\n                <div class=\"generic_content_wrapper\">\n            <div class=\"rich-text-content\">\n                <p><span style=\"font-weight: 400;\">Telif Hakk\u0131 \u0130hlali Bildirim Talimatlar\u0131<\/span><\/p>\n<p><span style=\"font-weight: 400;\">Web sitemizi (MyOnlinePorn.com) ziyaret etti\u011finiz i\u00e7in te\u015fekk\u00fcr ederiz. Bu Telif Hakk\u0131 \u0130hlali Bildirim Talimatlar\u0131 yaln\u0131zca telif hakk\u0131 ile ilgili talepler i\u00e7indir. K\u00f6t\u00fcye kullan\u0131m, taciz, uygunsuz i\u00e7erik veya gizlilik sorunlar\u0131 ile ilgili herhangi bir yorumunuz, sorunuz, endi\u015feniz veya sorununuz varsa, l\u00fctfen <\/span><a href=\"mailto:maurice@myonlineporn.com\"><span style=\"font-weight: 400;\">bizimle ileti\u015fime<\/span><\/a> ge\u00e7in<span style=\"font-weight: 400;\">.<\/span><\/p>\n<p>&nbsp;<\/p>\n<p><span style=\"font-weight: 400;\">MyOnlinePorn.com&#8217;u kullanarak, Web Sitesini ve bu Telif Hakk\u0131 \u0130hlali Bildirim Talimatlar\u0131n\u0131 kullanman\u0131n bir sonucu olarak t\u00fcm yasal haklar\u0131n\u0131z\u0131 ve y\u00fck\u00fcml\u00fcl\u00fcklerinizi tam olarak anlamak i\u00e7in kendi se\u00e7ti\u011finiz ve masraflar\u0131 size ait olmak \u00fczere bir avukata dan\u0131\u015ft\u0131\u011f\u0131n\u0131z\u0131 kabul edersiniz.<\/span><\/p>\n<p>&nbsp;<\/p>\n<p><strong>UYARI: 17 U.S.C. \u00a7 512(f) UYARINCA, MALZEME VEYA FAAL\u0130YET\u0130N TEL\u0130F HAKKI \u0130HLAL\u0130 OLDU\u011eUNU B\u0130LEREK YANLI\u015e B\u0130LD\u0130REN HERHANG\u0130 B\u0130R K\u0130\u015e\u0130 SORUMLULUK VEYA ZARARA MARUZ KALAB\u0130L\u0130R. TELI\u0307F HAKKI I\u0307HLALI\u0307 I\u0307LE I\u0307LGI\u0307LI\u0307 YANLI\u015e I\u0307DDI\u0307ALARDA BULUNMAYIN.<\/strong><\/p>\n<p>&nbsp;<\/p>\n<p><span style=\"font-weight: 400;\">Dijital Milenyum Telif Hakk\u0131 Yasas\u0131&#8217;n\u0131n (&#8220;DMCA&#8221;) tam metnini incelemek <\/span> isterseniz<a href=\"http:\/\/www.law.cornell.edu\/uscode\/text\/17\/512\" target=\"_blank\" rel=\"noopener\"><span style=\"font-weight: 400;\">BURAYA<\/span><\/a><span style=\"font-weight: 400;\"> veya DMCA&#8217;n\u0131n her bir ba\u015fl\u0131\u011f\u0131n\u0131 \u00f6zetleyen bir memorandumu incel <\/span>emek isterseniz<a href=\"http:\/\/www.copyright.gov\/legislation\/dmca.pdf\" target=\"_blank\" rel=\"noopener\"><span style=\"font-weight: 400;\">BURAYA<\/span><\/a> t\u0131klayabilirsiniz<span style=\"font-weight: 400;\">. Yukar\u0131da belirtilen ba\u011flant\u0131l\u0131 web sayfalar\u0131nda yer alan bilgiler yaln\u0131zca size kolayl\u0131k sa\u011flamak i\u00e7indir ve do\u011frulu\u011fu da dahil olmak \u00fczere burada yer alan bilgilerle ilgili hi\u00e7bir vaat veya beyanda bulunmuyoruz.<\/span><\/p>\n<p>&nbsp;<\/p>\n<p><span style=\"font-weight: 400;\">DMCA&#8217;n\u0131n 17 U.S.C. \u00a7512(k)(1) maddesi uyar\u0131nca, MyOnlinePorn.com bir &#8220;Hizmet Sa\u011flay\u0131c\u0131 &#8220;d\u0131r ve genellikle &#8220;G\u00fcvenli Liman&#8221; h\u00fck\u00fcmleri olarak adland\u0131r\u0131lan belirli korumalara hak kazan\u0131r.<\/span><\/p>\n<p>&nbsp;<\/p>\n<h2><span style=\"font-weight: 400;\">\u0130hlal \u0130ddias\u0131 &#8211;<\/span><\/h2>\n<p>&nbsp;<\/p>\n<p><span style=\"font-weight: 400;\">Birinin telif hakk\u0131n\u0131z\u0131 ihlal eden bir materyal yay\u0131nlad\u0131\u011f\u0131n\u0131 d\u00fc\u015f\u00fcn\u00fcyorsan\u0131z, iddia edilen telif hakk\u0131 ihlaline ili\u015fkin bir bildirim bize e-posta veya normal posta yoluyla sa\u011flanmal\u0131 ve a\u015fa\u011f\u0131daki bilgileri i\u00e7ermelidir (a\u015fa\u011f\u0131daki liste b\u00fcy\u00fck \u00f6l\u00e7\u00fcde do\u011frudan 17 U.S.C. \u00a7512(c)(3) say\u0131l\u0131 t\u00fcz\u00fckten al\u0131nm\u0131\u015ft\u0131r; dili anlamad\u0131ysan\u0131z l\u00fctfen ba\u011f\u0131ms\u0131z yasal tavsiye al\u0131n):<\/span><\/p>\n<p>&nbsp;<\/p>\n<p><span style=\"font-weight: 400;\">\u0130hlal edildi\u011fi iddia edilen m\u00fcnhas\u0131r hakk\u0131n sahibi ad\u0131na hareket etmeye yetkili bir ki\u015finin fiziksel veya elektronik imzas\u0131;<\/span><\/p>\n<p><span style=\"font-weight: 400;\">\u0130hlal edildi\u011fi iddia edilen telif hakk\u0131yla korunan eserin tan\u0131mlanmas\u0131 veya tek bir \u00e7evrimi\u00e7i sitedeki birden fazla telif hakk\u0131yla korunan eser tek bir bildirim kapsam\u0131ndaysa, s\u00f6z konusu sitedeki bu t\u00fcr eserlerin temsili bir listesi;<\/span><\/p>\n<p><span style=\"font-weight: 400;\">\u0130hlal edici oldu\u011fu veya ihlal edici faaliyete konu oldu\u011fu iddia edilen ve kald\u0131r\u0131lmas\u0131 veya eri\u015fiminin engellenmesi gereken materyalin tan\u0131mlanmas\u0131 ve hizmet sa\u011flay\u0131c\u0131n\u0131n materyalin yerini tespit etmesine izin verecek makul \u00f6l\u00e7\u00fcde yeterli bilgi;<\/span><\/p>\n<p><span style=\"font-weight: 400;\">Hizmet sa\u011flay\u0131c\u0131n\u0131n \u015fikayet\u00e7i tarafla ileti\u015fime ge\u00e7mesine izin vermek i\u00e7in makul \u00f6l\u00e7\u00fcde yeterli olan adres, telefon numaras\u0131 ve varsa \u015fikayet\u00e7i tarafla ileti\u015fime ge\u00e7ilebilecek bir elektronik posta adresi gibi bilgiler;<\/span><\/p>\n<p><span style=\"font-weight: 400;\">\u015eikayet eden taraf\u0131n, materyalin \u015fikayet edilen \u015fekilde kullan\u0131lmas\u0131na telif hakk\u0131 sahibi, temsilcisi veya kanun taraf\u0131ndan izin verilmedi\u011fine dair iyi niyetli bir inanca sahip oldu\u011funa dair bir beyan;<\/span><\/p>\n<p><span style=\"font-weight: 400;\">Bildirimdeki bilgilerin do\u011fru oldu\u011funa ve yalan beyanda bulunma cezas\u0131 alt\u0131nda, \u015fikayet eden taraf\u0131n ihlal edildi\u011fi iddia edilen m\u00fcnhas\u0131r bir hakk\u0131n sahibi ad\u0131na hareket etmeye yetkili oldu\u011funa dair bir beyan;<\/span><\/p>\n<p>&nbsp;<\/p>\n<p><span style=\"font-weight: 400;\">L\u00fctfen \u0130hlal \u0130ddian\u0131z\u0131 \u015fu adrese g\u00f6nderin: maurice@myonlineporn.com<\/span><\/p>\n<p>&nbsp;<\/p>\n<p><span style=\"font-weight: 400;\">Telif hakk\u0131 ihlali bildirimlerinin yukar\u0131da a\u00e7\u0131kland\u0131\u011f\u0131 \u015fekilde g\u00f6nderilmemesi, MyOnlinePorn.com ekibi ad\u0131na hi\u00e7bir yasal bildirim veya i\u015flem yap\u0131lmamas\u0131na neden olacakt\u0131r.<\/span><\/p>\n<p>&nbsp;<\/p>\n<h2><span style=\"font-weight: 400;\">\u0130hlal \u0130ddias\u0131 Kar\u015f\u0131 Bildirimi &#8211;<\/span><\/h2>\n<p>&nbsp;<\/p>\n<p><span style=\"font-weight: 400;\">Bir Telif Hakk\u0131 \u0130hlali Bildirimi ald\u0131ysan\u0131z ve bir ihlal \u015fikayetinin ard\u0131ndan kald\u0131r\u0131lan \u00e7evrimi\u00e7i yerle\u015ftirdi\u011finiz materyalin asl\u0131nda bir ihlal olmad\u0131\u011f\u0131n\u0131 d\u00fc\u015f\u00fcn\u00fcyorsan\u0131z, bir kar\u015f\u0131 bildirimde bulunabilirsiniz. 17 U.S.C. \u00a7512 (g)(3) uyar\u0131nca, kar\u015f\u0131 bildirimin ge\u00e7erli olabilmesi i\u00e7in yaz\u0131l\u0131 olmas\u0131 ve atanm\u0131\u015f temsilcimize (yukar\u0131da listelenmi\u015ftir) g\u00f6nderilmesi ve a\u015fa\u011f\u0131daki bilgileri sa\u011flamas\u0131 gerekmektedir (a\u015fa\u011f\u0131daki liste do\u011frudan t\u00fcz\u00fckten al\u0131nm\u0131\u015ft\u0131r; dili anlamad\u0131ysan\u0131z l\u00fctfen ba\u011f\u0131ms\u0131z tavsiye al\u0131n):<\/span><\/p>\n<p>&nbsp;<\/p>\n<p><span style=\"font-weight: 400;\">MyOnlinePorn.com&#8217;un kald\u0131rd\u0131\u011f\u0131 veya MyOnlinePorn.com&#8217;un eri\u015fimi devre d\u0131\u015f\u0131 b\u0131rakt\u0131\u011f\u0131 belirli materyal URL&#8217;lerinin tan\u0131mlanmas\u0131;<\/span><\/p>\n<p><span style=\"font-weight: 400;\">Tam ad\u0131n\u0131z, adresiniz, telefon numaran\u0131z ve e-posta adresiniz<\/span><\/p>\n<p><span style=\"font-weight: 400;\">\u0130fade: &#8220;Adresimin bulundu\u011fu b\u00f6lgenin Federal B\u00f6lge Mahkemesinin veya adresim Amerika Birle\u015fik Devletleri d\u0131\u015f\u0131ndaysa, Web Sitesinin bulundu\u011fu yarg\u0131 b\u00f6lgesinin yarg\u0131 yetkisine r\u0131za g\u00f6steriyorum ve davac\u0131dan gelen i\u015flemlerin tebli\u011fini kabul edece\u011fim&#8221;;<\/span><\/p>\n<p><span style=\"font-weight: 400;\">\u0130fade: &#8220;Yalan yere yemin etme cezas\u0131 alt\u0131nda, kald\u0131r\u0131lacak veya devre d\u0131\u015f\u0131 b\u0131rak\u0131lacak materyalin bir hata veya yanl\u0131\u015f tan\u0131mlama sonucu kald\u0131r\u0131ld\u0131\u011f\u0131na veya devre d\u0131\u015f\u0131 b\u0131rak\u0131ld\u0131\u011f\u0131na dair iyi niyetli bir inanc\u0131m oldu\u011funa yemin ederim&#8221;; ve<\/span><\/p>\n<p><span style=\"font-weight: 400;\">\u0130mza. Taranm\u0131\u015f bir fiziksel imza veya ge\u00e7erli bir elektronik imza kabul edilecektir.<\/span><\/p>\n<p><span style=\"font-weight: 400;\">Belirlenen temsilcimiz kar\u015f\u0131 bildiriminizi \u015eikayet Eden Tarafa sunacakt\u0131r. Kar\u015f\u0131 bildiriminiz iletildikten sonra, \u015eikayet Eden Taraf, abone olarak sizi MyOnlinePorn.com sistemi veya a\u011f\u0131ndaki materyalle ilgili ihlal edici faaliyette bulunmaktan al\u0131koymak i\u00e7in bir mahkeme emri talep eden bir dava a\u00e7t\u0131\u011f\u0131n\u0131 bize bildirmedi\u011fi s\u00fcrece, MyOnlinePorn.com&#8217;un 17 U.S.C. \u00a7512 h\u00fck\u00fcmleri uyar\u0131nca kald\u0131r\u0131lan materyali en az 10, en fazla 14 i\u015f g\u00fcn\u00fc i\u00e7inde geri y\u00fcklemesine izin verilir.<\/span><\/p>\n<p>&nbsp;<\/p>\n<p><span style=\"font-weight: 400;\">Kar\u015f\u0131 bildirimi \u015eikayet\u00e7i Tarafa iletti\u011fimizde, ki\u015fisel bilgilerinizi i\u00e7erdi\u011fini l\u00fctfen unutmay\u0131n. Bir Kar\u015f\u0131 Bildirim g\u00f6ndererek, bilgilerinizin bu \u015fekilde if\u015fa edilmesine izin vermi\u015f olursunuz.<\/span><\/p>\n<p>&nbsp;<\/p>\n<p><span style=\"font-weight: 400;\">MyOnlinePorn.com, yukar\u0131daki gereksinimleri kar\u015f\u0131lamayan kar\u015f\u0131 bildirimlere yan\u0131t vermek zorunda de\u011fildir.<\/span><\/p>\n<p>&nbsp;<\/p>\n<h2><span style=\"font-weight: 400;\">\u0130hlal \u0130ddias\u0131 Geri \u00c7ekmeler &#8211;<\/span><\/h2>\n<p>&nbsp;<\/p>\n<p><span style=\"font-weight: 400;\">Bir Telif Hakk\u0131 \u0130hlali Bildirimi g\u00f6nderdikten sonra, i\u00e7eri\u011fi yanl\u0131\u015f tan\u0131mlad\u0131\u011f\u0131n\u0131z\u0131, DMCA&#8217;n\u0131n gerekliliklerine uymad\u0131\u011f\u0131n\u0131z\u0131 veya sadece fikrinizi de\u011fi\u015ftirdi\u011finizi fark etmeniz durumunda, bize a\u015fa\u011f\u0131dakilerin t\u00fcm\u00fcn\u00fc i\u00e7eren bir Geri \u00c7ekme Bildirimi g\u00f6ndererek Telif Hakk\u0131 \u0130hlali Bildiriminizi geri \u00e7ekebilirsiniz:<\/span><\/p>\n<p>&nbsp;<\/p>\n<p><span style=\"font-weight: 400;\">Telif Hakk\u0131 \u0130hlali Bildiriminizi geri \u00e7ekti\u011finizi belirten bir beyan;<\/span><\/p>\n<p><span style=\"font-weight: 400;\">S\u00f6z konusu materyalin tam ve spesifik URL&#8217;si;<\/span><\/p>\n<p><span style=\"font-weight: 400;\">Elektronik bir imza; ve<\/span><\/p>\n<p><span style=\"font-weight: 400;\">Orijinal Telif Hakk\u0131 \u0130hlali Bildiriminizin bir kopyas\u0131.<\/span><\/p>\n<p><span style=\"font-weight: 400;\">Tekrarlanan Su\u00e7lular &#8211;<\/span><\/p>\n<p>&nbsp;<\/p>\n<p><span style=\"font-weight: 400;\">MyOnlinePorn.com, uygun oldu\u011funda tekrar eden telif hakk\u0131 ihlalcilerinin hesaplar\u0131n\u0131 sonland\u0131r\u0131r ve 17 U.S.C. \u00a7 512(i) uyar\u0131nca bir Tekrar Eden \u0130hlalci Politikas\u0131 s\u00fcrd\u00fcr\u00fcr.<\/span><\/p>\n<p>&nbsp;<\/p>\n<p><span style=\"font-weight: 400;\">* * *<\/span><\/p>\n<p>&nbsp;<\/p>\n<p><span style=\"font-weight: 400;\">Bu Telif Hakk\u0131 \u0130hlali Bildirim Talimatlar\u0131 zaman zaman bildirimde bulunmaks\u0131z\u0131n de\u011fi\u015ftirilebilir ve de\u011fi\u015ftirilecektir. Bu Telif Hakk\u0131 Bildirim Talimatlar\u0131n\u0131 d\u00fczenli olarak g\u00f6zden ge\u00e7irmekten yaln\u0131zca siz sorumlusunuz.<\/span><\/p>\n<p>&nbsp;<\/p>\n            <\/div>\n        <\/div>\n    <\/div>\n<\/section>","protected":false},"excerpt":{"rendered":"","protected":false},"author":2,"featured_media":0,"parent":0,"menu_order":0,"comment_status":"closed","ping_status":"closed","template":"","meta":{"_acf_changed":false,"footnotes":""},"class_list":["post-21391","page","type-page","status-publish","hentry"],"acf":[],"rankMath":{"parentDomain":"myonlineporn.com","noFollowDomains":[],"noFollowExcludeDomains":[],"noFollowExternalLinks":false,"featuredImageNotice":"\u00d6ne \u00e7\u0131kan g\u00f6rsel, Facebook ve di\u011fer sosyal medya siteleri taraf\u0131ndan al\u0131nabilmesi i\u00e7in en az 200 x 200 piksel olmal\u0131d\u0131r.","pluginReviewed":false,"postSettings":{"linkSuggestions":true,"useFocusKeyword":false},"frontEndScore":false,"postName":"dmca","permalinkFormat":"https:\/\/myonlineporn.com\/tr\/%pagename%\/","showLockModifiedDate":true,"assessor":{"focusKeywordLink":"https:\/\/myonlineporn.com\/wp-admin\/edit.php?focus_keyword=%focus_keyword%&post_type=%post_type%","hasTOCPlugin":false,"primaryTaxonomy":false,"serpData":{"title":"%customfield(translated_title)% %page% %sep% %sitename%","description":"","focusKeywords":"","pillarContent":false,"canonicalUrl":"","breadcrumbTitle":"","advancedRobots":{"max-snippet":"-1","max-video-preview":"-1","max-image-preview":"large"},"facebookTitle":"","facebookDescription":"","facebookImage":"","facebookImageID":"","facebookHasOverlay":false,"facebookImageOverlay":"","facebookAuthor":"","twitterCardType":"","twitterUseFacebook":true,"twitterTitle":"","twitterDescription":"","twitterImage":"","twitterImageID":"","twitterHasOverlay":false,"twitterImageOverlay":"","twitterPlayerUrl":"","twitterPlayerSize":"","twitterPlayerStream":"","twitterPlayerStreamCtype":"","twitterAppDescription":"","twitterAppIphoneName":"","twitterAppIphoneID":"","twitterAppIphoneUrl":"","twitterAppIpadName":"","twitterAppIpadID":"","twitterAppIpadUrl":"","twitterAppGoogleplayName":"","twitterAppGoogleplayID":"","twitterAppGoogleplayUrl":"","twitterAppCountry":"","robots":{"index":true},"twitterAuthor":"kullan\u0131c\u0131 ad\u0131","primaryTerm":0,"authorName":"Maurice","titleTemplate":"%title% %page% %sep% %sitename%","descriptionTemplate":"%excerpt%","showScoreFrontend":true,"lockModifiedDate":false},"powerWords":[],"diacritics":{"A":"[\\u0041\\u24B6\\uFF21\\u00C0\\u00C1\\u00C2\\u1EA6\\u1EA4\\u1EAA\\u1EA8\\u00C3\\u0100\\u0102\\u1EB0\\u1EAE\\u1EB4\\u1EB2\\u0226\\u01E0\\u00C4\\u01DE\\u1EA2\\u00C5\\u01FA\\u01CD\\u0200\\u0202\\u1EA0\\u1EAC\\u1EB6\\u1E00\\u0104\\u023A\\u2C6F]","AA":"[\\uA732]","AE":"[\\u00C6\\u01FC\\u01E2]","AO":"[\\uA734]","AU":"[\\uA736]","AV":"[\\uA738\\uA73A]","AY":"[\\uA73C]","B":"[\\u0042\\u24B7\\uFF22\\u1E02\\u1E04\\u1E06\\u0243\\u0182\\u0181]","C":"[\\u0043\\u24B8\\uFF23\\u0106\\u0108\\u010A\\u010C\\u00C7\\u1E08\\u0187\\u023B\\uA73E]","D":"[\\u0044\\u24B9\\uFF24\\u1E0A\\u010E\\u1E0C\\u1E10\\u1E12\\u1E0E\\u0110\\u018B\\u018A\\u0189\\uA779]","DZ":"[\\u01F1\\u01C4]","Dz":"[\\u01F2\\u01C5]","E":"[\\u0045\\u24BA\\uFF25\\u00C8\\u00C9\\u00CA\\u1EC0\\u1EBE\\u1EC4\\u1EC2\\u1EBC\\u0112\\u1E14\\u1E16\\u0114\\u0116\\u00CB\\u1EBA\\u011A\\u0204\\u0206\\u1EB8\\u1EC6\\u0228\\u1E1C\\u0118\\u1E18\\u1E1A\\u0190\\u018E]","F":"[\\u0046\\u24BB\\uFF26\\u1E1E\\u0191\\uA77B]","G":"[\\u0047\\u24BC\\uFF27\\u01F4\\u011C\\u1E20\\u011E\\u0120\\u01E6\\u0122\\u01E4\\u0193\\uA7A0\\uA77D\\uA77E]","H":"[\\u0048\\u24BD\\uFF28\\u0124\\u1E22\\u1E26\\u021E\\u1E24\\u1E28\\u1E2A\\u0126\\u2C67\\u2C75\\uA78D]","I":"[\\u0049\\u24BE\\uFF29\\u00CC\\u00CD\\u00CE\\u0128\\u012A\\u012C\\u0130\\u00CF\\u1E2E\\u1EC8\\u01CF\\u0208\\u020A\\u1ECA\\u012E\\u1E2C\\u0197]","J":"[\\u004A\\u24BF\\uFF2A\\u0134\\u0248]","K":"[\\u004B\\u24C0\\uFF2B\\u1E30\\u01E8\\u1E32\\u0136\\u1E34\\u0198\\u2C69\\uA740\\uA742\\uA744\\uA7A2]","L":"[\\u004C\\u24C1\\uFF2C\\u013F\\u0139\\u013D\\u1E36\\u1E38\\u013B\\u1E3C\\u1E3A\\u0141\\u023D\\u2C62\\u2C60\\uA748\\uA746\\uA780]","LJ":"[\\u01C7]","Lj":"[\\u01C8]","M":"[\\u004D\\u24C2\\uFF2D\\u1E3E\\u1E40\\u1E42\\u2C6E\\u019C]","N":"[\\u004E\\u24C3\\uFF2E\\u01F8\\u0143\\u00D1\\u1E44\\u0147\\u1E46\\u0145\\u1E4A\\u1E48\\u0220\\u019D\\uA790\\uA7A4]","NJ":"[\\u01CA]","Nj":"[\\u01CB]","O":"[\\u004F\\u24C4\\uFF2F\\u00D2\\u00D3\\u00D4\\u1ED2\\u1ED0\\u1ED6\\u1ED4\\u00D5\\u1E4C\\u022C\\u1E4E\\u014C\\u1E50\\u1E52\\u014E\\u022E\\u0230\\u00D6\\u022A\\u1ECE\\u0150\\u01D1\\u020C\\u020E\\u01A0\\u1EDC\\u1EDA\\u1EE0\\u1EDE\\u1EE2\\u1ECC\\u1ED8\\u01EA\\u01EC\\u00D8\\u01FE\\u0186\\u019F\\uA74A\\uA74C]","OI":"[\\u01A2]","OO":"[\\uA74E]","OU":"[\\u0222]","P":"[\\u0050\\u24C5\\uFF30\\u1E54\\u1E56\\u01A4\\u2C63\\uA750\\uA752\\uA754]","Q":"[\\u0051\\u24C6\\uFF31\\uA756\\uA758\\u024A]","R":"[\\u0052\\u24C7\\uFF32\\u0154\\u1E58\\u0158\\u0210\\u0212\\u1E5A\\u1E5C\\u0156\\u1E5E\\u024C\\u2C64\\uA75A\\uA7A6\\uA782]","S":"[\\u0053\\u24C8\\uFF33\\u1E9E\\u015A\\u1E64\\u015C\\u1E60\\u0160\\u1E66\\u1E62\\u1E68\\u0218\\u015E\\u2C7E\\uA7A8\\uA784]","T":"[\\u0054\\u24C9\\uFF34\\u1E6A\\u0164\\u1E6C\\u021A\\u0162\\u1E70\\u1E6E\\u0166\\u01AC\\u01AE\\u023E\\uA786]","TZ":"[\\uA728]","U":"[\\u0055\\u24CA\\uFF35\\u00D9\\u00DA\\u00DB\\u0168\\u1E78\\u016A\\u1E7A\\u016C\\u00DC\\u01DB\\u01D7\\u01D5\\u01D9\\u1EE6\\u016E\\u0170\\u01D3\\u0214\\u0216\\u01AF\\u1EEA\\u1EE8\\u1EEE\\u1EEC\\u1EF0\\u1EE4\\u1E72\\u0172\\u1E76\\u1E74\\u0244]","V":"[\\u0056\\u24CB\\uFF36\\u1E7C\\u1E7E\\u01B2\\uA75E\\u0245]","VY":"[\\uA760]","W":"[\\u0057\\u24CC\\uFF37\\u1E80\\u1E82\\u0174\\u1E86\\u1E84\\u1E88\\u2C72]","X":"[\\u0058\\u24CD\\uFF38\\u1E8A\\u1E8C]","Y":"[\\u0059\\u24CE\\uFF39\\u1EF2\\u00DD\\u0176\\u1EF8\\u0232\\u1E8E\\u0178\\u1EF6\\u1EF4\\u01B3\\u024E\\u1EFE]","Z":"[\\u005A\\u24CF\\uFF3A\\u0179\\u1E90\\u017B\\u017D\\u1E92\\u1E94\\u01B5\\u0224\\u2C7F\\u2C6B\\uA762]","a":"[\\u0061\\u24D0\\uFF41\\u1E9A\\u00E0\\u00E1\\u00E2\\u1EA7\\u1EA5\\u1EAB\\u1EA9\\u00E3\\u0101\\u0103\\u1EB1\\u1EAF\\u1EB5\\u1EB3\\u0227\\u01E1\\u00E4\\u01DF\\u1EA3\\u00E5\\u01FB\\u01CE\\u0201\\u0203\\u1EA1\\u1EAD\\u1EB7\\u1E01\\u0105\\u2C65\\u0250]","aa":"[\\uA733]","ae":"[\\u00E6\\u01FD\\u01E3]","ao":"[\\uA735]","au":"[\\uA737]","av":"[\\uA739\\uA73B]","ay":"[\\uA73D]","b":"[\\u0062\\u24D1\\uFF42\\u1E03\\u1E05\\u1E07\\u0180\\u0183\\u0253]","c":"[\\u0063\\u24D2\\uFF43\\u0107\\u0109\\u010B\\u010D\\u00E7\\u1E09\\u0188\\u023C\\uA73F\\u2184]","d":"[\\u0064\\u24D3\\uFF44\\u1E0B\\u010F\\u1E0D\\u1E11\\u1E13\\u1E0F\\u0111\\u018C\\u0256\\u0257\\uA77A]","dz":"[\\u01F3\\u01C6]","e":"[\\u0065\\u24D4\\uFF45\\u00E8\\u00E9\\u00EA\\u1EC1\\u1EBF\\u1EC5\\u1EC3\\u1EBD\\u0113\\u1E15\\u1E17\\u0115\\u0117\\u00EB\\u1EBB\\u011B\\u0205\\u0207\\u1EB9\\u1EC7\\u0229\\u1E1D\\u0119\\u1E19\\u1E1B\\u0247\\u025B\\u01DD]","f":"[\\u0066\\u24D5\\uFF46\\u1E1F\\u0192\\uA77C]","g":"[\\u0067\\u24D6\\uFF47\\u01F5\\u011D\\u1E21\\u011F\\u0121\\u01E7\\u0123\\u01E5\\u0260\\uA7A1\\u1D79\\uA77F]","h":"[\\u0068\\u24D7\\uFF48\\u0125\\u1E23\\u1E27\\u021F\\u1E25\\u1E29\\u1E2B\\u1E96\\u0127\\u2C68\\u2C76\\u0265]","hv":"[\\u0195]","i":"[\\u0069\\u24D8\\uFF49\\u00EC\\u00ED\\u00EE\\u0129\\u012B\\u012D\\u00EF\\u1E2F\\u1EC9\\u01D0\\u0209\\u020B\\u1ECB\\u012F\\u1E2D\\u0268\\u0131]","j":"[\\u006A\\u24D9\\uFF4A\\u0135\\u01F0\\u0249]","k":"[\\u006B\\u24DA\\uFF4B\\u1E31\\u01E9\\u1E33\\u0137\\u1E35\\u0199\\u2C6A\\uA741\\uA743\\uA745\\uA7A3]","l":"[\\u006C\\u24DB\\uFF4C\\u0140\\u013A\\u013E\\u1E37\\u1E39\\u013C\\u1E3D\\u1E3B\\u017F\\u0142\\u019A\\u026B\\u2C61\\uA749\\uA781\\uA747]","lj":"[\\u01C9]","m":"[\\u006D\\u24DC\\uFF4D\\u1E3F\\u1E41\\u1E43\\u0271\\u026F]","n":"[\\u006E\\u24DD\\uFF4E\\u01F9\\u0144\\u00F1\\u1E45\\u0148\\u1E47\\u0146\\u1E4B\\u1E49\\u019E\\u0272\\u0149\\uA791\\uA7A5]","nj":"[\\u01CC]","o":"[\\u006F\\u24DE\\uFF4F\\u00F2\\u00F3\\u00F4\\u1ED3\\u1ED1\\u1ED7\\u1ED5\\u00F5\\u1E4D\\u022D\\u1E4F\\u014D\\u1E51\\u1E53\\u014F\\u022F\\u0231\\u00F6\\u022B\\u1ECF\\u0151\\u01D2\\u020D\\u020F\\u01A1\\u1EDD\\u1EDB\\u1EE1\\u1EDF\\u1EE3\\u1ECD\\u1ED9\\u01EB\\u01ED\\u00F8\\u01FF\\u0254\\uA74B\\uA74D\\u0275]","oi":"[\\u01A3]","ou":"[\\u0223]","oo":"[\\uA74F]","p":"[\\u0070\\u24DF\\uFF50\\u1E55\\u1E57\\u01A5\\u1D7D\\uA751\\uA753\\uA755]","q":"[\\u0071\\u24E0\\uFF51\\u024B\\uA757\\uA759]","r":"[\\u0072\\u24E1\\uFF52\\u0155\\u1E59\\u0159\\u0211\\u0213\\u1E5B\\u1E5D\\u0157\\u1E5F\\u024D\\u027D\\uA75B\\uA7A7\\uA783]","s":"[\\u0073\\u24E2\\uFF53\\u015B\\u1E65\\u015D\\u1E61\\u0161\\u1E67\\u1E63\\u1E69\\u0219\\u015F\\u023F\\uA7A9\\uA785\\u1E9B]","ss":"[\\u00DF]","t":"[\\u0074\\u24E3\\uFF54\\u1E6B\\u1E97\\u0165\\u1E6D\\u021B\\u0163\\u1E71\\u1E6F\\u0167\\u01AD\\u0288\\u2C66\\uA787]","tz":"[\\uA729]","u":"[\\u0075\\u24E4\\uFF55\\u00F9\\u00FA\\u00FB\\u0169\\u1E79\\u016B\\u1E7B\\u016D\\u00FC\\u01DC\\u01D8\\u01D6\\u01DA\\u1EE7\\u016F\\u0171\\u01D4\\u0215\\u0217\\u01B0\\u1EEB\\u1EE9\\u1EEF\\u1EED\\u1EF1\\u1EE5\\u1E73\\u0173\\u1E77\\u1E75\\u0289]","v":"[\\u0076\\u24E5\\uFF56\\u1E7D\\u1E7F\\u028B\\uA75F\\u028C]","vy":"[\\uA761]","w":"[\\u0077\\u24E6\\uFF57\\u1E81\\u1E83\\u0175\\u1E87\\u1E85\\u1E98\\u1E89\\u2C73]","x":"[\\u0078\\u24E7\\uFF58\\u1E8B\\u1E8D]","y":"[\\u0079\\u24E8\\uFF59\\u1EF3\\u00FD\\u0177\\u1EF9\\u0233\\u1E8F\\u00FF\\u1EF7\\u1E99\\u1EF5\\u01B4\\u024F\\u1EFF]","z":"[\\u007A\\u24E9\\uFF5A\\u017A\\u1E91\\u017C\\u017E\\u1E93\\u1E95\\u01B6\\u0225\\u0240\\u2C6C\\uA763]"},"researchesTests":["contentHasTOC","contentHasShortParagraphs","contentHasAssets","keywordInTitle","keywordInMetaDescription","keywordInPermalink","keywordIn10Percent","keywordInContent","keywordInSubheadings","keywordInImageAlt","keywordDensity","keywordNotUsed","lengthContent","lengthPermalink","linksHasInternal","linksHasExternals","linksNotAllExternals","titleStartWithKeyword","titleSentiment","titleHasPowerWords","titleHasNumber","hasContentAI"],"hasRedirection":true,"hasBreadcrumb":true},"homeUrl":"https:\/\/myonlineporn.com\/tr\/","objectID":21391,"objectType":"post","locale":"tr","localeFull":"tr_TR","overlayImages":{"play":{"name":"Oynatma simgesi","url":"https:\/\/myonlineporn.com\/wp-content\/plugins\/seo-by-rank-math\/assets\/admin\/img\/icon-play.png","path":"\/home\/u317619901\/domains\/myonlineporn.com\/public_html\/wp-content\/plugins\/seo-by-rank-math\/assets\/admin\/img\/icon-play.png","position":"middle_center"},"gif":{"name":"GIF simgesi","url":"https:\/\/myonlineporn.com\/wp-content\/plugins\/seo-by-rank-math\/assets\/admin\/img\/icon-gif.png","path":"\/home\/u317619901\/domains\/myonlineporn.com\/public_html\/wp-content\/plugins\/seo-by-rank-math\/assets\/admin\/img\/icon-gif.png","position":"middle_center"}},"defautOgImage":"https:\/\/myonlineporn.com\/wp-content\/plugins\/seo-by-rank-math\/assets\/admin\/img\/social-placeholder.jpg","customPermalinks":true,"isUserRegistered":false,"autoSuggestKeywords":false,"connectSiteUrl":"https:\/\/rankmath.com\/auth?site=https%3A%2F%2Fmyonlineporn.com%2Ftr%2F&r=https%3A%2F%2Fmyonlineporn.com%2Ftr%2Fwp-json%2Fwp%2Fv2%2Fpages%2F21391%3Fnonce%3Db5cb3471f8","maxTags":5,"trendsIcon":"<svg viewBox=\"0 0 610 610\"><path d=\"M18.85,446,174.32,290.48l58.08,58.08L76.93,504a14.54,14.54,0,0,1-20.55,0L18.83,466.48a14.54,14.54,0,0,1,0-20.55Z\" style=\"fill:#4285f4\"\/><path d=\"M242.65,242.66,377.59,377.6l-47.75,47.75a14.54,14.54,0,0,1-20.55,0L174.37,290.43l47.75-47.75A14.52,14.52,0,0,1,242.65,242.66Z\" style=\"fill:#ea4335\"\/><polygon points=\"319.53 319.53 479.26 159.8 537.34 217.88 377.61 377.62 319.53 319.53\" style=\"fill:#fabb05\"\/><path d=\"M594.26,262.73V118.61h0a16.94,16.94,0,0,0-16.94-16.94H433.2a16.94,16.94,0,0,0-12,28.92L565.34,274.71h0a16.94,16.94,0,0,0,28.92-12Z\" style=\"fill:#34a853\"\/><rect width=\"610\" height=\"610\" style=\"fill:none\"\/><\/svg>","showScore":true,"siteFavIcon":"https:\/\/myonlineporn.com\/wp-content\/uploads\/2024\/03\/footer_logo.png","canUser":{"general":false,"advanced":false,"snippet":false,"social":false,"analysis":false,"analytics":false,"content_ai":false},"showKeywordIntent":true,"isPro":false,"is_front_page":false,"trendsUpgradeLink":"https:\/\/rankmath.com\/pricing\/?utm_source=Plugin&utm_medium=CE%20General%20Tab%20Trends&utm_campaign=WP","trendsUpgradeLabel":"Y\u00fckseltin","trendsPreviewImage":"https:\/\/myonlineporn.com\/wp-content\/plugins\/seo-by-rank-math\/assets\/admin\/img\/trends-preview.jpg","currentEditor":false,"homepageData":{"assessor":{"powerWords":[],"diacritics":true,"researchesTests":["contentHasTOC","contentHasShortParagraphs","contentHasAssets","keywordInTitle","keywordInMetaDescription","keywordInPermalink","keywordIn10Percent","keywordInContent","keywordInSubheadings","keywordInImageAlt","keywordDensity","keywordNotUsed","lengthContent","lengthPermalink","linksHasInternal","linksHasExternals","linksNotAllExternals","titleStartWithKeyword","titleSentiment","titleHasPowerWords","titleHasNumber","hasContentAI"],"hasBreadcrumb":true,"serpData":{"title":false,"description":"","titleTemplate":"%sitename% %page% %sep% %sitedesc%","descriptionTemplate":"","focusKeywords":"","breadcrumbTitle":"Home","robots":{"index":true},"advancedRobots":{"max-snippet":"-1","max-video-preview":"-1","max-image-preview":"large"},"facebookTitle":"","facebookDescription":"","facebookImage":"","facebookImageID":""}}},"tocTitle":"Table of Contents","tocExcludeHeadings":[],"listStyle":"div"},"_links":{"self":[{"href":"https:\/\/myonlineporn.com\/tr\/wp-json\/wp\/v2\/pages\/21391","targetHints":{"allow":["GET"]}}],"collection":[{"href":"https:\/\/myonlineporn.com\/tr\/wp-json\/wp\/v2\/pages"}],"about":[{"href":"https:\/\/myonlineporn.com\/tr\/wp-json\/wp\/v2\/types\/page"}],"author":[{"embeddable":true,"href":"https:\/\/myonlineporn.com\/tr\/wp-json\/wp\/v2\/users\/2"}],"replies":[{"embeddable":true,"href":"https:\/\/myonlineporn.com\/tr\/wp-json\/wp\/v2\/comments?post=21391"}],"version-history":[{"count":0,"href":"https:\/\/myonlineporn.com\/tr\/wp-json\/wp\/v2\/pages\/21391\/revisions"}],"wp:attachment":[{"href":"https:\/\/myonlineporn.com\/tr\/wp-json\/wp\/v2\/media?parent=21391"}],"curies":[{"name":"wp","href":"https:\/\/api.w.org\/{rel}","templated":true}]}}